{"id":1013,"date":"2024-11-29T10:43:04","date_gmt":"2024-11-29T10:43:04","guid":{"rendered":"https:\/\/casinoutenblokkering.com\/?page_id=1013"},"modified":"2024-11-29T10:43:05","modified_gmt":"2024-11-29T10:43:05","slug":"skatteplikt","status":"publish","type":"page","link":"http:\/\/casinoutenblokkering.com\/casino-skatt\/skatteplikt","title":{"rendered":"Skatteplikt for gevinster fra online pengespill for norske spillere"},"content":{"rendered":"\n<p>Mange som spiller p\u00e5 nett er usikre p\u00e5 hvilke gevinster som er skattefrie og hvilke som kan f\u00f8re til skatteplikt. For \u00e5 unng\u00e5 problemer med Skatteetaten er det viktig \u00e5 forst\u00e5 reglene. Denne artikkelen gir en oversikt over hva du trenger \u00e5 vite om skatt p\u00e5 casinogevinster, poker- og sportsbettinggevinster, samt hvordan du korrekt rapporterer gevinster i selvangivelsen.<\/p>\n\n\n\n<p>I tillegg vil vi gi deg noen praktiske tips for \u00e5 unng\u00e5 vanlige feil som kan f\u00f8re til at du f\u00e5r ubehagelige skattemessige overraskelser. Uansett om du spiller p\u00e5 norske eller utenlandske casinoer, er det viktig \u00e5 v\u00e6re bevisst p\u00e5 regler om skatteplikt for \u00e5 sikre at du f\u00f8lger loven og unng\u00e5r ubehagelige skattekrav senere.<\/p>\n\n\n\n<h2 class=\"wp-block-heading\">Generelle regler for skatteplikt for norske spillere<\/h2>\n\n\n\n<p>N\u00e5r du vinner p\u00e5 pengespill, er det viktig \u00e5 vite hvilke gevinster du m\u00e5 betale skatt av, og hvilke som er skattefrie. Vi skal her gi deg en rask gjennomgang av de generelle reglene for <a href=\"https:\/\/casinoutenblokkering.com\/casino-skatt\">casino skatt<\/a>, b\u00e5de hos norske og utenlandske casinoer.<\/p>\n\n\n\n<h3 class=\"wp-block-heading\">Gevinster uten skatteplikt hos norske spillselskaper<\/h3>\n\n\n\n<p>Hvis du spiller hos Norsk Tipping eller andre lisensierte <a href=\"https:\/\/casinoutenblokkering.com\/norske-spillselskaper\">norske spillselskaper<\/a>, trenger du ikke bekymre deg for skatt. Gevinster fra spill som Lotto, Vikinglotto, Eurojackpot og andre Norsk Tipping-spill er nemlig skattefrie.&nbsp;<\/p>\n\n\n\n<p>Grunnen til at disse gevinstene er skattefrie, er at overskuddet fra slike spill g\u00e5r til veldedige form\u00e5l. Skattefriheten gjelder uansett hvor stor gevinsten er. Du slipper \u00e5 rapportere noe, og hele premien er din.<\/p>\n\n\n\n<h3 class=\"wp-block-heading\">Skatteplikt p\u00e5 gevinster fra utenlandske spillselskaper<\/h3>\n\n\n\n<p><a href=\"https:\/\/casinoutenblokkering.com\/casino-skatt\/utenlandske\">Skatt for gevinster fra utenlandske nettcasinoer<\/a> fungerer annerledes. Her kan gevinstene dine v\u00e6re skattepliktige, og du m\u00e5 selv rapportere dem til Skatteetaten. Dette skyldes at utenlandske spillselskaper ikke rapporterer direkte til norske myndigheter.<\/p>\n\n\n\n<h4 class=\"wp-block-heading\"><strong>To viktige terskler:<\/strong><\/h4>\n\n\n\n<ul class=\"wp-block-list\">\n<li><strong>Enkeltgevinster p\u00e5 10.000 kr eller mer:<\/strong><strong><br><\/strong> Hvis du vinner 10.000 kr eller mer fra \u00e9n innsats, m\u00e5 gevinsten rapporteres og beskattes. Det spiller ingen rolle hvor mye du har satset totalt, kun st\u00f8rrelsen p\u00e5 den enkelte gevinsten teller.<\/li>\n\n\n\n<li><strong>\u00c5rlig gevinst p\u00e5 100.000 kr eller mer:<\/strong><strong><br><\/strong> Hvis du i l\u00f8pet av et \u00e5r vinner til sammen 100.000 kr eller mer (etter at innsatsene er trukket fra), m\u00e5 du betale skatt p\u00e5 dette bel\u00f8pet.<\/li>\n<\/ul>\n\n\n\n<p>Skattesatsen p\u00e5 gevinster fra utenlandske spillselskaper er 22% (gjelder fra 2024).&nbsp;<\/p>\n\n\n\n<h2 class=\"wp-block-heading\">Hvordan rapportere gevinster med skatteplikt fra online pengespill til Skatteetaten<\/h2>\n\n\n\n<p>For \u00e5 betale skatt p\u00e5 gevinster fra <a href=\"https:\/\/casinoutenblokkering.com\/utenlandske-spillselskaper\">utenlandske spillselskaper<\/a>, m\u00e5 du f\u00f8re dem opp i selvangivelsen. Slik gj\u00f8r du det:<\/p>\n\n\n\n<ul class=\"wp-block-list\">\n<li><strong>Steg 1: Logg inn p\u00e5 Altinn:<\/strong> Bruk BankID eller annen godkjent metode.<\/li>\n\n\n\n<li><strong>Steg 2: Finn selvangivelsen:<\/strong> G\u00e5 til den aktuelle selvangivelsen for inntekts\u00e5ret.<\/li>\n\n\n\n<li><strong>Steg 3: Fyll ut Post 3.1.12:<\/strong> Oppgi det totale bel\u00f8pet for skattepliktige casinogevinster under \u201cAnnen skattepliktig kapitalinntekt\u201d.<\/li>\n\n\n\n<li><strong>Steg 4: Legg til detaljer:<\/strong> Spesifiser gevinster i notatfeltet eller som vedlegg. Inkluder navn p\u00e5 casinoene, gevinstdatoer, bel\u00f8p, og eventuell dokumentasjon.<\/li>\n\n\n\n<li><strong>Steg 5: Send inn selvangivelsen:<\/strong> Husk \u00e5 levere innen fristen (30. april for de fleste).<\/li>\n<\/ul>\n\n\n\n<p>Skatteetaten kan be om dokumentasjon som viser detaljer om innsatsene og gevinstene dine. For \u00e5 stille forberedt, b\u00f8r du sikre f\u00f8lgende:<\/p>\n\n\n\n<ul class=\"wp-block-list\">\n<li>Be casinoet om utskrifter som viser alle spilltransaksjoner.<\/li>\n\n\n\n<li>Ta vare p\u00e5 kvitteringer eller skjermbilder som dokumenterer gevinstene.<\/li>\n\n\n\n<li>Hold oversikt over banktransaksjoner som viser utbetalinger fra casinoet.<\/li>\n<\/ul>\n\n\n\n<h2 class=\"wp-block-heading\">Hvordan Skatteetaten sporer gevinster fra online pengespill<\/h2>\n\n\n\n<p>N\u00e5r du spiller hos nettcasinoer eller driver med sportsbetting og poker, er det viktig \u00e5 vite at Skatteetaten kan f\u00f8lge med p\u00e5 pengetransaksjonene dine. Selv om utenlandske spillselskaper ikke rapporterer gevinstene dine direkte til Norge, har Skatteetaten flere metoder for \u00e5 spore inntekter fra pengespill.&nbsp;<\/p>\n\n\n\n<p>Som spiller er det ditt ansvar \u00e5 rapportere gevinster med skatteplikt i selvangivelsen. N\u00e5r du oppgir gevinstene dine under \u201cPost 3.1.12 \u2013 Annen skattepliktig kapitalinntekt,\u201d gir du Skatteetaten de n\u00f8dvendige opplysningene.<\/p>\n\n\n\n<p>Dersom du ikke rapporterer selv, risikerer du at Skatteetaten oppdager det gjennom andre sporingsmetoder.<\/p>\n\n\n\n<h3 class=\"wp-block-heading\">Transaksjoner via banken<\/h3>\n\n\n\n<p>Skatteetaten kan overv\u00e5ke banktransaksjoner, spesielt store innskudd og uttak som kan knyttes til pengespill. Hvis du ofte overf\u00f8rer penger mellom din private bankkonto og utenlandske spillselskaper, kan dette fange oppmerksomheten deres. Det samme gjelder om du ofte overf\u00f8rer penger mellom banken din og andre betalingsmetoder som er mye brukt til nettspill, slik som visse e-lommeb\u00f8ker.<\/p>\n\n\n\n<p>I slike tilfeller kan Skatteetaten be om innsyn i bankutskrifter hvis det oppst\u00e5r sp\u00f8rsm\u00e5l rundt inntektene dine.<\/p>\n\n\n\n<h3 class=\"wp-block-heading\">Dokumentasjon fra spillselskaper<\/h3>\n\n\n\n<p>Selv om utenlandske spillselskaper ikke automatisk rapporterer gevinstene dine til Norge, kan Skatteetaten be deg om dokumentasjon. Dette kan inkludere oversikter fra spillselskapet som viser innsatser, gevinster og tap.<\/p>\n\n\n\n<p>Det er derfor viktig \u00e5 oppbevare dokumentasjon fra spillsidene du bruker, spesielt dersom gevinstene dine overstiger tersklene for skatteplikt.<\/p>\n\n\n\n<h3 class=\"wp-block-heading\">Samarbeid mellom myndigheter<\/h3>\n\n\n\n<p>Selv om Norge ikke har direkte tilgang til rapporter fra utenlandske spillselskaper, kan internasjonale avtaler og samarbeid med andre land gj\u00f8re det lettere for Skatteetaten \u00e5 innhente informasjon. Dette gjelder s\u00e6rlig for selskaper som opererer innenfor EU og E\u00d8S, noe som er tilfelle for mange av de mest popul\u00e6re nettcasinoene blant norske spillere.<\/p>\n\n\n\n<h3 class=\"wp-block-heading\">Risikobasert kontroll<\/h3>\n\n\n\n<p>Skatteetaten bruker ofte en risikobasert tiln\u00e6rming for \u00e5 kontrollere hvem de unders\u00f8ker n\u00e6rmere. Personer med uvanlige banktransaksjoner eller mistenkelig lav inntekt i forhold til levekostnader, kan v\u00e6re i fokus. Ved \u00e5 se n\u00e6rmere p\u00e5 dine pengetransaksjoner kan de s\u00e5 spore pengene tilbake til et nettcasino, via banken din.&nbsp;<\/p>\n\n\n\n<h2 class=\"wp-block-heading\">Hvordan unng\u00e5 problemer med skatt p\u00e5 online pengespill?<\/h2>\n\n\n\n<p>Skatt p\u00e5 gevinster fra online pengespill kan virke forvirrende, men med riktig kunnskap kan du unng\u00e5 problemer. Her er noen praktiske tips for \u00e5 sikre at du f\u00f8lger reglene og unng\u00e5r skatteproblemer:<\/p>\n\n\n\n<h3 class=\"wp-block-heading\">1. Rapporter gevinster riktig i selvangivelsen<\/h3>\n\n\n\n<p>En av de viktigste tingene du kan gj\u00f8re for \u00e5 unng\u00e5 problemer med Skatteetaten, er \u00e5 rapportere gevinster p\u00e5 en korrekt m\u00e5te i selvangivelsen. Hvis du spiller hos utenlandske nettcasinoer er du ansvarlig for \u00e5 oppgi eventuelle skattepliktige gevinster.&nbsp;<\/p>\n\n\n\n<p>Du unng\u00e5r problemer ved \u00e5 fylle ut de riktige feltene i selvangivelsen. Spesifiser hvilke casinoer du har spilt hos, og oppgi gevinstene du har hatt.&nbsp;<\/p>\n\n\n\n<h3 class=\"wp-block-heading\">2. Hold orden p\u00e5 gevinster og innsatser<\/h3>\n\n\n\n<p>En annen viktig m\u00e5te \u00e5 unng\u00e5 problemer p\u00e5 er \u00e5 holde detaljert oversikt over alle gevinstene og innsatsene dine. Det er ditt ansvar \u00e5 dokumentere dette, da Skatteetaten kan be om bevis hvis de stiller sp\u00f8rsm\u00e5l.<\/p>\n\n\n\n<p>Be derfor alltid om oversikter fra ditt nettcasino som viser innsatser, gevinster og tap. S\u00f8rg spesielt for at du har dokumentasjon for st\u00f8rre gevinster som kan v\u00e6re skattepliktige.<\/p>\n\n\n\n<h3 class=\"wp-block-heading\">3. V\u00e6r oppmerksom p\u00e5 skattefrister<\/h3>\n\n\n\n<p>Hvis du ikke leverer selvangivelsen innen fristen, kan du f\u00e5 tilleggsskatt og renter. Skatteetaten har klare frister for innlevering, og det er viktig \u00e5 overholde disse for \u00e5 unng\u00e5 problemer.<\/p>\n\n\n\n<p>Lever derfor selvangivelsen innen fristene (30. april for l\u00f8nnsmottakere og 31. mai for n\u00e6ringsdrivende). Dobbeltsjekk at du har fylt ut alle n\u00f8dvendige opplysninger f\u00f8r du sender inn, og s\u00f8rg for at du har dokumentasjon i tilfelle dette kreves.<\/p>\n\n\n\n<h3 class=\"wp-block-heading\">4. Sette av penger til skatt<\/h3>\n\n\n\n<p>N\u00e5r du vinner hos et utenlandsk casino trekkes det ikke automatisk skatt fra gevinsten. Du m\u00e5 selv s\u00f8rge for at du setter av penger til skatt n\u00e5r gevinsten utbetales. Skattesatsen p\u00e5 gevinster fra utenlandske spillselskaper er 22 %.<\/p>\n\n\n\n<p>Husk at det kan g\u00e5 lang tid mellom n\u00e5r selve gevinsten oppn\u00e5s og n\u00e5r skatten m\u00e5 betales, s\u00e5 dette m\u00e5 du planlegge for. Merk at du kun skal betale skatt p\u00e5 nettoresultatet ditt, som er gevinster minus innsatsene.<\/p>\n\n\n\n<h3 class=\"wp-block-heading\">5. V\u00e6r \u00e6rlig og n\u00f8yaktig<\/h3>\n\n\n\n<p>En annen viktig faktor for \u00e5 unng\u00e5 problemer med skatt p\u00e5 online pengespill er \u00e5 v\u00e6re \u00e6rlig og n\u00f8yaktig i rapporteringen. Hvis du oppgir feil bel\u00f8p eller unnlater \u00e5 rapportere gevinster, kan du risikere \u00e5 f\u00e5 tilleggsskatt, renter eller straff.<\/p>\n\n\n\n<p>Oppgi derfor alle skattepliktige gevinster, ogs\u00e5 hvis du er usikker p\u00e5 bel\u00f8pene. Kontakt Skatteetaten hvis du er i tvil om hva som skal rapporteres.<\/p>\n\n\n\n<h3 class=\"wp-block-heading\">6. F\u00f8lg med p\u00e5 eventuelle endringer i skatteloven<\/h3>\n\n\n\n<p>Skattereglene kan endre seg, og det er viktig \u00e5 holde deg oppdatert p\u00e5 eventuelle endringer som kan p\u00e5virke hvordan du skal rapportere gevinstene dine. Du b\u00f8r ikke ta som en selvf\u00f8lge at reglene er de samme fra \u00e5r til \u00e5r.<\/p>\n\n\n\n<p>F\u00f8lg med p\u00e5 nyheter og informasjon fra Skatteetaten om skatt p\u00e5 pengespill. Sjekk nettsidene deres for eventuelle oppdateringer p\u00e5 reglene f\u00f8r du fyller ut selvangivelsen.<\/p>\n\n\n\n<h2 class=\"wp-block-heading\">Konklusjon<\/h2>\n\n\n\n<p>Skatt p\u00e5 gevinster fra pengespill p\u00e5 nett kan v\u00e6re et kompleks tema, men med riktig informasjon og forberedelse kan du enkelt unng\u00e5 problemer. Det er viktig \u00e5 forst\u00e5 reglene for skattepliktige og skattefrie gevinster, spesielt n\u00e5r du spiller hos utenlandske casinoer. Ved \u00e5 rapportere gevinster korrekt i selvangivelsen, holde oversikt over innsatsene dine, og sette av penger til skatt, kan du v\u00e6re trygg p\u00e5 at du f\u00f8lger loven. \u00c5 v\u00e6re \u00e6rlig og n\u00f8yaktig i rapporteringen er ogs\u00e5 avgj\u00f8rende for \u00e5 unng\u00e5 ubehagelige overraskelser fra Skatteetaten.<\/p>\n\n\n\n<p>Husk at det er ditt ansvar \u00e5 s\u00f8rge for at du betaler skatt p\u00e5 gevinster som er skattepliktige. Med et systematisk forhold til b\u00e5de gevinster og skattefrister, kan du unng\u00e5 feil og f\u00e5 en enkel skatteprosess. Ved \u00e5 f\u00f8lge reglene kan du sikre at alt g\u00e5r rett for seg n\u00e5r det gjelder skattemyndighetene.<\/p>\n\n\n\n<ul class=\"wp-block-list\">\n<li>Gevinster fra norske lisensierte spillselskaper, som Norsk Tipping, er skattefrie, mens gevinster fra utenlandske casinoer kan v\u00e6re skattepliktige.<\/li>\n\n\n\n<li>Du m\u00e5 selv rapportere gevinster fra utenlandske nettcasinoer i selvangivelsen dersom de overstiger visse terskler.<\/li>\n\n\n\n<li>For \u00e5 unng\u00e5 problemer er det viktig \u00e5 holde oversikt over innsatsene og gevinstene dine, rapportere korrekt i selvangivelsen, og sette til side penger til skatt p\u00e5 gevinster fra utenlandske spillselskaper.<\/li>\n<\/ul>\n\n\n\n<h2 class=\"wp-block-heading\">Vanlige stilte sp\u00f8rsm\u00e5l<\/h2>\n\n\n\n<h3 class=\"wp-block-heading\">M\u00e5 jeg betale skatt p\u00e5 gevinster fra Norsk Tipping?<\/h3>\n\n\n\n<p>Nei, gevinster fra Norsk Tipping og andre norske godkjente spillselskaper er skattefrie, ettersom overskuddet g\u00e5r til veldedige form\u00e5l. Du trenger ikke \u00e5 rapportere disse gevinstene i selvangivelsen.<\/p>\n\n\n\n<h3 class=\"wp-block-heading\">Hva skjer hvis jeg ikke rapporterer skattepliktige casinogevinster?&nbsp;<\/h3>\n\n\n\n<p>Hvis du ikke rapporterer gevinster som er skattepliktige, kan du risikere tilleggsskatt, renter og straff fra Skatteetaten. Det er derfor viktig \u00e5 v\u00e6re n\u00f8yaktig og \u00e6rlig i selvangivelsen for \u00e5 unng\u00e5 problemer og potensielt h\u00f8yere kostnader.<\/p>\n\n\n\n<h3 class=\"wp-block-heading\">Hvordan vet jeg om gevinster fra utenlandske casinoer er skattepliktige?\u00a0<\/h3>\n\n\n\n<p>Du m\u00e5 betale skatt p\u00e5 gevinster fra utenlandske casinoer hvis \u00e9n gevinst er 10.000 kr eller mer, eller dersom dine samlede gevinster i l\u00f8pet av et \u00e5r overstiger 100.000 kr. Husk \u00e5 rapportere dette korrekt i selvangivelsen.<\/p>\n\n\n\n<h3 class=\"wp-block-heading\">Er det skatteplikt p\u00e5 gevinstene mine uavhengig av bel\u00f8pets st\u00f8rrelse?\u00a0<\/h3>\n\n\n\n<p>Nei, du trenger ikke \u00e5 betale skatt p\u00e5 sm\u00e5 gevinster fra utenlandske casinoer. Du betaler skatt hvis \u00e9n gevinst er 10.000 kr eller mer, eller hvis den totale gevinsten fra utenlandske casinoer overstiger 100.000 kr i l\u00f8pet av et \u00e5r.<\/p>\n\n\n\n<h3 class=\"wp-block-heading\">Hvordan rapporterer jeg casinogevinster p\u00e5 selvangivelsen?<\/h3>\n\n\n\n<p>For \u00e5 rapportere gevinster fra utenlandske casinoer, logg inn p\u00e5 Altinn, \u00e5pne selvangivelsen, og oppgi gevinstene under &#8220;Post 3.1.12 \u2013 Annen skattepliktig kapitalinntekt&#8221;. Husk \u00e5 spesifisere detaljene for hver gevinst og oppbevare dokumentasjon som kan bli etterspurt.<\/p>\n\n\n\n<p><\/p>\n","protected":false},"excerpt":{"rendered":"<p>Mange som spiller p\u00e5 nett er usikre p\u00e5 hvilke gevinster som er skattefrie og hvilke som kan f\u00f8re til skatteplikt. For \u00e5 unng\u00e5 problemer med Skatteetaten er det viktig \u00e5 forst\u00e5 reglene. Denne artikkelen gir en oversikt over hva du trenger \u00e5 vite om skatt p\u00e5 casinogevinster, poker- og sportsbettinggevinster, samt hvordan du korrekt rapporterer [&hellip;]<\/p>\n","protected":false},"author":3,"featured_media":0,"parent":676,"menu_order":0,"comment_status":"closed","ping_status":"closed","template":"","meta":{"footnotes":""},"class_list":["post-1013","page","type-page","status-publish","hentry"],"yoast_head":"<!-- This site is optimized with the Yoast SEO plugin v22.7 - https:\/\/yoast.com\/wordpress\/plugins\/seo\/ -->\n<title>Skatteplikt for nettcasino gevinster for norske spillere<\/title>\n<meta name=\"description\" content=\"Finn ut hva skatteplikt er ved gevinster fra pengespill p\u00e5 nett. L\u00e6r om rapportering for skatt p\u00e5 casinogevinster.\" \/>\n<meta name=\"robots\" content=\"index, follow, max-snippet:-1, max-image-preview:large, max-video-preview:-1\" \/>\n<link rel=\"canonical\" href=\"http:\/\/casinoutenblokkering.com\/casino-skatt\/skatteplikt\" \/>\n<meta property=\"og:locale\" content=\"en_GB\" \/>\n<meta property=\"og:type\" content=\"article\" \/>\n<meta property=\"og:title\" content=\"Skatteplikt for nettcasino gevinster for norske spillere\" \/>\n<meta property=\"og:description\" content=\"Finn ut hva skatteplikt er ved gevinster fra pengespill p\u00e5 nett. L\u00e6r om rapportering for skatt p\u00e5 casinogevinster.\" \/>\n<meta property=\"og:url\" content=\"http:\/\/casinoutenblokkering.com\/casino-skatt\/skatteplikt\" \/>\n<meta property=\"og:site_name\" content=\"Casino Uten Blokkering\" \/>\n<meta property=\"article:modified_time\" content=\"2024-11-29T10:43:05+00:00\" \/>\n<meta name=\"twitter:card\" content=\"summary_large_image\" \/>\n<meta name=\"twitter:label1\" content=\"Estimated reading time\" \/>\n\t<meta name=\"twitter:data1\" content=\"8 minutes\" \/>\n<script type=\"application\/ld+json\" class=\"yoast-schema-graph\">{\"@context\":\"https:\/\/schema.org\",\"@graph\":[{\"@type\":\"WebPage\",\"@id\":\"http:\/\/casinoutenblokkering.com\/casino-skatt\/skatteplikt\",\"url\":\"http:\/\/casinoutenblokkering.com\/casino-skatt\/skatteplikt\",\"name\":\"Skatteplikt for nettcasino gevinster for norske spillere\",\"isPartOf\":{\"@id\":\"http:\/\/casinoutenblokkering.com\/#website\"},\"datePublished\":\"2024-11-29T10:43:04+00:00\",\"dateModified\":\"2024-11-29T10:43:05+00:00\",\"description\":\"Finn ut hva skatteplikt er ved gevinster fra pengespill p\u00e5 nett. L\u00e6r om rapportering for skatt p\u00e5 casinogevinster.\",\"breadcrumb\":{\"@id\":\"http:\/\/casinoutenblokkering.com\/casino-skatt\/skatteplikt#breadcrumb\"},\"inLanguage\":\"en-GB\",\"potentialAction\":[{\"@type\":\"ReadAction\",\"target\":[\"http:\/\/casinoutenblokkering.com\/casino-skatt\/skatteplikt\"]}]},{\"@type\":\"BreadcrumbList\",\"@id\":\"http:\/\/casinoutenblokkering.com\/casino-skatt\/skatteplikt#breadcrumb\",\"itemListElement\":[{\"@type\":\"ListItem\",\"position\":1,\"name\":\"Home\",\"item\":\"http:\/\/casinoutenblokkering.com\/\"},{\"@type\":\"ListItem\",\"position\":2,\"name\":\"Casino skatt\",\"item\":\"http:\/\/casinoutenblokkering.com\/casino-skatt\"},{\"@type\":\"ListItem\",\"position\":3,\"name\":\"Skatteplikt for gevinster fra online pengespill for norske spillere\"}]},{\"@type\":\"WebSite\",\"@id\":\"http:\/\/casinoutenblokkering.com\/#website\",\"url\":\"http:\/\/casinoutenblokkering.com\/\",\"name\":\"Casino Uten Blokkering\",\"description\":\"Alt du trenger for en smartere spillstrategi i Norge!\",\"publisher\":{\"@id\":\"http:\/\/casinoutenblokkering.com\/#organization\"},\"potentialAction\":[{\"@type\":\"SearchAction\",\"target\":{\"@type\":\"EntryPoint\",\"urlTemplate\":\"http:\/\/casinoutenblokkering.com\/?s={search_term_string}\"},\"query-input\":\"required name=search_term_string\"}],\"inLanguage\":\"en-GB\"},{\"@type\":\"Organization\",\"@id\":\"http:\/\/casinoutenblokkering.com\/#organization\",\"name\":\"Casino Uten Blokkering\",\"url\":\"http:\/\/casinoutenblokkering.com\/\",\"logo\":{\"@type\":\"ImageObject\",\"inLanguage\":\"en-GB\",\"@id\":\"http:\/\/casinoutenblokkering.com\/#\/schema\/logo\/image\/\",\"url\":\"http:\/\/casinoutenblokkering.com\/wp-content\/uploads\/2024\/07\/cropped-casinoutenblokkering-logo.webp\",\"contentUrl\":\"http:\/\/casinoutenblokkering.com\/wp-content\/uploads\/2024\/07\/cropped-casinoutenblokkering-logo.webp\",\"width\":300,\"height\":263,\"caption\":\"Casino Uten Blokkering\"},\"image\":{\"@id\":\"http:\/\/casinoutenblokkering.com\/#\/schema\/logo\/image\/\"}}]}<\/script>\n<!-- \/ Yoast SEO plugin. -->","yoast_head_json":{"title":"Skatteplikt for nettcasino gevinster for norske spillere","description":"Finn ut hva skatteplikt er ved gevinster fra pengespill p\u00e5 nett. L\u00e6r om rapportering for skatt p\u00e5 casinogevinster.","robots":{"index":"index","follow":"follow","max-snippet":"max-snippet:-1","max-image-preview":"max-image-preview:large","max-video-preview":"max-video-preview:-1"},"canonical":"http:\/\/casinoutenblokkering.com\/casino-skatt\/skatteplikt","og_locale":"en_GB","og_type":"article","og_title":"Skatteplikt for nettcasino gevinster for norske spillere","og_description":"Finn ut hva skatteplikt er ved gevinster fra pengespill p\u00e5 nett. L\u00e6r om rapportering for skatt p\u00e5 casinogevinster.","og_url":"http:\/\/casinoutenblokkering.com\/casino-skatt\/skatteplikt","og_site_name":"Casino Uten Blokkering","article_modified_time":"2024-11-29T10:43:05+00:00","twitter_card":"summary_large_image","twitter_misc":{"Estimated reading time":"8 minutes"},"schema":{"@context":"https:\/\/schema.org","@graph":[{"@type":"WebPage","@id":"http:\/\/casinoutenblokkering.com\/casino-skatt\/skatteplikt","url":"http:\/\/casinoutenblokkering.com\/casino-skatt\/skatteplikt","name":"Skatteplikt for nettcasino gevinster for norske spillere","isPartOf":{"@id":"http:\/\/casinoutenblokkering.com\/#website"},"datePublished":"2024-11-29T10:43:04+00:00","dateModified":"2024-11-29T10:43:05+00:00","description":"Finn ut hva skatteplikt er ved gevinster fra pengespill p\u00e5 nett. L\u00e6r om rapportering for skatt p\u00e5 casinogevinster.","breadcrumb":{"@id":"http:\/\/casinoutenblokkering.com\/casino-skatt\/skatteplikt#breadcrumb"},"inLanguage":"en-GB","potentialAction":[{"@type":"ReadAction","target":["http:\/\/casinoutenblokkering.com\/casino-skatt\/skatteplikt"]}]},{"@type":"BreadcrumbList","@id":"http:\/\/casinoutenblokkering.com\/casino-skatt\/skatteplikt#breadcrumb","itemListElement":[{"@type":"ListItem","position":1,"name":"Home","item":"http:\/\/casinoutenblokkering.com\/"},{"@type":"ListItem","position":2,"name":"Casino skatt","item":"http:\/\/casinoutenblokkering.com\/casino-skatt"},{"@type":"ListItem","position":3,"name":"Skatteplikt for gevinster fra online pengespill for norske spillere"}]},{"@type":"WebSite","@id":"http:\/\/casinoutenblokkering.com\/#website","url":"http:\/\/casinoutenblokkering.com\/","name":"Casino Uten Blokkering","description":"Alt du trenger for en smartere spillstrategi i Norge!","publisher":{"@id":"http:\/\/casinoutenblokkering.com\/#organization"},"potentialAction":[{"@type":"SearchAction","target":{"@type":"EntryPoint","urlTemplate":"http:\/\/casinoutenblokkering.com\/?s={search_term_string}"},"query-input":"required name=search_term_string"}],"inLanguage":"en-GB"},{"@type":"Organization","@id":"http:\/\/casinoutenblokkering.com\/#organization","name":"Casino Uten Blokkering","url":"http:\/\/casinoutenblokkering.com\/","logo":{"@type":"ImageObject","inLanguage":"en-GB","@id":"http:\/\/casinoutenblokkering.com\/#\/schema\/logo\/image\/","url":"http:\/\/casinoutenblokkering.com\/wp-content\/uploads\/2024\/07\/cropped-casinoutenblokkering-logo.webp","contentUrl":"http:\/\/casinoutenblokkering.com\/wp-content\/uploads\/2024\/07\/cropped-casinoutenblokkering-logo.webp","width":300,"height":263,"caption":"Casino Uten Blokkering"},"image":{"@id":"http:\/\/casinoutenblokkering.com\/#\/schema\/logo\/image\/"}}]}},"_links":{"self":[{"href":"http:\/\/casinoutenblokkering.com\/index.php?rest_route=\/wp\/v2\/pages\/1013","targetHints":{"allow":["GET"]}}],"collection":[{"href":"http:\/\/casinoutenblokkering.com\/index.php?rest_route=\/wp\/v2\/pages"}],"about":[{"href":"http:\/\/casinoutenblokkering.com\/index.php?rest_route=\/wp\/v2\/types\/page"}],"author":[{"embeddable":true,"href":"http:\/\/casinoutenblokkering.com\/index.php?rest_route=\/wp\/v2\/users\/3"}],"replies":[{"embeddable":true,"href":"http:\/\/casinoutenblokkering.com\/index.php?rest_route=%2Fwp%2Fv2%2Fcomments&post=1013"}],"version-history":[{"count":2,"href":"http:\/\/casinoutenblokkering.com\/index.php?rest_route=\/wp\/v2\/pages\/1013\/revisions"}],"predecessor-version":[{"id":1017,"href":"http:\/\/casinoutenblokkering.com\/index.php?rest_route=\/wp\/v2\/pages\/1013\/revisions\/1017"}],"up":[{"embeddable":true,"href":"http:\/\/casinoutenblokkering.com\/index.php?rest_route=\/wp\/v2\/pages\/676"}],"wp:attachment":[{"href":"http:\/\/casinoutenblokkering.com\/index.php?rest_route=%2Fwp%2Fv2%2Fmedia&parent=1013"}],"curies":[{"name":"wp","href":"https:\/\/api.w.org\/{rel}","templated":true}]}}