{"id":621,"date":"2024-06-04T11:41:26","date_gmt":"2024-06-04T11:41:26","guid":{"rendered":"https:\/\/casinoutenblokkering.com\/?page_id=621"},"modified":"2024-08-12T19:56:41","modified_gmt":"2024-08-12T19:56:41","slug":"hva-dns-betyr","status":"publish","type":"page","link":"http:\/\/casinoutenblokkering.com\/lov-om-pengespill\/dns","title":{"rendered":"Hva DNS betyr"},"content":{"rendered":"\n<p>DNS st\u00e5r for Domain Name System, alts\u00e5 domenenavn-system p\u00e5 norsk. DNS er et navneoppslagsystem som brukes p\u00e5 internett for \u00e5 oversette domenenavn til IP-adresser. Det er viktig \u00e5 vite hva DNS betyr for \u00e5 v\u00e6re i stand til \u00e5 omg\u00e5 det.<\/p>\n\n\n\n<p>For eksempel kan casinoutenblokkering.com oversettes til en numerisk adresse. IP adresser benyttes for \u00e5 la datamaskiner identifisere og kommunisere med hverandre over nettet.&nbsp;<\/p>\n\n\n\n<p>Med andre ord fungerer DNS som en telefonkatalog for internett, der brukere kan finne IP-adresser ved \u00e5 angi lettforst\u00e5elige domenenavn.<\/p>\n\n\n\n<h2 class=\"wp-block-heading\">Hva er DNS?<\/h2>\n\n\n\n<p>DNS best\u00e5r av flere deler som lagrer informasjon om domenenavn og tilh\u00f8rende IP-adresser. Det er DNS-oppslag som er prosessen der en DNS-server sp\u00f8r andre servere for \u00e5 finne riktig IP-adresse for et gitt domenenavn. DNS-sp\u00f8rringer kan v\u00e6re rekursive eller iterative.&nbsp;<\/p>\n\n\n\n<ul class=\"wp-block-list\">\n<li>Recursive DNS-foresp\u00f8rsler er der en DNS-server sp\u00f8r andre servere p\u00e5 vegne av klienten.<\/li>\n\n\n\n<li>Iterative DNS-foresp\u00f8rsler er der klienten sp\u00f8r flere servere direkte.<\/li>\n<\/ul>\n\n\n\n<p>DNS er essensielt for internettets funksjon, ettersom det muliggj\u00f8r tilgang til nettsider og andre nettverkstjenester p\u00e5 en brukervennlig m\u00e5te.<\/p>\n\n\n\n<p>Systemet har en hierarkisk struktur med rotservere p\u00e5 toppen, etterfulgt av toppniv\u00e5domener som .no, .com, .org, og .net, og deretter autoritative navneservere som holder informasjon for spesifikke domenenavn.<\/p>\n\n\n\n<h2 class=\"wp-block-heading\">Hvordan DNS brukes \u2013 steg for steg<\/h2>\n\n\n\n<p>N\u00e5r du bruker DNS skjer en mengde trinn for \u00e5 oversette et domenenavn til en IP-adresse s\u00e5nn at du kan f\u00e5 tilgang til en nettside. Her er en detaljert forklaring av prosessen:<\/p>\n\n\n\n<ul class=\"wp-block-list\">\n<li><strong>Steg 1: Foresp\u00f8rsel fra bruker&nbsp;<\/strong><\/li>\n<\/ul>\n\n\n\n<p>Du skriver inn et domenenavn i nettleseren din, for eksempel www.casinoutenblokkering.com. For \u00e5 kunne laste inn denne nettsiden m\u00e5 nettleseren finne IP-adressen til dette domenenavnet.<\/p>\n\n\n\n<ul class=\"wp-block-list\">\n<li><strong>Steg 2: DNS resolver<\/strong><\/li>\n<\/ul>\n\n\n\n<p>Foresp\u00f8rselen sendes f\u00f8rst til en DNS resolver, ofte en del av din internettleverand\u00f8rs infrastruktur. Resolveren fungerer som en mellommann som h\u00e5ndterer foresp\u00f8rselen p\u00e5 vegne av klienten (alts\u00e5 nettleseren).<\/p>\n\n\n\n<ul class=\"wp-block-list\">\n<li><strong>Steg 3: Cache-sjekk<\/strong><\/li>\n<\/ul>\n\n\n\n<p>Resolveren sjekker f\u00f8rst sin egen cache for \u00e5 se om den allerede har IP-adressen for domenet. Hvis adressen finnes i cachen, returneres den til nettleseren umiddelbart.<\/p>\n\n\n\n<ul class=\"wp-block-list\">\n<li><strong>Steg 4: Rotserver<\/strong><\/li>\n<\/ul>\n\n\n\n<p>Hvis IP-adressen ikke finnes i cachen, kontakter resolveren en av rotserverne. Rotserveren svarer med adressen til en toppniv\u00e5domene (TLD) server som h\u00e5ndterer det aktuelle domenet, for eksempel .com.<\/p>\n\n\n\n<ul class=\"wp-block-list\">\n<li><strong>Steg 5: TLD-server<\/strong><\/li>\n<\/ul>\n\n\n\n<p>Resolveren kontakter deretter TLD-serveren for .com, som svarer med adressen til den autoritative navneserveren for domenet <a href=\"https:\/\/casinoutenblokkering.com\/\">www.casinoutenblokkering.com<\/a>.<\/p>\n\n\n\n<ul class=\"wp-block-list\">\n<li><strong>Steg 6: Autoritativ navneserver<\/strong><\/li>\n<\/ul>\n\n\n\n<p>Resolveren sender foresp\u00f8rselen til den autoritative navneserveren for domenet. Denne serveren har den endelige informasjonen og returnerer IP-adressen til domenenavnet.<\/p>\n\n\n\n<ul class=\"wp-block-list\">\n<li><strong>Steg 7: Returnering av IP-adresse<\/strong><\/li>\n<\/ul>\n\n\n\n<p>DNS-resolveren sender IP-adressen tilbake til nettleseren.<\/p>\n\n\n\n<ul class=\"wp-block-list\">\n<li><strong>Steg 8: Tilkobling til server<\/strong><\/li>\n<\/ul>\n\n\n\n<p>Med IP-adressen kan nettleseren n\u00e5 kontakte webserveren som hoster nettsiden www.casinoutenblokkering.com. Nettleseren sender en HTTP-foresp\u00f8rsel til denne IP-adressen for \u00e5 laste inn nettsiden.<\/p>\n\n\n\n<ul class=\"wp-block-list\">\n<li><strong>Steg 9: Caching<\/strong><\/li>\n<\/ul>\n\n\n\n<p>For \u00e5 redusere belastningen p\u00e5 DNS-servere og forbedre hastigheten p\u00e5 fremtidige foresp\u00f8rsler, vil b\u00e5de resolveren og nettleseren ofte cache IP-adressen for et gitt domenenavn i en viss periode.<\/p>\n\n\n\n<p>Alt dette skjer fra n\u00e5r du skriver inn en nettadresse til n\u00e5r siden laster inn \u2013 alts\u00e5 nesten umiddelbart.<\/p>\n\n\n\n<h2 class=\"wp-block-heading\">Ulike DNS-tjenester for norske brukere<\/h2>\n\n\n\n<p>N\u00e5r du bruker internettet fra Norge har du tilgang til flere DNS-tjenester. Alle disse har sine unike egenskaper og bruksomr\u00e5der.&nbsp;<\/p>\n\n\n\n<p>Mange norske internettleverand\u00f8rer tilbyr egne DNS-tjenester. For eksempel, Telenor og Altibox har DNS-servere som brukes automatisk av deres kunder. Disse tjenestene integrerer ofte sikkerhetsfunksjoner som blokkerer skadelig innhold. Det inkluderer blokkering av nettsider som myndighetene p\u00e5legger dem \u00e5 blokkere, slik som utenlandske spillesider.<\/p>\n\n\n\n<p>Som norsk bruker kan du velge \u00e5 ikke benytte den DNS-tjenesten som leveres av din internettleverand\u00f8r. Du kan bytte til en annen, og vi har her listet noen av de popul\u00e6re valgene:<\/p>\n\n\n\n<p><strong>Google Public DNS<\/strong><\/p>\n\n\n\n<ul class=\"wp-block-list\">\n<li>IP-adresser: 8.8.8.8 og 8.8.4.4<\/li>\n\n\n\n<li>Google Public DNS er en gratis DNS-tjeneste som tilbyr raske og sikkre DNS-oppslag. Tjenesten er kjent for h\u00f8y ytelse og p\u00e5litelighet.<\/li>\n<\/ul>\n\n\n\n<p><strong>Cloudflare DNS<\/strong><\/p>\n\n\n\n<ul class=\"wp-block-list\">\n<li>IP-adresser: 1.1.1.1 og 1.0.0.1<\/li>\n\n\n\n<li>Cloudflare DNS er fokusert p\u00e5 personvern og hastighet. Tjenesten logger ikke personopplysninger og er en av de raskeste DNS-tjenestene globalt.<\/li>\n<\/ul>\n\n\n\n<p><strong>OpenDNS<\/strong><\/p>\n\n\n\n<ul class=\"wp-block-list\">\n<li>IP-adresser: 208.67.222.222 og 208.67.220.220<\/li>\n\n\n\n<li>OpenDNS, eid av Cisco, tilbyr b\u00e5de gratis og betalte planer med funksjoner som filtrering av skadelig innhold, foreldreinnstillinger og h\u00f8y tilgjengelighet.<\/li>\n<\/ul>\n\n\n\n<p><strong>Quad9<\/strong><\/p>\n\n\n\n<ul class=\"wp-block-list\">\n<li>IP-adresse: 9.9.9.9<\/li>\n\n\n\n<li>Quad9 fokuserer p\u00e5 sikkerhet og blokkerer tilgang til nettsteder kjent for \u00e5 distribuere skadelig virus. Tjenesten er gratis og tilbyr beskyttelse mot trusler p\u00e5 nettet.<\/li>\n<\/ul>\n\n\n\n<p><strong>Comodo Secure DNS<\/strong><\/p>\n\n\n\n<ul class=\"wp-block-list\">\n<li>IP-adresser: 8.26.56.26 og 8.20.247.20<\/li>\n\n\n\n<li>Comodo Secure DNS tilbyr en sikker DNS-tjeneste som filtrerer ut ondsinnede nettsteder, og gir beskyttelse mot phishing og malware.<\/li>\n<\/ul>\n\n\n\n<p>Flere tjenester, som Google Public DNS og Cloudflare DNS, st\u00f8tter krypterte DNS-oppslag gjennom DoH og DoT. Disse teknologiene gir \u00f8kt personvern og sikkerhet ved \u00e5 kryptere DNS-foresp\u00f8rsler, noe som hindrer tredjeparter i \u00e5 avlytte eller manipulere DNS-trafikken.<\/p>\n\n\n\n<h2 class=\"wp-block-heading\">Hva er DNS-blokkering?<\/h2>\n\n\n\n<p>DNS-blokkering er en metode som brukes for \u00e5 hindre brukere \u00e5 n\u00e5 den nettsiden de pr\u00f8ver \u00e5 n\u00e5. Dette er noe som selve DNS-tjenesten kan gj\u00f8re, for \u00e5 hindre tilgang til skadelige nettsider. For eksempel sider som sprer virus og anne skadelig programvare. Videre er det ogs\u00e5 noe myndighetene kan p\u00e5legge internettleverand\u00f8rene, slik de gj\u00f8r for <a href=\"https:\/\/casinoutenblokkering.com\/utenlandske-spillselskaper\">utenlandske nettcasinoer<\/a>.<\/p>\n\n\n\n<p>N\u00e5r en side blir DNS-blokkert vil DNS-serveren ikke returnere IP-adressen til domenenavnet du s\u00f8ker opp, da du i stedet blir tatt til en feil-side. Du f\u00e5r der beskjed om at siden kan vise skadelig innhold og derfor er blokkert, eller at siden ikke kan finnes. Eventuelt kan du f\u00e5 opp en melding om at siden du ber om har blitt blokkert p\u00e5 begj\u00e6ring fra myndighetene. Hva DNS betyr for deg som bor i Norge er derfor viktig i denne sammenhengen.<\/p>\n\n\n\n<h3 class=\"wp-block-heading\">Hvorfor myndighetene innf\u00f8rer DNS-blokkeringer<\/h3>\n\n\n\n<p>Fra 2025 begynner norske myndigheter \u00e5 DNS-blokkere utenlandske nettcasinoer og andre sider som tilbyr gambling p\u00e5 nett uten norsk lisens. Dette gj\u00f8r de ved \u00e5 be de norske internettleverand\u00f8rene om \u00e5 DNS-blokkere sidene. Alts\u00e5 be de om \u00e5 ikke videresende brukere til nettstedet men heller vise de en melding om at siden er blokkert.\u00a0<\/p>\n\n\n\n<p>I utgangspunktet kan alle nettcasinoer som retter seg mot norske spillere, ved spr\u00e5k eller norsk valuta, blokkeres. Men, i realiteten er det kun et f\u00e5tall av sider som er blokkert s\u00e5 langt. Derimot ventes det at antallet vil \u00f8ke.&nbsp;<\/p>\n\n\n\n<p>Grunnen til at myndighetene \u00f8nsker \u00e5 blokkere slike nettsider er fordi de mener de strider med Norges <a href=\"https:\/\/casinoutenblokkering.com\/lov-om-pengespill\">lov om pengespill<\/a>, ettersom disse casinoene ikke har noen spillisens. De \u00f8nsker \u00e5 beskytte norske spillere, og argumentene deres inkluderer f\u00f8lgende:&nbsp;<\/p>\n\n\n\n<ul class=\"wp-block-list\">\n<li><strong>Spillavhengighet: <\/strong>Pengespill er vanedannende og kan f\u00f8re til spilleavhengighet. Derfor vil norske myndigheter at pengespill kun skal foreg\u00e5 hos <a href=\"https:\/\/casinoutenblokkering.com\/norske-spillselskaper\/norge\">lovlige norske spillselskaper<\/a> som f\u00f8lger norske regler for ansvarlig spilling.<\/li>\n\n\n\n<li><strong>Sikkerhet og rettferdighet: <\/strong>Uten noen norsk lisens kan spillere hos utenlandske spillselskaper ikke beskyttes av norsk lov.<\/li>\n\n\n\n<li><strong>\u00d8konomiske hensyn: <\/strong>Spilling kan f\u00f8re til \u00f8konomiske problemer, og igjen er det da spilleproblemer og spilling p\u00e5 kreditt som er hovedbekymringen.<\/li>\n\n\n\n<li><strong>Inntekter til norske spilloperat\u00f8rer:<\/strong> Med konkurranse fra utenlandske spillselskaper vil inntektene til <a href=\"https:\/\/casinoutenblokkering.com\/norske-spillselskaper\">de norske spillselskapene<\/a>, Norsk Tipping og Norsk Rikstoto, synke, og det betyr mindre penger til veldedighet og samfunnsnyttige form\u00e5l.<\/li>\n\n\n\n<li><strong>Skatteinntekter: <\/strong>Utenlandske spillselskaper betaler ikke skatt til Norge, da de skatter i landet de er registrert i. Norske myndigheter \u00f8nsker derfor at norske spillere skal spille hos norske spillselskaper som skatter til Norge.&nbsp;&nbsp;<\/li>\n<\/ul>\n\n\n\n<p>Med disse argumentene har myndighetene valgt \u00e5 utestenge utenalndske spilloperat\u00f8rer. En IP-blokkering ble diskutert, men de valgte \u00e5 heller velge en DNS-blokkering, som er en mindre streng form for blokkering. <\/p>\n\n\n\n<h2 class=\"wp-block-heading\">Hvordan du tar deg rundt en DNS-blokkering<\/h2>\n\n\n\n<p>Det finnes flere m\u00e5ter \u00e5 <a href=\"https:\/\/casinoutenblokkering.com\/lov-om-pengespill\/omga-dns-blokkering-av-casino\">ta deg rundt en DNS-blokkering<\/a> p\u00e5. Noen metoder er enkle, mens andre er litt mer kompliserte. P\u00e5 samme m\u00e5te er neon metoder gratis mens andre tjenester er en abonnementstjeneste.&nbsp;<\/p>\n\n\n\n<p>Vi skal her se p\u00e5 noen av metodene som enkelt kan benyttes, men hvis du vil ha en grundigere oversikt om Hva DNS betyr kan du se p\u00e5 siden v\u00e5r som er dedikert til \u00e5 omg\u00e5 DNS-blokkering av casinoer.<\/p>\n\n\n\n<h3 class=\"wp-block-heading\">Bytt DNS p\u00e5 enheten din<\/h3>\n\n\n\n<p>En litt komplisert men stort sett gratis m\u00e5te \u00e5 ta deg rundt enhver DNS-blokkering fra internettleverand\u00f8ren din er \u00e5 bytte DNS-tjeneste. Dette er noe du gj\u00f8r i innstillingene til datamaskinen din. Det kan virke kronglete, men med en steg-for-steg oppskrift er det enkelt nok til at de fleste skal f\u00e5 til dette.&nbsp;<\/p>\n\n\n\n<p>Du kan velge en av de DNS-tjenestene vi har listet lengre opp p\u00e5 denne siden. De aller fleste av dem er gratis tjenester som gir ubegrenset bruk.&nbsp;<\/p>\n\n\n\n<h3 class=\"wp-block-heading\">Hva DNS betyr ved Bruk av nettleseren Opera<\/h3>\n\n\n\n<p>Den kanskje aller enkleste m\u00e5ten \u00e5 ta deg rundt norske DNS-blokkeringer er ved \u00e5 bruke nettleseren Opera. N\u00e5r det kommer til brukeropplevelsen s\u00e5 er denne som en hvilken som helst annen nettleser, men forskjellen er at den alltid bruker sin egne DNS-server. Du g\u00e5r dermed ikke via norske internettleverand\u00f8rer for \u00e5 ta deg til siden du ber om.&nbsp;<\/p>\n\n\n\n<p>Du kan velge \u00e5 alltid bruke Opera som din foretrukne nettleser, eller kun bruke den n\u00e5r du \u00f8nsker \u00e5 ta deg til sider som er DNS-blokkert i Norge. Opera er gratis \u00e5 bruke, s\u00e5 her er det ingen begrensninger.<\/p>\n\n\n\n<h3 class=\"wp-block-heading\">Aktiver en VPN<\/h3>\n\n\n\n<p>Du kan velge \u00e5 bruke en VPN eller Proxy-tjeneste for \u00e5 virtuelt f\u00e5 tilgang til internett fra et annet land. Det finnes noen gratis varianter av slike tjenester, men stort sett gir de en begrenset bruk eller lar deg velge mellom et begrenset antall land. De beste tjenestene er derimot betalingstjenester, og du kan regne med \u00e5 betale mellom 100 kr og 150 kr per m\u00e5ned.&nbsp;<\/p>\n\n\n\n<p>Hvis du skal spille hos et nettcasino som er DNS-blokkert er det derimot ikke alltid \u00e5 anbefale \u00e5 bruke en VPN. Mange casinoer forbyr nemlig bruken av en VPN. Et annet problem som kan oppst\u00e5 er at casinoet ikke aksepterer spillere fra landet du bruker en VPN-tjeneste fra. Dermed f\u00e5r du ikke tilgang til casinoet. Du kan ogs\u00e5 oppleve problemer med tilgjengelige <a href=\"https:\/\/casinoutenblokkering.com\/betalingsmetoder\">betalingsmetoder hos utenlandske casinoer<\/a> med mindre du bruker internasjonale l\u00f8sninger som e-lommeb\u00f8ker eller kryptovaluta. Alle disse tingene er det viktig \u00e5 vurdere n\u00e5r du skal se p\u00e5 hva DNS betyr for deg som bruker.<\/p>\n\n\n\n<p>For \u00e5 unng\u00e5 problemer, spill hos et s\u00e5kalt <a href=\"https:\/\/casinoutenblokkering.com\/utenlandske-spillselskaper\/vpn-casinoer\">VPN casino<\/a>, alts\u00e5 et casino som tillater bruken av VPN.<\/p>\n\n\n\n<h2 class=\"wp-block-heading\">Ofte stilte sp\u00f8rsm\u00e5l<\/h2>\n\n\n\n<h3 class=\"wp-block-heading\">Hva st\u00e5r DNS for og hva er dets funksjon?<\/h3>\n\n\n\n<p>DNS st\u00e5r for Domain Name System og oversetter domenenavn til IP-adresser, slik at datamaskiner kan kommunisere med hverandre.<\/p>\n\n\n\n<h3 class=\"wp-block-heading\">Hva er forskjellen mellom recursive og iterative DNS-foresp\u00f8rsler?<\/h3>\n\n\n\n<p>Recursive foresp\u00f8rsler: DNS-server sp\u00f8r andre servere for klienten. Iterative foresp\u00f8rsler: Klienten sp\u00f8r flere servere direkte.<\/p>\n\n\n\n<h3 class=\"wp-block-heading\">Hvordan fungerer DNS-prosessen fra brukerens foresp\u00f8rsel til tilkobling?<\/h3>\n\n\n\n<p>Brukeren skriver inn et domenenavn. Foresp\u00f8rselen g\u00e5r til en DNS resolver, som sjekker cache, kontakter rotserver, TLD-server og autoritativ navneserver, og returnerer IP-adressen til nettleseren for tilkobling.<\/p>\n\n\n\n<h3 class=\"wp-block-heading\">Hvilke DNS-tjenester kan norske brukere velge mellom, og hva er noen av deres egenskaper?<\/h3>\n\n\n\n<p>Norske brukere kan velge Google Public DNS (p\u00e5litelig), Cloudflare DNS (personvern og hastighet), OpenDNS (innholdsfiltrering), Quad9 (sikkerhet), og Comodo Secure DNS (beskytter mot phishing og malware).<\/p>\n\n\n\n<h3 class=\"wp-block-heading\">Hvorfor bruker norske myndigheter DNS-blokkering, og hvilke nettsteder p\u00e5virkes?<\/h3>\n\n\n\n<p>DNS-blokkering hindrer tilgang til utenlandske nettcasinoer som retter seg mot norske spillere uten norsk lisens. Dette for \u00e5 beskytte spillere, sikre rettferdighet, \u00f8konomisk sikkerhet, og sikre inntekter til norske spillselskaper.<\/p>\n","protected":false},"excerpt":{"rendered":"<p>DNS st\u00e5r for Domain Name System, alts\u00e5 domenenavn-system p\u00e5 norsk. DNS er et navneoppslagsystem som brukes p\u00e5 internett for \u00e5 oversette domenenavn til IP-adresser. Det er viktig \u00e5 vite hva DNS betyr for \u00e5 v\u00e6re i stand til \u00e5 omg\u00e5 det. For eksempel kan casinoutenblokkering.com oversettes til en numerisk adresse. IP adresser benyttes for \u00e5 [&hellip;]<\/p>\n","protected":false},"author":3,"featured_media":0,"parent":493,"menu_order":0,"comment_status":"closed","ping_status":"closed","template":"","meta":{"footnotes":""},"class_list":["post-621","page","type-page","status-publish","hentry"],"yoast_head":"<!-- This site is optimized with the Yoast SEO plugin v22.7 - https:\/\/yoast.com\/wordpress\/plugins\/seo\/ -->\n<title>Hva DNS betyr - Casino Uten Blokkering<\/title>\n<meta name=\"description\" content=\"DNS er et navneoppslagssystem som brukes for \u00e5 oversette domenenavn til IP-adresser. Alt du m\u00e5 vite om hva DNS betyr for norske brukere.\" \/>\n<meta name=\"robots\" content=\"index, follow, max-snippet:-1, max-image-preview:large, max-video-preview:-1\" \/>\n<link rel=\"canonical\" href=\"http:\/\/casinoutenblokkering.com\/lov-om-pengespill\/dns\" \/>\n<meta property=\"og:locale\" content=\"en_GB\" \/>\n<meta property=\"og:type\" content=\"article\" \/>\n<meta property=\"og:title\" content=\"Hva DNS betyr - Casino Uten Blokkering\" \/>\n<meta property=\"og:description\" content=\"DNS er et navneoppslagssystem som brukes for \u00e5 oversette domenenavn til IP-adresser. Alt du m\u00e5 vite om hva DNS betyr for norske brukere.\" \/>\n<meta property=\"og:url\" content=\"http:\/\/casinoutenblokkering.com\/lov-om-pengespill\/dns\" \/>\n<meta property=\"og:site_name\" content=\"Casino Uten Blokkering\" \/>\n<meta property=\"article:modified_time\" content=\"2024-08-12T19:56:41+00:00\" \/>\n<meta name=\"twitter:card\" content=\"summary_large_image\" \/>\n<meta name=\"twitter:label1\" content=\"Estimated reading time\" \/>\n\t<meta name=\"twitter:data1\" content=\"8 minutes\" \/>\n<script type=\"application\/ld+json\" class=\"yoast-schema-graph\">{\"@context\":\"https:\/\/schema.org\",\"@graph\":[{\"@type\":\"WebPage\",\"@id\":\"http:\/\/casinoutenblokkering.com\/lov-om-pengespill\/dns\",\"url\":\"http:\/\/casinoutenblokkering.com\/lov-om-pengespill\/dns\",\"name\":\"Hva DNS betyr - Casino Uten Blokkering\",\"isPartOf\":{\"@id\":\"http:\/\/casinoutenblokkering.com\/#website\"},\"datePublished\":\"2024-06-04T11:41:26+00:00\",\"dateModified\":\"2024-08-12T19:56:41+00:00\",\"description\":\"DNS er et navneoppslagssystem som brukes for \u00e5 oversette domenenavn til IP-adresser. Alt du m\u00e5 vite om hva DNS betyr for norske brukere.\",\"breadcrumb\":{\"@id\":\"http:\/\/casinoutenblokkering.com\/lov-om-pengespill\/dns#breadcrumb\"},\"inLanguage\":\"en-GB\",\"potentialAction\":[{\"@type\":\"ReadAction\",\"target\":[\"http:\/\/casinoutenblokkering.com\/lov-om-pengespill\/dns\"]}]},{\"@type\":\"BreadcrumbList\",\"@id\":\"http:\/\/casinoutenblokkering.com\/lov-om-pengespill\/dns#breadcrumb\",\"itemListElement\":[{\"@type\":\"ListItem\",\"position\":1,\"name\":\"Home\",\"item\":\"https:\/\/casinoutenblokkering.com\/\"},{\"@type\":\"ListItem\",\"position\":2,\"name\":\"Lov om pengespill\",\"item\":\"http:\/\/casinoutenblokkering.com\/lov-om-pengespill\"},{\"@type\":\"ListItem\",\"position\":3,\"name\":\"Hva DNS betyr\"}]},{\"@type\":\"WebSite\",\"@id\":\"http:\/\/casinoutenblokkering.com\/#website\",\"url\":\"http:\/\/casinoutenblokkering.com\/\",\"name\":\"Casino Uten Blokkering\",\"description\":\"Alt du trenger for en smartere spillstrategi i Norge!\",\"publisher\":{\"@id\":\"http:\/\/casinoutenblokkering.com\/#organization\"},\"potentialAction\":[{\"@type\":\"SearchAction\",\"target\":{\"@type\":\"EntryPoint\",\"urlTemplate\":\"http:\/\/casinoutenblokkering.com\/?s={search_term_string}\"},\"query-input\":\"required name=search_term_string\"}],\"inLanguage\":\"en-GB\"},{\"@type\":\"Organization\",\"@id\":\"http:\/\/casinoutenblokkering.com\/#organization\",\"name\":\"Casino Uten Blokkering\",\"url\":\"http:\/\/casinoutenblokkering.com\/\",\"logo\":{\"@type\":\"ImageObject\",\"inLanguage\":\"en-GB\",\"@id\":\"http:\/\/casinoutenblokkering.com\/#\/schema\/logo\/image\/\",\"url\":\"http:\/\/casinoutenblokkering.com\/wp-content\/uploads\/2024\/07\/cropped-casinoutenblokkering-logo.webp\",\"contentUrl\":\"http:\/\/casinoutenblokkering.com\/wp-content\/uploads\/2024\/07\/cropped-casinoutenblokkering-logo.webp\",\"width\":300,\"height\":263,\"caption\":\"Casino Uten Blokkering\"},\"image\":{\"@id\":\"http:\/\/casinoutenblokkering.com\/#\/schema\/logo\/image\/\"}}]}<\/script>\n<!-- \/ Yoast SEO plugin. -->","yoast_head_json":{"title":"Hva DNS betyr - Casino Uten Blokkering","description":"DNS er et navneoppslagssystem som brukes for \u00e5 oversette domenenavn til IP-adresser. Alt du m\u00e5 vite om hva DNS betyr for norske brukere.","robots":{"index":"index","follow":"follow","max-snippet":"max-snippet:-1","max-image-preview":"max-image-preview:large","max-video-preview":"max-video-preview:-1"},"canonical":"http:\/\/casinoutenblokkering.com\/lov-om-pengespill\/dns","og_locale":"en_GB","og_type":"article","og_title":"Hva DNS betyr - Casino Uten Blokkering","og_description":"DNS er et navneoppslagssystem som brukes for \u00e5 oversette domenenavn til IP-adresser. Alt du m\u00e5 vite om hva DNS betyr for norske brukere.","og_url":"http:\/\/casinoutenblokkering.com\/lov-om-pengespill\/dns","og_site_name":"Casino Uten Blokkering","article_modified_time":"2024-08-12T19:56:41+00:00","twitter_card":"summary_large_image","twitter_misc":{"Estimated reading time":"8 minutes"},"schema":{"@context":"https:\/\/schema.org","@graph":[{"@type":"WebPage","@id":"http:\/\/casinoutenblokkering.com\/lov-om-pengespill\/dns","url":"http:\/\/casinoutenblokkering.com\/lov-om-pengespill\/dns","name":"Hva DNS betyr - Casino Uten Blokkering","isPartOf":{"@id":"http:\/\/casinoutenblokkering.com\/#website"},"datePublished":"2024-06-04T11:41:26+00:00","dateModified":"2024-08-12T19:56:41+00:00","description":"DNS er et navneoppslagssystem som brukes for \u00e5 oversette domenenavn til IP-adresser. Alt du m\u00e5 vite om hva DNS betyr for norske brukere.","breadcrumb":{"@id":"http:\/\/casinoutenblokkering.com\/lov-om-pengespill\/dns#breadcrumb"},"inLanguage":"en-GB","potentialAction":[{"@type":"ReadAction","target":["http:\/\/casinoutenblokkering.com\/lov-om-pengespill\/dns"]}]},{"@type":"BreadcrumbList","@id":"http:\/\/casinoutenblokkering.com\/lov-om-pengespill\/dns#breadcrumb","itemListElement":[{"@type":"ListItem","position":1,"name":"Home","item":"https:\/\/casinoutenblokkering.com\/"},{"@type":"ListItem","position":2,"name":"Lov om pengespill","item":"http:\/\/casinoutenblokkering.com\/lov-om-pengespill"},{"@type":"ListItem","position":3,"name":"Hva DNS betyr"}]},{"@type":"WebSite","@id":"http:\/\/casinoutenblokkering.com\/#website","url":"http:\/\/casinoutenblokkering.com\/","name":"Casino Uten Blokkering","description":"Alt du trenger for en smartere spillstrategi i Norge!","publisher":{"@id":"http:\/\/casinoutenblokkering.com\/#organization"},"potentialAction":[{"@type":"SearchAction","target":{"@type":"EntryPoint","urlTemplate":"http:\/\/casinoutenblokkering.com\/?s={search_term_string}"},"query-input":"required name=search_term_string"}],"inLanguage":"en-GB"},{"@type":"Organization","@id":"http:\/\/casinoutenblokkering.com\/#organization","name":"Casino Uten Blokkering","url":"http:\/\/casinoutenblokkering.com\/","logo":{"@type":"ImageObject","inLanguage":"en-GB","@id":"http:\/\/casinoutenblokkering.com\/#\/schema\/logo\/image\/","url":"http:\/\/casinoutenblokkering.com\/wp-content\/uploads\/2024\/07\/cropped-casinoutenblokkering-logo.webp","contentUrl":"http:\/\/casinoutenblokkering.com\/wp-content\/uploads\/2024\/07\/cropped-casinoutenblokkering-logo.webp","width":300,"height":263,"caption":"Casino Uten Blokkering"},"image":{"@id":"http:\/\/casinoutenblokkering.com\/#\/schema\/logo\/image\/"}}]}},"_links":{"self":[{"href":"http:\/\/casinoutenblokkering.com\/index.php?rest_route=\/wp\/v2\/pages\/621","targetHints":{"allow":["GET"]}}],"collection":[{"href":"http:\/\/casinoutenblokkering.com\/index.php?rest_route=\/wp\/v2\/pages"}],"about":[{"href":"http:\/\/casinoutenblokkering.com\/index.php?rest_route=\/wp\/v2\/types\/page"}],"author":[{"embeddable":true,"href":"http:\/\/casinoutenblokkering.com\/index.php?rest_route=\/wp\/v2\/users\/3"}],"replies":[{"embeddable":true,"href":"http:\/\/casinoutenblokkering.com\/index.php?rest_route=%2Fwp%2Fv2%2Fcomments&post=621"}],"version-history":[{"count":13,"href":"http:\/\/casinoutenblokkering.com\/index.php?rest_route=\/wp\/v2\/pages\/621\/revisions"}],"predecessor-version":[{"id":963,"href":"http:\/\/casinoutenblokkering.com\/index.php?rest_route=\/wp\/v2\/pages\/621\/revisions\/963"}],"up":[{"embeddable":true,"href":"http:\/\/casinoutenblokkering.com\/index.php?rest_route=\/wp\/v2\/pages\/493"}],"wp:attachment":[{"href":"http:\/\/casinoutenblokkering.com\/index.php?rest_route=%2Fwp%2Fv2%2Fmedia&parent=621"}],"curies":[{"name":"wp","href":"https:\/\/api.w.org\/{rel}","templated":true}]}}