{"id":984,"date":"2024-11-25T07:39:47","date_gmt":"2024-11-25T07:39:47","guid":{"rendered":"https:\/\/casinoutenblokkering.com\/?page_id=984"},"modified":"2024-11-25T07:43:03","modified_gmt":"2024-11-25T07:43:03","slug":"palitelige-nettcasinoer","status":"publish","type":"page","link":"http:\/\/casinoutenblokkering.com\/lov-om-pengespill\/omga-dns-blokkering-av-casino\/palitelige-nettcasinoer","title":{"rendered":"Hvordan identifisere p\u00e5litelige nettcasinoer: En sjekkliste for norske spillere"},"content":{"rendered":"\n<p>N\u00e5r du spiller p\u00e5 nett er det essensielt at du spiller hos p\u00e5litelige nettcasinoer. Dette er casinoer som ivaretar datasikkerheten din, samtidig som de tilbyr rettferdige spill, sikre betalingsmetoder, god kundest\u00f8tte, og regler og vilk\u00e5r som f\u00f8lger industristandarden. Selvsagt skal casinoene ogs\u00e5 operere lovlig, med lisens fra en anerkjent spillemyndighet. I denne artikkelen g\u00e5r vi gjennom en enkel sjekkliste som kan hjelpe deg med \u00e5 vurdere hvilke nettcasinoer som er trygge, slik at du kan unng\u00e5 useri\u00f8se akt\u00f8rer.&nbsp;<\/p>\n\n\n\n<h2 class=\"wp-block-heading\">Hva er p\u00e5litelige nettcasinoer?<\/h2>\n\n\n\n<p>Et p\u00e5litelig nettcasino er en nettside der du kan spille trygt uten \u00e5 bekymre deg for om dine penger eller personlige opplysninger er i fare. P\u00e5litelige nettcasinoer fra <a href=\"https:\/\/casinoutenblokkering.com\/utenlandske-spillselskaper\">utenlandske spillselskaper<\/a> f\u00f8lger strenge regler og sikkerhetsstandarder for \u00e5 beskytte spillere. De har ogs\u00e5 en gyldig lisens fra en anerkjent myndighet, som Malta Gaming Authority (MGA) eller Curacao Gaming Control Board (CGCB). En lisens viser at casinoet er regulert og oppfyller krav til sikkerhet og rettferdighet.<\/p>\n\n\n\n<p>P\u00e5litelige casinoer bruker avansert teknologi og kryptering, for \u00e5 sikre at all informasjon du deler er beskyttet mot hacking. Dette er den samme teknologien norske banker bruker, s\u00e5 du kan v\u00e6re trygg p\u00e5 at dine data er sikre.<\/p>\n\n\n\n<p>Et seri\u00f8st nettcasino vil ogs\u00e5 ha tydelige retningslinjer for ansvarlig spilling. Dette betyr at de gir deg muligheter for \u00e5 sette grenser for innskudd, spill og tap, samt tilgang til ressurser hvis du trenger hjelp med \u00e5 kontrollere spillingen.<\/p>\n\n\n\n<p>Videre vil p\u00e5litelige nettcasinoer alltid tilby god og tilgjengelig kundeservice, betalingsmetoder som fungerer for norske spillere, og ha spill fra de beste spilleverand\u00f8rene.&nbsp;<\/p>\n\n\n\n<p>Oppfyller et casino alle disse kriteriene vil dette ogs\u00e5 reflekteres i deres omd\u00f8mme og rykte. Dermed skal du kunne verifisere at casinoet oppleves som trygt, sikkert og p\u00e5litelig av andre som spiller der.<\/p>\n\n\n\n<h2 class=\"wp-block-heading\">Sjekkliste for \u00e5 sjekke p\u00e5litelige nettcasinoer<\/h2>\n\n\n\n<p>N\u00e5r du vurderer \u00e5 melde deg p\u00e5 hos et nytt spillnettsted b\u00f8r du alltid gj\u00f8re noen unders\u00f8kelser for \u00e5 verifisere at de er et p\u00e5litelig nettcasino. Vi har her laget en sjekkliste med de viktigste punktene du b\u00f8r unders\u00f8ke og vurdere, for \u00e5 se om casinoet er \u00e5 stole p\u00e5. Vi lister b\u00e5de hva du skal se etter og hvorfor det er viktig.&nbsp;<\/p>\n\n\n\n<h3 class=\"wp-block-heading\">Spillisens<\/h3>\n\n\n\n<p>N\u00e5r du velger et nettcasino, sjekk om det har lisens fra anerkjente myndigheter som Malta Gaming Authority (MGA), Curacao Gaming Control Board (CGCB) eller andre anerkjente spillisenser som kan benyttes av norske spillere.. En gyldig lisens betyr at casinoet f\u00f8lger strenge regler for sikkerhet, rettferdig spill og spillersikkerhet. Uten lisens risikerer du \u00e5 spille hos et uregulert casino som kan nekte utbetaling av gevinster eller bruke uetiske forretningsmodeller. Du vil vanligvis finne lisensinformasjon nederst p\u00e5 casinoets nettside, og logoen fungerer nesten alltid som en lisensvalidator. Klikk p\u00e5 den for \u00e5 f\u00e5 opp informasjon om gyldighetene til lisensen.<\/p>\n\n\n\n<h3 class=\"wp-block-heading\">Datasikkerhet<\/h3>\n\n\n\n<p>Datasikkerhet er uhyre viktig n\u00e5r du spiller p\u00e5 nett. P\u00e5litelige nettcasinoer bruker SSL-kryptering (Secure Socket Layer) for \u00e5 beskytte dine personlige og finansielle data, som kortinformasjon og passord. Dette er en teknologi som sikrer at alle data blir kodet og utilgjengelige for hackere. Sjekk om nettadressen starter med &#8220;https:\/\/&#8221;, da dette viser at siden er kryptert. Mange casinoer har ogs\u00e5 begynt \u00e5 tilby tofaktorautentisering for innlogging p\u00e5 kontoen. Dette kan v\u00e6re vel verdt \u00e5 benytte deg av, slik at ingen andre kan logge inn p\u00e5 kontoen din og gjennomf\u00f8re uttak av pengene du oppbevarer i spillekontoen din. Denne funksjonen er mest utbredt hos kryptocasinoer, nettopp fordi uttak kan gjennomf\u00f8res til ulike kryptoadresser.&nbsp;<\/p>\n\n\n\n<h3 class=\"wp-block-heading\">Rettferdige spill<\/h3>\n\n\n\n<p>Rettferdige spill betyr at casinoet tilbyr spill hvor resultatene er tilfeldige og ikke kan p\u00e5virkes av verken spillere eller casinoet. Sjekk at casinoet har spill fra anerkjente leverand\u00f8rer og at spillene er testet av uavhengige akt\u00f8rer som eCOGRA eller iTech Labs. Disse selskapene tester spillenes RNG (Random Number Generator) for \u00e5 sikre at de ikke er manipulert. Rettferdige spill er viktige fordi de gir deg og alle andre spillere samme mulighet for \u00e5 vinne. Alle anerkjente spillemyndigheter krever at mykvaren til casinoet, inkludert tilfeldige tallgeneratorer, jevnlig skal testes for rettferdighet. Derfor vet du med sikkerhet at casinoet har rettferdige spill, s\u00e5 lenge de har en gyldig spillisens.&nbsp;<\/p>\n\n\n\n<h3 class=\"wp-block-heading\">Rykte og omd\u00f8mme<\/h3>\n\n\n\n<p>Casinoets rykte og omd\u00f8mme sier mye om p\u00e5liteligheten, da dette gjerne er meninger og opplevelser b\u00e5de fra andre spillere og andre som jobber i casinobransjen. Unders\u00f8k casinoets omd\u00f8mme ved \u00e5 lese anmeldelser og vurderinger fra uavhengige nettsider. Spillmilj\u00f8et p\u00e5 nett kan raskt identifisere useri\u00f8se casinoer, s\u00e5 om mange advarer mot et casino, er det best \u00e5 unng\u00e5 det. P\u00e5litelige nettcasinoer har ofte et godt rykte og mange positive tilbakemeldinger, spesielt om rettferdighet, kundeservice og raske utbetalinger. Forum og anmeldelser kan gi deg en pekepinn p\u00e5 hvordan casinoet behandler spillerne sine over tid. Casinoeksperter og industriveteraner kan gi sine meninger om hvordan casinoet m\u00e5ler seg mot industristandarden, spesielt n\u00e5r det kommer til aspekter som regler, vilk\u00e5r og prosedyrer.<\/p>\n\n\n\n<h3 class=\"wp-block-heading\">Betalingsmetoder og -prosesser<\/h3>\n\n\n\n<p>Et p\u00e5litelig casino tilbyr trygge betalingsmetoder som betalingskort, e-lommeb\u00f8ker, verdikuponger og noen ganger ogs\u00e5 kryptovaluta. Sjekk at de har klare retningslinjer for innskudd og uttak, og at det ikke finnes skjulte avgifter. Raske utbetalinger og korte behandlingstider er et godt tegn p\u00e5 et seri\u00f8st casino. Hvis et casino tar lang tid eller har kompliserte krav for uttak, kan det v\u00e6re et r\u00f8dt flagg. Gode betalingsprosesser sikrer at du f\u00e5r tilgang til gevinster uten problemer, selv n\u00e5r du vinner fra en bonus. Dersom casinoet forsinker uttakene dine, uten saklig grunn, er dette et casino som du nok helst b\u00f8r styre unna. De beste casinoene lar deg ogs\u00e5 l\u00e5se uttakene dine, slik at du ikke kan avbryte dem for \u00e5 velge \u00e5 spille videre, og potensielt tape gevinstene dine.<\/p>\n\n\n\n<h3 class=\"wp-block-heading\">Kundeservice og hjelp<\/h3>\n\n\n\n<p>Effektiv kundeservice viser at casinoet tar spillernes opplevelse p\u00e5 alvor. Sjekk om kundeservice er tilgjengelig 24\/7, og om de tilbyr ulike m\u00e5ter \u00e5 n\u00e5 dem p\u00e5, som live chat, e-post og telefon. Pr\u00f8v gjerne \u00e5 stille dem noen sp\u00f8rsm\u00e5l for \u00e5 teste responstid og kompetanse, f\u00f8r du velger \u00e5 melde deg p\u00e5. Gode casinoer skal ha en hjelpsom kundeservice som kan hjelpe deg med alt fra tekniske problemer til sp\u00f8rsm\u00e5l om bonuser eller utbetalinger. Du kan ogs\u00e5 se gjennom de sosiale profilene casinoet har, for \u00e5 vurdere hva de kommuniserer ut til spillere, og for \u00e5 se hva andre spillere sier om dem. Dette kan gi deg en god innsikt i hvor transparente og tilgjengelige de er.<\/p>\n\n\n\n<h3 class=\"wp-block-heading\">Spillutvalg og leverand\u00f8rer<\/h3>\n\n\n\n<p>En variert spillportef\u00f8lje fra kjente leverand\u00f8rer som NetEnt, Pragmatic Play, og Play\u2019n GO tyder p\u00e5 at casinoet satser p\u00e5 kvalitet og rettferdighet. Disse utviklerne er lisensiert og kjent for \u00e5 levere sikre og rettferdige spill. Se etter et bredt utvalg av spilleautomater, bordspill og live casino, som gir deg muligheten til \u00e5 pr\u00f8ve forskjellige typer spill. P\u00e5litelige nettcasinoer samarbeider med anerkjente leverand\u00f8rer som sikrer kvaliteten p\u00e5 spillene. Du kan ogs\u00e5 vege \u00e5 se gjennom noen spesifikke spilltitler, for \u00e5 sjekke hvilken RTP casinoet har valgt. Noen spill, blant annet fra leverand\u00f8rene vi allerede har nevnt, tilbyr flere ulike RTP-niv\u00e5er i spillene sine, slik at casinoene kan velge den teoretiske tilbakebetalingen til spillere. De beste casinoene velger det h\u00f8yeste niv\u00e5et.&nbsp;<\/p>\n\n\n\n<h3 class=\"wp-block-heading\">Bonusregler hos p\u00e5litelige nettcasinoer<\/h3>\n\n\n\n<p>Unders\u00f8k alltid bonusreglene f\u00f8r du godtar en velkomstbonus eller andre kampanjer. Seri\u00f8se casinoer har klare og tydelige regler for omsetningskrav, tidsbegrensninger og maksimal innsats. Hvis reglene er kompliserte eller urimelige, kan det v\u00e6re et tegn p\u00e5 at casinoet pr\u00f8ver \u00e5 unng\u00e5 utbetalinger av bonusgevinster. P\u00e5litelige nettcasinoer gir spillere en rimelig sjanse til \u00e5 oppfylle kravene, og tydelige bonusregler gj\u00f8r det enklere \u00e5 vite hva du forplikter deg til. De beste casinoene har bonusregler som f\u00f8lger industristandarden, eller bedre. Noe av det aller viktigste er \u00e5 velge casinoene som ikke begrenser hvor mye penger du kan vinne fra en <a href=\"https:\/\/casinoutenblokkering.com\/utenlandske-spillselskaper\/casinobonuser\">casinobonus<\/a>.&nbsp;<\/p>\n\n\n\n<h2 class=\"wp-block-heading\">Hvordan unng\u00e5 svindel og farlige nettcasinoer?<\/h2>\n\n\n\n<p>Det finnes dessverre en rekke <a href=\"https:\/\/casinoutenblokkering.com\/utenlandske-spillselskaper\/svindelcasinoer\">svindelcasinoer<\/a> p\u00e5 nett, og disse m\u00e5 du s\u00e5 klart gj\u00f8re ditt beste for \u00e5 unng\u00e5. For at du skal kunne identifisere et svindelcasino har vi her listet noen av de vanligste kjennetegnene p\u00e5 slike operat\u00f8rer. .&nbsp;<\/p>\n\n\n\n<ul class=\"wp-block-list\">\n<li><strong>Mangel p\u00e5 lisens&nbsp;&nbsp;<\/strong><\/li>\n<\/ul>\n\n\n\n<p>Usikre casinoer har vanligvis ingen spillisens, eller s\u00e5 viser de en falsk lisens. Sjekk i bunnen av nettsiden for \u00e5 se om de viser logoen til en spillemyndighet. Klikk p\u00e5 logoen for \u00e5 sjekke gyldigheten til lisensen.<\/p>\n\n\n\n<ul class=\"wp-block-list\">\n<li><strong>D\u00e5rlig nettsidesikkerhet&nbsp;&nbsp;<\/strong><\/li>\n<\/ul>\n\n\n\n<p>Sjekk at nettsiden bruker SSL-kryptering (se etter \u201chttps:\/\/\u201d adressefeltet). Nettcasinoer uten denne krypteringen kan utsette deg for sikkerhetsbrudd og datatyveri. Les ogs\u00e5 personvernerkl\u00e6ringen for \u00e5 sikre at dine data ikke deles med noen tredjeparter.<\/p>\n\n\n\n<ul class=\"wp-block-list\">\n<li><strong>Urealistiske bonustilbud&nbsp;&nbsp;<\/strong><\/li>\n<\/ul>\n\n\n\n<p>V\u00e6r forsiktig med casinoer som tilbyr veldig store bonuser uten klare vilk\u00e5r. Overdrevne tilbud kan v\u00e6re lokkemidler fra casinoer som \u00f8nsker \u00e5 tiltrekke seg nye spillere, men med bonusregler som gj\u00f8r det umulig \u00e5 ta ut gevinster. Les n\u00f8ye gjennom alle bonusreglene.<\/p>\n\n\n\n<ul class=\"wp-block-list\">\n<li><strong>Manglende eller d\u00e5rlig kundeservice&nbsp;&nbsp;<\/strong><\/li>\n<\/ul>\n\n\n\n<p>Unng\u00e5 casinoer som ikke tilbyr kundeservice, eller som kun har en e-postadresse uten kontaktmuligheter p\u00e5 live chat eller telefon. De fleste seri\u00f8se casinoer er ogs\u00e5 tilstede p\u00e5 sosiale medier, s\u00e5 sjekk de vanligste sosiale plattformene.<\/p>\n\n\n\n<ul class=\"wp-block-list\">\n<li><strong>Negative spilleranmeldelser&nbsp;&nbsp;<\/strong><\/li>\n<\/ul>\n\n\n\n<p>Les anmeldelser p\u00e5 uavhengige forum og sammenligningssider. Se etter gjentatte negative tilbakemeldinger om uteblitte utbetalinger eller d\u00e5rlig kundeservice. V\u00e6re kritisk til anmeldelser dersom kun noen f\u00e5 spillere har lagt inn tilbakemeldinger, s\u00e5 se etter sider som har et stort antall anmeldelser fra spillere eller verifiserte casinoeksperter.<\/p>\n\n\n\n<ul class=\"wp-block-list\">\n<li><strong>Up\u00e5litelige betalingsmetoder&nbsp;&nbsp;<\/strong><\/li>\n<\/ul>\n\n\n\n<p>Casinoer som kun aksepterer lite kjente betalingsmetoder kan v\u00e6re risikable. Det samme kan gjelde casinoer som kun aksepterer kryptovaluta. Dersom casinoet ikke aksepterer Visa eller Mastercard kan det v\u00e6re fordi at disse kortutstederne har flagget dem for svindel.<\/p>\n\n\n\n<h2 class=\"wp-block-heading\">Konklusjon \u2013 identifisering av p\u00e5litelige nettcasinoer<\/h2>\n\n\n\n<p>Det \u00e5 identifisere et p\u00e5litelig nettcasino krever n\u00f8ye vurdering av flere viktige faktorer, inkludert lisensiering, sikkerhetstiltak og betalingsprosesser. Ved \u00e5 gj\u00f8re en grundig sjekk av disse aspektene kan du redusere risikoen for \u00e5 bli utsatt for svindel. \u00c5 velge riktig casino handler ikke bare om \u00e5 finne et sted som tilbyr gode bonuser eller spennende spill, men om \u00e5 sikre at dine penger og personlige opplysninger behandles forsvarlig.<\/p>\n\n\n\n<p>Ved \u00e5 bruke sjekklisten som verkt\u00f8y, kan du lettere unng\u00e5 useri\u00f8se nettcasinoer og i stedet fokusere p\u00e5 akt\u00f8rer som prioriterer sikkerhet og rettferdighet. Dermed kan du vite at du ikke bare har rettferdige sjanser for \u00e5 vinne, men at du ogs\u00e5 kan f\u00e5 utbetalt gevinstene dine.&nbsp;<\/p>\n\n\n\n<ul class=\"wp-block-list\">\n<li>P\u00e5litelige nettcasinoer har alltid en gyldig lisens fra en anerkjent spillmyndighet.&nbsp;&nbsp;<\/li>\n\n\n\n<li>S\u00f8rg for at nettsiden er sikker og at casinoet bruker SSL-kryptering for \u00e5 beskytte personopplysninger.&nbsp;&nbsp;<\/li>\n\n\n\n<li>Les bonusregler og for \u00e5 unng\u00e5 ugjennomf\u00f8rlige krav og useri\u00f8se akt\u00f8rer.&nbsp;&nbsp;<\/li>\n\n\n\n<li>Velg casinoer med p\u00e5litelige betalingsmetoder og rask kundeservice.<\/li>\n<\/ul>\n\n\n\n<h2 class=\"wp-block-heading\">Vanlige stilte sp\u00f8rsm\u00e5l<\/h2>\n\n\n\n<h3 class=\"wp-block-heading\">Hvordan vet jeg om det er p\u00e5litelige nettcasinoer?&nbsp;&nbsp;<\/h3>\n\n\n\n<p>Et p\u00e5litelig nettcasino har en gyldig lisens fra en anerkjent spillmyndighet, bruker SSL-kryptering for datasikkerhet, og tilbyr spill fra kjente utviklere. Sjekk ogs\u00e5 brukeranmeldelser og vurder casinoets kundeservice.<\/p>\n\n\n\n<h3 class=\"wp-block-heading\">Hvorfor er lisens viktig n\u00e5r jeg velger casino?<\/h3>\n\n\n\n<p>Lisens gir trygghet for at casinoet f\u00f8lger strenge regler for sikkerhet og rettferdighet. En lisensiert akt\u00f8r blir jevnlig kontrollert av spillemyndighetene, noe som sikrer at de opererer p\u00e5 lovlig og etisk vis..<\/p>\n\n\n\n<h3 class=\"wp-block-heading\">Hvordan unng\u00e5r jeg useri\u00f8se casinoer?<\/h3>\n\n\n\n<p>Les anmeldelser fra andre spillere og se etter varseltegn som d\u00e5rlig kundeservice, mangel p\u00e5 SSL-sikkerhet, urealistiske bonustilbud og mangel av gyldig spillisens. Velg casinoer med kjente betalingsmetoder og god brukerst\u00f8tte.<\/p>\n\n\n\n<h3 class=\"wp-block-heading\">Hva b\u00f8r jeg se etter i bonusvilk\u00e5rene hos p\u00e5litelige nettcasinoer?<\/h3>\n\n\n\n<p>Sjekk omsetningskrav, eventuelle maksgrenser for gevinster, tidsbegrensninger og maks innsats. Tydelige og rimelige vilk\u00e5r som f\u00f8lger industristandarden er et godt tegn p\u00e5 et seri\u00f8st casino.<\/p>\n","protected":false},"excerpt":{"rendered":"<p>N\u00e5r du spiller p\u00e5 nett er det essensielt at du spiller hos p\u00e5litelige nettcasinoer. Dette er casinoer som ivaretar datasikkerheten din, samtidig som de tilbyr rettferdige spill, sikre betalingsmetoder, god kundest\u00f8tte, og regler og vilk\u00e5r som f\u00f8lger industristandarden. Selvsagt skal casinoene ogs\u00e5 operere lovlig, med lisens fra en anerkjent spillemyndighet. I denne artikkelen g\u00e5r vi [&hellip;]<\/p>\n","protected":false},"author":3,"featured_media":0,"parent":541,"menu_order":0,"comment_status":"closed","ping_status":"closed","template":"","meta":{"footnotes":""},"class_list":["post-984","page","type-page","status-publish","hentry"],"yoast_head":"<!-- This site is optimized with the Yoast SEO plugin v22.7 - https:\/\/yoast.com\/wordpress\/plugins\/seo\/ -->\n<title>Hvordan identifisere p\u00e5litelige nettcasinoer: En sjekkliste for spillere<\/title>\n<meta name=\"description\" content=\"Finn ut hvordan du identifiserer p\u00e5litelige nettcasinoer. Bruk v\u00e5r sjekkliste for \u00e5 finne de sikreste casinoene p\u00e5 nett for norske spillere.\" \/>\n<meta name=\"robots\" content=\"index, follow, max-snippet:-1, max-image-preview:large, max-video-preview:-1\" \/>\n<link rel=\"canonical\" href=\"http:\/\/casinoutenblokkering.com\/lov-om-pengespill\/omga-dns-blokkering-av-casino\/palitelige-nettcasinoer\" \/>\n<meta property=\"og:locale\" content=\"en_GB\" \/>\n<meta property=\"og:type\" content=\"article\" \/>\n<meta property=\"og:title\" content=\"Hvordan identifisere p\u00e5litelige nettcasinoer: En sjekkliste for spillere\" \/>\n<meta property=\"og:description\" content=\"Finn ut hvordan du identifiserer p\u00e5litelige nettcasinoer. Bruk v\u00e5r sjekkliste for \u00e5 finne de sikreste casinoene p\u00e5 nett for norske spillere.\" \/>\n<meta property=\"og:url\" content=\"http:\/\/casinoutenblokkering.com\/lov-om-pengespill\/omga-dns-blokkering-av-casino\/palitelige-nettcasinoer\" \/>\n<meta property=\"og:site_name\" content=\"Casino Uten Blokkering\" \/>\n<meta property=\"article:modified_time\" content=\"2024-11-25T07:43:03+00:00\" \/>\n<meta name=\"twitter:card\" content=\"summary_large_image\" \/>\n<meta name=\"twitter:label1\" content=\"Estimated reading time\" \/>\n\t<meta name=\"twitter:data1\" content=\"9 minutes\" \/>\n<script type=\"application\/ld+json\" class=\"yoast-schema-graph\">{\"@context\":\"https:\/\/schema.org\",\"@graph\":[{\"@type\":\"WebPage\",\"@id\":\"http:\/\/casinoutenblokkering.com\/lov-om-pengespill\/omga-dns-blokkering-av-casino\/palitelige-nettcasinoer\",\"url\":\"http:\/\/casinoutenblokkering.com\/lov-om-pengespill\/omga-dns-blokkering-av-casino\/palitelige-nettcasinoer\",\"name\":\"Hvordan identifisere p\u00e5litelige nettcasinoer: En sjekkliste for spillere\",\"isPartOf\":{\"@id\":\"http:\/\/casinoutenblokkering.com\/#website\"},\"datePublished\":\"2024-11-25T07:39:47+00:00\",\"dateModified\":\"2024-11-25T07:43:03+00:00\",\"description\":\"Finn ut hvordan du identifiserer p\u00e5litelige nettcasinoer. Bruk v\u00e5r sjekkliste for \u00e5 finne de sikreste casinoene p\u00e5 nett for norske spillere.\",\"breadcrumb\":{\"@id\":\"http:\/\/casinoutenblokkering.com\/lov-om-pengespill\/omga-dns-blokkering-av-casino\/palitelige-nettcasinoer#breadcrumb\"},\"inLanguage\":\"en-GB\",\"potentialAction\":[{\"@type\":\"ReadAction\",\"target\":[\"http:\/\/casinoutenblokkering.com\/lov-om-pengespill\/omga-dns-blokkering-av-casino\/palitelige-nettcasinoer\"]}]},{\"@type\":\"BreadcrumbList\",\"@id\":\"http:\/\/casinoutenblokkering.com\/lov-om-pengespill\/omga-dns-blokkering-av-casino\/palitelige-nettcasinoer#breadcrumb\",\"itemListElement\":[{\"@type\":\"ListItem\",\"position\":1,\"name\":\"Home\",\"item\":\"https:\/\/casinoutenblokkering.com\/\"},{\"@type\":\"ListItem\",\"position\":2,\"name\":\"Utenlandske spillselskaper\",\"item\":\"http:\/\/casinoutenblokkering.com\/utenlandske-spillselskaper\"},{\"@type\":\"ListItem\",\"position\":3,\"name\":\"Hvordan identifisere p\u00e5litelige nettcasinoer: En sjekkliste for norske spillere\"}]},{\"@type\":\"WebSite\",\"@id\":\"http:\/\/casinoutenblokkering.com\/#website\",\"url\":\"http:\/\/casinoutenblokkering.com\/\",\"name\":\"Casino Uten Blokkering\",\"description\":\"Alt du trenger for en smartere spillstrategi i Norge!\",\"publisher\":{\"@id\":\"http:\/\/casinoutenblokkering.com\/#organization\"},\"potentialAction\":[{\"@type\":\"SearchAction\",\"target\":{\"@type\":\"EntryPoint\",\"urlTemplate\":\"http:\/\/casinoutenblokkering.com\/?s={search_term_string}\"},\"query-input\":\"required name=search_term_string\"}],\"inLanguage\":\"en-GB\"},{\"@type\":\"Organization\",\"@id\":\"http:\/\/casinoutenblokkering.com\/#organization\",\"name\":\"Casino Uten Blokkering\",\"url\":\"http:\/\/casinoutenblokkering.com\/\",\"logo\":{\"@type\":\"ImageObject\",\"inLanguage\":\"en-GB\",\"@id\":\"http:\/\/casinoutenblokkering.com\/#\/schema\/logo\/image\/\",\"url\":\"http:\/\/casinoutenblokkering.com\/wp-content\/uploads\/2024\/07\/cropped-casinoutenblokkering-logo.webp\",\"contentUrl\":\"http:\/\/casinoutenblokkering.com\/wp-content\/uploads\/2024\/07\/cropped-casinoutenblokkering-logo.webp\",\"width\":300,\"height\":263,\"caption\":\"Casino Uten Blokkering\"},\"image\":{\"@id\":\"http:\/\/casinoutenblokkering.com\/#\/schema\/logo\/image\/\"}}]}<\/script>\n<!-- \/ Yoast SEO plugin. -->","yoast_head_json":{"title":"Hvordan identifisere p\u00e5litelige nettcasinoer: En sjekkliste for spillere","description":"Finn ut hvordan du identifiserer p\u00e5litelige nettcasinoer. Bruk v\u00e5r sjekkliste for \u00e5 finne de sikreste casinoene p\u00e5 nett for norske spillere.","robots":{"index":"index","follow":"follow","max-snippet":"max-snippet:-1","max-image-preview":"max-image-preview:large","max-video-preview":"max-video-preview:-1"},"canonical":"http:\/\/casinoutenblokkering.com\/lov-om-pengespill\/omga-dns-blokkering-av-casino\/palitelige-nettcasinoer","og_locale":"en_GB","og_type":"article","og_title":"Hvordan identifisere p\u00e5litelige nettcasinoer: En sjekkliste for spillere","og_description":"Finn ut hvordan du identifiserer p\u00e5litelige nettcasinoer. Bruk v\u00e5r sjekkliste for \u00e5 finne de sikreste casinoene p\u00e5 nett for norske spillere.","og_url":"http:\/\/casinoutenblokkering.com\/lov-om-pengespill\/omga-dns-blokkering-av-casino\/palitelige-nettcasinoer","og_site_name":"Casino Uten Blokkering","article_modified_time":"2024-11-25T07:43:03+00:00","twitter_card":"summary_large_image","twitter_misc":{"Estimated reading time":"9 minutes"},"schema":{"@context":"https:\/\/schema.org","@graph":[{"@type":"WebPage","@id":"http:\/\/casinoutenblokkering.com\/lov-om-pengespill\/omga-dns-blokkering-av-casino\/palitelige-nettcasinoer","url":"http:\/\/casinoutenblokkering.com\/lov-om-pengespill\/omga-dns-blokkering-av-casino\/palitelige-nettcasinoer","name":"Hvordan identifisere p\u00e5litelige nettcasinoer: En sjekkliste for spillere","isPartOf":{"@id":"http:\/\/casinoutenblokkering.com\/#website"},"datePublished":"2024-11-25T07:39:47+00:00","dateModified":"2024-11-25T07:43:03+00:00","description":"Finn ut hvordan du identifiserer p\u00e5litelige nettcasinoer. Bruk v\u00e5r sjekkliste for \u00e5 finne de sikreste casinoene p\u00e5 nett for norske spillere.","breadcrumb":{"@id":"http:\/\/casinoutenblokkering.com\/lov-om-pengespill\/omga-dns-blokkering-av-casino\/palitelige-nettcasinoer#breadcrumb"},"inLanguage":"en-GB","potentialAction":[{"@type":"ReadAction","target":["http:\/\/casinoutenblokkering.com\/lov-om-pengespill\/omga-dns-blokkering-av-casino\/palitelige-nettcasinoer"]}]},{"@type":"BreadcrumbList","@id":"http:\/\/casinoutenblokkering.com\/lov-om-pengespill\/omga-dns-blokkering-av-casino\/palitelige-nettcasinoer#breadcrumb","itemListElement":[{"@type":"ListItem","position":1,"name":"Home","item":"https:\/\/casinoutenblokkering.com\/"},{"@type":"ListItem","position":2,"name":"Utenlandske spillselskaper","item":"http:\/\/casinoutenblokkering.com\/utenlandske-spillselskaper"},{"@type":"ListItem","position":3,"name":"Hvordan identifisere p\u00e5litelige nettcasinoer: En sjekkliste for norske spillere"}]},{"@type":"WebSite","@id":"http:\/\/casinoutenblokkering.com\/#website","url":"http:\/\/casinoutenblokkering.com\/","name":"Casino Uten Blokkering","description":"Alt du trenger for en smartere spillstrategi i Norge!","publisher":{"@id":"http:\/\/casinoutenblokkering.com\/#organization"},"potentialAction":[{"@type":"SearchAction","target":{"@type":"EntryPoint","urlTemplate":"http:\/\/casinoutenblokkering.com\/?s={search_term_string}"},"query-input":"required name=search_term_string"}],"inLanguage":"en-GB"},{"@type":"Organization","@id":"http:\/\/casinoutenblokkering.com\/#organization","name":"Casino Uten Blokkering","url":"http:\/\/casinoutenblokkering.com\/","logo":{"@type":"ImageObject","inLanguage":"en-GB","@id":"http:\/\/casinoutenblokkering.com\/#\/schema\/logo\/image\/","url":"http:\/\/casinoutenblokkering.com\/wp-content\/uploads\/2024\/07\/cropped-casinoutenblokkering-logo.webp","contentUrl":"http:\/\/casinoutenblokkering.com\/wp-content\/uploads\/2024\/07\/cropped-casinoutenblokkering-logo.webp","width":300,"height":263,"caption":"Casino Uten Blokkering"},"image":{"@id":"http:\/\/casinoutenblokkering.com\/#\/schema\/logo\/image\/"}}]}},"_links":{"self":[{"href":"http:\/\/casinoutenblokkering.com\/index.php?rest_route=\/wp\/v2\/pages\/984","targetHints":{"allow":["GET"]}}],"collection":[{"href":"http:\/\/casinoutenblokkering.com\/index.php?rest_route=\/wp\/v2\/pages"}],"about":[{"href":"http:\/\/casinoutenblokkering.com\/index.php?rest_route=\/wp\/v2\/types\/page"}],"author":[{"embeddable":true,"href":"http:\/\/casinoutenblokkering.com\/index.php?rest_route=\/wp\/v2\/users\/3"}],"replies":[{"embeddable":true,"href":"http:\/\/casinoutenblokkering.com\/index.php?rest_route=%2Fwp%2Fv2%2Fcomments&post=984"}],"version-history":[{"count":2,"href":"http:\/\/casinoutenblokkering.com\/index.php?rest_route=\/wp\/v2\/pages\/984\/revisions"}],"predecessor-version":[{"id":1007,"href":"http:\/\/casinoutenblokkering.com\/index.php?rest_route=\/wp\/v2\/pages\/984\/revisions\/1007"}],"up":[{"embeddable":true,"href":"http:\/\/casinoutenblokkering.com\/index.php?rest_route=\/wp\/v2\/pages\/541"}],"wp:attachment":[{"href":"http:\/\/casinoutenblokkering.com\/index.php?rest_route=%2Fwp%2Fv2%2Fmedia&parent=984"}],"curies":[{"name":"wp","href":"https:\/\/api.w.org\/{rel}","templated":true}]}}