{"id":994,"date":"2024-11-25T07:24:21","date_gmt":"2024-11-25T07:24:21","guid":{"rendered":"https:\/\/casinoutenblokkering.com\/?page_id=994"},"modified":"2024-11-25T07:24:22","modified_gmt":"2024-11-25T07:24:22","slug":"rng","status":"publish","type":"page","link":"http:\/\/casinoutenblokkering.com\/utenlandske-spillselskaper\/rng","title":{"rendered":"Rollen til RNG hos nettcasinoer: Sikrer rettferdig spill for norske spillere"},"content":{"rendered":"\n<p>RNG (Random Number Generator) er tallgeneraorer, og teknologien sikrer at spillene hos nettcasinoer er rettferdige for norske spillere. RNG-er benyttes i de fleste casinospill, slik som spilleautomater og bordspill, og sikrer tilfeldige og uavhengige resultater. Vi skal her se n\u00e6rmere p\u00e5 hvordan tallgeneratorer fungerer i forskjellige spill, hvorfor det er viktig for rettferdighet, og hvordan nettcasinoer s\u00f8rger for at denne teknologien er p\u00e5litelig og sikker. Vi vil ogs\u00e5 forklare noen vanlige misforst\u00e5elser om tallgeneratorer og rettferdighet, slik at du kan v\u00e6re sikker p\u00e5 at du alltid har rettferdige vinnersjanser n\u00e5r du spiller casinospill p\u00e5 nett.<\/p>\n\n\n\n<h2 class=\"wp-block-heading\">Hva er en RNG (Random Number Generator)?<\/h2>\n\n\n\n<p>En RNG, eller Random Number Generator, er en tilfeldig tallgenerator som brukes av nettcasinoer for \u00e5 sikre at spillene er rettferdige. Enkelt sagt er det en teknologi som lager tilfeldige resultater. N\u00e5r du spiller hos et casino, om det er spilleautomater, bordspill eller andre spill, s\u00f8rger RNG for at hver spillerunde gir et uforutsigbart resultat. Dette betyr at hver runde er uavhengig av tidligere runder, og dermed er er alle spillerunder rettferdige ved \u00e5 gi deg samme vinnersjanser.<\/p>\n\n\n\n<p>Det en tallgeneratorer gj\u00f8r er \u00e5 generere tall i rask rekkef\u00f8lge, ofte flere tusen per sekund. N\u00e5r du klikker for \u00e5 starte en ny spillerunde stopper den p\u00e5 et tilfeldig tall. Dette tallet kobles deretter til et spesifikt utfall i spillet, som et symbol p\u00e5 spilleautomaten.\u00a0<\/p>\n\n\n\n<p>RNG-er blir regelmessig testet av uavhengige tredjepartsorganisasjoner for \u00e5 sikre at de gir rettferdige resultater. Noen selskaper som driver med testing av tallgeneratorer for casinobransjen inkluderer eCOGRA, iTechlabs og BMM Testlabs.\u00a0<\/p>\n\n\n\n<h2 class=\"wp-block-heading\">Hvorfor er tallgeneratorer viktig for rettferdighet i nettcasinoer?<\/h2>\n\n\n\n<p>RNG er avgj\u00f8rende for rettferdighet hos <a href=\"https:\/\/casinoutenblokkering.com\/utenlandske-spillselskaper\">utenlandske spillselskaper<\/a> fordi det sikrer at hvert spill gir et helt tilfeldig og uforutsigbart resultat. En tallgeneratorer s\u00f8rger for at spillene er rettferdige for alle spillere, da alle har de samme sjansene for \u00e5 vinne. Verken casinoet, spillutvikleren eller andre spillere kan p\u00e5virke hvem som vinner, og derfor er det kun din egen flaks som avgj\u00f8r hva resultatet for hver spillerunde er.<\/p>\n\n\n\n<p>Uten RNG kan spill v\u00e6re manipulert, slik at de ikke lengre er rettferdige. Dette kan vises i at de utbetaler mindre enn hva de skal, enten for alle spillere er for utvalgte spillere. Er en tallgenerator manipulert, eller rigget, av et casino s\u00e5 vil spillet gi deg kun sm\u00e5 og f\u00e5 gevinster. Med andre ord vil en rigget tallgeneratorer s\u00f8rge for at du nesten aldri vinner.<\/p>\n\n\n\n<h2 class=\"wp-block-heading\">Hvordan fungerer RNG i forskjellige casinospill?<\/h2>\n\n\n\n<p>En tallgenerator benyttes i alle spill hvor et resultat velges digitalt. Det vil si symbolene som lander i en spilleautomat, spesifikke kort som trekkes i kortspill, eller resultatet av et digitalt terningkast. La oss her se p\u00e5 noen av m\u00e5tene en RNG brukes p\u00e5 i ulike casinospill.\u00a0<\/p>\n\n\n\n<h3 class=\"wp-block-heading\">Spilleautomater<\/h3>\n\n\n\n<p>I spilleautomater genererer RNG tilfeldige tall som bestemmer hvilke symboler som vises p\u00e5 skjermen etter hvert spinn. Hver symbolkombinasjon har en spesifikk verdi og sjanse for \u00e5 vises, og tallgeneratorer sikrer at resultatene er uavhengige og uforutsigbare. N\u00e5r du klikker p\u00e5 \u201cspinn\u201d-knappen, stopper RNG-prosessen p\u00e5 et tilfeldig tall som tilknytter seg et bestemt sett med symboler, som avgj\u00f8r om du vinner og hvor mye du vinner.<\/p>\n\n\n\n<h3 class=\"wp-block-heading\">Bordspill<\/h3>\n\n\n\n<p>I bordspill som blackjack, roulette og baccarat brukes RNG til \u00e5 simulere tilfeldig blanding av kortstokker, rulling av terninger, eller hvor p\u00e5 hjulet kulen lander. For eksempel i blackjack trekkes kortene fra en tilfeldig stokket kortstokk, og i craps bestemmer tallgeneratorer resultatet som vises p\u00e5 hver terning. RNG sikrer at sjansene for hvert utfall er det samme som sjansen hadde v\u00e6rt dersom du hadde spilt et ekte fysisk spill.<\/p>\n\n\n\n<h3 class=\"wp-block-heading\">Live casino<\/h3>\n\n\n\n<p>I live casino-spill, som live blackjack og roulette, er RNG mindre involvert, ettersom resultatene kommer fra ekte dealere og fysiske spilleobjekter som kort og terninger. Tallgeneratorer brukes derimot til \u00e5 generere tilfeldige resultater i spill som har automatiserte elementer. For eksempel ved \u00e5 generere resultatene i bonusspill n\u00e5r du spiller gameshow-spill. Resultatene i slike livespill vil dermed avhenge av b\u00e5de et fysisk resultat og resultatet av en RNG, og disse to elementene er s\u00e5 klart helt uavhengig av hverandre.<\/p>\n\n\n\n<h3 class=\"wp-block-heading\">Videopoker og spesialspill<\/h3>\n\n\n\n<p>I videopoker og spesialspill som keno eller bingo, brukes RNG til \u00e5 generere tilfeldige kort eller tall. For videopoker genereres en tilfeldig h\u00e5nd fra en virtuell kortstokk, og dine egne valg av kort som skal beholdes eller kastes p\u00e5virker resultatene. I keno genererer tallgeneratorer tilfeldig de tallene som trekkes, og dette, sammen med tallene du selv velger, bestemmer om du vinner eller ikke. Dermed avhenger resultatet av spillerunden av to elementer \u2013 dine egne handlinger sammen med RNG-resultater.<\/p>\n\n\n\n<h3 class=\"wp-block-heading\">Crashspill<\/h3>\n\n\n\n<p>I crashspill vil en RNG bestemme hvilken multiplikator som blir sluttresultatet i en spillerunde. Uvitende om dette resultatet vil du selv velge n\u00e5r du vil avslutte runden og cashe ut. Dermed er det flere elementer som avgj\u00f8r om du vinner og hvor mye du vinner. En RNG bestemme hvor mye som potensielt kan vinnes for spillerunden, men det er opp til deg selv \u00e5 avgj\u00f8re risikoen du \u00f8nsker \u00e5 ta, ved \u00e5 velge n\u00e5r du vil hente ut en gevinst.<\/p>\n\n\n\n<h2 class=\"wp-block-heading\">Hvordan rettferdigheten i RNG sikres<\/h2>\n\n\n\n<p>Alle sikre norske nettcasinoer har en spillisens fra en anerkjent spillemyndighet. Noen av disse kan inkluderer Malta Gaming Authority, Curacao Gaming Control Board og Kahnawake Gaming Commission. Slike myndigheter krever at casinoene jevnlig tester mykvaren sin, inkludert RNG. Dermed kan du alltid vite at s\u00e5 lenge et casino har en slik lisens s\u00e5 vil deres tallgeneratorer v\u00e6re sertifisert.<\/p>\n\n\n\n<p>Sertifiseringen av en RNG gj\u00f8res av ulike uavhengige testselskaper. Noen av de mest kjente er eCOGDA, iTechlabs og BMM Testlabs. Disse selskapene gjennomf\u00f8rer tester for \u00e5 sjekke tilfeldigheten og rettferdigheten til tilfeldige tallgeneratorer som benyttes hos casinoer. Noen casinoer velger \u00e5 vise hvilket selskap de bruker for \u00e5 teste mykvaren, mens andre ikke publiserer denne informasjonen. Men, s\u00e5 lenge du kan verifisere at casinoet har en sikker spillisens er det sikkert \u00e5 anta at derres RNG er sertifisert som rettferdig, da dette er et lisenskrav.<\/p>\n\n\n\n<h2 class=\"wp-block-heading\">Vanlige misforst\u00e5elser om tallgeneratorer og rettferdighet hos nettcasinoer<\/h2>\n\n\n\n<p>Det er flere vanlige misforst\u00e5elser knyttet til RNG og rettferdighet hos nettcasinoer. En av de vanligste er at RNG-er kan manipuleres av casinoet for \u00e5 gi spilleren d\u00e5rligere odds eller forhindre gevinst. Faktisk er tallgeneratorer designet for \u00e5 v\u00e6re helt tilfeldige og kan ikke manipuleres, spesielt n\u00e5r de er sertifisert av uavhengige tredjepartsorganisasjoner.\u00a0<\/p>\n\n\n\n<p>En annen misforst\u00e5else er at RNG-resultater kan v\u00e6re p\u00e5virket av din egen aktivitet, for eksempel at hvis du vinner flere ganger har du \u201cbrukt opp\u201d gevinstene eller at et casino kan \u201cskru opp\u201d eller \u201cskru ned\u201d oddsene basert p\u00e5 spillem\u00f8nstret ditt. Dette stemmer ikke, da tallgeneratorer fungerer uavhengig av tidligere spillerunder. Hver runde er helt tilfeldig, uavhengig av resultatet av tidligere runder eller din samlede spille\u00f8kt.<\/p>\n\n\n\n<p>En tredje misforst\u00e5else er at spill som har lengre perioder med tap er urettferdige. Dette skjer fordi spillets resultat er helt tilfeldig, og det er naturlig at det kan v\u00e6re perioder med b\u00e5de gevinst og tap. Lenge taprekker har mer \u00e5 gj\u00f8re med spillets volatilitet \u00e5 gj\u00f8re, s\u00e5 hvis du vil vinne oftere m\u00e5 du heller velge et spill med lav volatilitet. Men, husk at mange gevinster ofte vil bety at du vinner mindre per gevinst.&nbsp;<\/p>\n\n\n\n<h2 class=\"wp-block-heading\">Konklusjon<\/h2>\n\n\n\n<p>RNG-teknologien spiller en avgj\u00f8rende rolle i \u00e5 sikre at nettcasinoer tilbyr rettferdige spill. Gjennom tilfeldige tallgeneratorer blir utfallet av hver spillerunde helt uavhengig og forutsigbart. Det gir alle spillere samme sjanse til \u00e5 vinne. Uavhengige tester og sertifiseringer hos lisensierte casinoer sikrer at RNG-er fungerer som de skal.\u00a0<\/p>\n\n\n\n<p>Det er viktig \u00e5 forst\u00e5 at teknologien i en tallgenerator er utformet for \u00e5 gi tilfeldige, uavhengige resultater. Uansett om du spiller spilleautomater, bordspill eller andre spesialspill, kan du v\u00e6re trygg p\u00e5 at RNG-en gir en sikker og rettferdig spillopplevelse, s\u00e5 lenge du spiller hos et lisensiert casino.<\/p>\n\n\n\n<ul class=\"wp-block-list\">\n<li>RNG-er sikrer tilfeldige og uavhengige spillresultater for hver spillerunde slik at alle spillere har samme vinnersjanser.<\/li>\n\n\n\n<li>eCOGRA, iTechlabs og BMM Testlabs er noen av de uavhengige testselskapene som sertifiserer at casinoets RNG fungerer korrekt.<\/li>\n\n\n\n<li>Nettcasinoer som er lisensiert og regulert f\u00f8lger strenge krav for rettferdighet og m\u00e5 ha sertifiserte RNG-er.<\/li>\n\n\n\n<li>Det er ikke mulig for et casino \u00e5 p\u00e5virke hvem som vinner s\u00e5 lenge deres tallgeneratorer er sertifisert.<\/li>\n<\/ul>\n\n\n\n<h2 class=\"wp-block-heading\">Vanlige stilte sp\u00f8rsm\u00e5l<\/h2>\n\n\n\n<h3 class=\"wp-block-heading\">Hva er en RNG hos et nettcasino?<\/h3>\n\n\n\n<p>En RNG (Random Number Generator) er en tallgenerator som genererer tilfeldige tall. Dette sikrer at resultatene i casinospill er uforutsigbare og rettferdige. RNG brukes i spilleautomater, bordspill og andre casinospill for \u00e5 avgj\u00f8re det som skal v\u00e6re digitalt genererte tilfeldige utfall.<\/p>\n\n\n\n<h3 class=\"wp-block-heading\">Hvordan s\u00f8rger RNG for rettferdighet i spillene?<\/h3>\n\n\n\n<p>RNG sikrer at hver spillrunde er tilfeldig og uavhengig av tidligere runder og spill\u00f8kter. Dette gir alle spillere like sjanser, og ingen kan p\u00e5virke utfallet. Uavhengige tester og sertifiseringer bekrefter at tallgeneratorer f\u00f8lger strenge standarder for rettferdighet.<\/p>\n\n\n\n<h3 class=\"wp-block-heading\">Kan RNG manipuleres av nettcasinoet?<\/h3>\n\n\n\n<p>Nei, RNG-er er utformet for \u00e5 v\u00e6re helt tilfeldige og kan ikke manipuleres. De blir regelmessig testet av uavhengige tredjepartsorganisasjoner for \u00e5 sikre at de gir p\u00e5litelige og rettferdige resultater.<\/p>\n\n\n\n<h3 class=\"wp-block-heading\">Hvordan testes RNG-er for rettferdighet?<\/h3>\n\n\n\n<p>RNG-er testes av uavhengige kontrollorganisasjoner som bruker strenge metoder for \u00e5 sikre at de gir tilfeldige resultater. Casinoer m\u00e5 ha sertifiserte tallgeneratorersom overholder internasjonale standarder for rettferdighet og tilfeldighet.<\/p>\n\n\n\n<h3 class=\"wp-block-heading\">P\u00e5virkes spillresultatene av din egen aktivitet?<\/h3>\n\n\n\n<p>Nei, din egen aktivitet p\u00e5virker ikke RNG-resultatene. Hvert spill er helt tilfeldig, og tallgeneratorer genererer et uavhengig resultat for hver runde, uavhengig av hva som har skjedd i tidligere spillerunder.<\/p>\n","protected":false},"excerpt":{"rendered":"<p>RNG (Random Number Generator) er tallgeneraorer, og teknologien sikrer at spillene hos nettcasinoer er rettferdige for norske spillere. RNG-er benyttes i de fleste casinospill, slik som spilleautomater og bordspill, og sikrer tilfeldige og uavhengige resultater. Vi skal her se n\u00e6rmere p\u00e5 hvordan tallgeneratorer fungerer i forskjellige spill, hvorfor det er viktig for rettferdighet, og hvordan [&hellip;]<\/p>\n","protected":false},"author":3,"featured_media":0,"parent":541,"menu_order":0,"comment_status":"closed","ping_status":"closed","template":"","meta":{"footnotes":""},"class_list":["post-994","page","type-page","status-publish","hentry"],"yoast_head":"<!-- This site is optimized with the Yoast SEO plugin v22.7 - https:\/\/yoast.com\/wordpress\/plugins\/seo\/ -->\n<title>RNG hos nettcasinoer: Sikrer rettferdig spill for norske spillere<\/title>\n<meta name=\"description\" content=\"Finn ut hvilken rolle en RNG har hos nettcasinoer, og hvordan den sikrer at alle spillerunder er rettferdige, uavhengige, og tilfeldige.\" \/>\n<meta name=\"robots\" content=\"index, follow, max-snippet:-1, max-image-preview:large, max-video-preview:-1\" \/>\n<link rel=\"canonical\" href=\"http:\/\/casinoutenblokkering.com\/utenlandske-spillselskaper\/rng\" \/>\n<meta property=\"og:locale\" content=\"en_GB\" \/>\n<meta property=\"og:type\" content=\"article\" \/>\n<meta property=\"og:title\" content=\"RNG hos nettcasinoer: Sikrer rettferdig spill for norske spillere\" \/>\n<meta property=\"og:description\" content=\"Finn ut hvilken rolle en RNG har hos nettcasinoer, og hvordan den sikrer at alle spillerunder er rettferdige, uavhengige, og tilfeldige.\" \/>\n<meta property=\"og:url\" content=\"http:\/\/casinoutenblokkering.com\/utenlandske-spillselskaper\/rng\" \/>\n<meta property=\"og:site_name\" content=\"Casino Uten Blokkering\" \/>\n<meta property=\"article:modified_time\" content=\"2024-11-25T07:24:22+00:00\" \/>\n<meta name=\"twitter:card\" content=\"summary_large_image\" \/>\n<meta name=\"twitter:label1\" content=\"Estimated reading time\" \/>\n\t<meta name=\"twitter:data1\" content=\"7 minutes\" \/>\n<script type=\"application\/ld+json\" class=\"yoast-schema-graph\">{\"@context\":\"https:\/\/schema.org\",\"@graph\":[{\"@type\":\"WebPage\",\"@id\":\"http:\/\/casinoutenblokkering.com\/utenlandske-spillselskaper\/rng\",\"url\":\"http:\/\/casinoutenblokkering.com\/utenlandske-spillselskaper\/rng\",\"name\":\"RNG hos nettcasinoer: Sikrer rettferdig spill for norske spillere\",\"isPartOf\":{\"@id\":\"http:\/\/casinoutenblokkering.com\/#website\"},\"datePublished\":\"2024-11-25T07:24:21+00:00\",\"dateModified\":\"2024-11-25T07:24:22+00:00\",\"description\":\"Finn ut hvilken rolle en RNG har hos nettcasinoer, og hvordan den sikrer at alle spillerunder er rettferdige, uavhengige, og tilfeldige.\",\"breadcrumb\":{\"@id\":\"http:\/\/casinoutenblokkering.com\/utenlandske-spillselskaper\/rng#breadcrumb\"},\"inLanguage\":\"en-GB\",\"potentialAction\":[{\"@type\":\"ReadAction\",\"target\":[\"http:\/\/casinoutenblokkering.com\/utenlandske-spillselskaper\/rng\"]}]},{\"@type\":\"BreadcrumbList\",\"@id\":\"http:\/\/casinoutenblokkering.com\/utenlandske-spillselskaper\/rng#breadcrumb\",\"itemListElement\":[{\"@type\":\"ListItem\",\"position\":1,\"name\":\"Home\",\"item\":\"http:\/\/casinoutenblokkering.com\/\"},{\"@type\":\"ListItem\",\"position\":2,\"name\":\"Utenlandske spillselskaper\",\"item\":\"http:\/\/casinoutenblokkering.com\/utenlandske-spillselskaper\"},{\"@type\":\"ListItem\",\"position\":3,\"name\":\"Rollen til RNG hos nettcasinoer: Sikrer rettferdig spill for norske spillere\"}]},{\"@type\":\"WebSite\",\"@id\":\"http:\/\/casinoutenblokkering.com\/#website\",\"url\":\"http:\/\/casinoutenblokkering.com\/\",\"name\":\"Casino Uten Blokkering\",\"description\":\"Alt du trenger for en smartere spillstrategi i Norge!\",\"publisher\":{\"@id\":\"http:\/\/casinoutenblokkering.com\/#organization\"},\"potentialAction\":[{\"@type\":\"SearchAction\",\"target\":{\"@type\":\"EntryPoint\",\"urlTemplate\":\"http:\/\/casinoutenblokkering.com\/?s={search_term_string}\"},\"query-input\":\"required name=search_term_string\"}],\"inLanguage\":\"en-GB\"},{\"@type\":\"Organization\",\"@id\":\"http:\/\/casinoutenblokkering.com\/#organization\",\"name\":\"Casino Uten Blokkering\",\"url\":\"http:\/\/casinoutenblokkering.com\/\",\"logo\":{\"@type\":\"ImageObject\",\"inLanguage\":\"en-GB\",\"@id\":\"http:\/\/casinoutenblokkering.com\/#\/schema\/logo\/image\/\",\"url\":\"http:\/\/casinoutenblokkering.com\/wp-content\/uploads\/2024\/07\/cropped-casinoutenblokkering-logo.webp\",\"contentUrl\":\"http:\/\/casinoutenblokkering.com\/wp-content\/uploads\/2024\/07\/cropped-casinoutenblokkering-logo.webp\",\"width\":300,\"height\":263,\"caption\":\"Casino Uten Blokkering\"},\"image\":{\"@id\":\"http:\/\/casinoutenblokkering.com\/#\/schema\/logo\/image\/\"}}]}<\/script>\n<!-- \/ Yoast SEO plugin. -->","yoast_head_json":{"title":"RNG hos nettcasinoer: Sikrer rettferdig spill for norske spillere","description":"Finn ut hvilken rolle en RNG har hos nettcasinoer, og hvordan den sikrer at alle spillerunder er rettferdige, uavhengige, og tilfeldige.","robots":{"index":"index","follow":"follow","max-snippet":"max-snippet:-1","max-image-preview":"max-image-preview:large","max-video-preview":"max-video-preview:-1"},"canonical":"http:\/\/casinoutenblokkering.com\/utenlandske-spillselskaper\/rng","og_locale":"en_GB","og_type":"article","og_title":"RNG hos nettcasinoer: Sikrer rettferdig spill for norske spillere","og_description":"Finn ut hvilken rolle en RNG har hos nettcasinoer, og hvordan den sikrer at alle spillerunder er rettferdige, uavhengige, og tilfeldige.","og_url":"http:\/\/casinoutenblokkering.com\/utenlandske-spillselskaper\/rng","og_site_name":"Casino Uten Blokkering","article_modified_time":"2024-11-25T07:24:22+00:00","twitter_card":"summary_large_image","twitter_misc":{"Estimated reading time":"7 minutes"},"schema":{"@context":"https:\/\/schema.org","@graph":[{"@type":"WebPage","@id":"http:\/\/casinoutenblokkering.com\/utenlandske-spillselskaper\/rng","url":"http:\/\/casinoutenblokkering.com\/utenlandske-spillselskaper\/rng","name":"RNG hos nettcasinoer: Sikrer rettferdig spill for norske spillere","isPartOf":{"@id":"http:\/\/casinoutenblokkering.com\/#website"},"datePublished":"2024-11-25T07:24:21+00:00","dateModified":"2024-11-25T07:24:22+00:00","description":"Finn ut hvilken rolle en RNG har hos nettcasinoer, og hvordan den sikrer at alle spillerunder er rettferdige, uavhengige, og tilfeldige.","breadcrumb":{"@id":"http:\/\/casinoutenblokkering.com\/utenlandske-spillselskaper\/rng#breadcrumb"},"inLanguage":"en-GB","potentialAction":[{"@type":"ReadAction","target":["http:\/\/casinoutenblokkering.com\/utenlandske-spillselskaper\/rng"]}]},{"@type":"BreadcrumbList","@id":"http:\/\/casinoutenblokkering.com\/utenlandske-spillselskaper\/rng#breadcrumb","itemListElement":[{"@type":"ListItem","position":1,"name":"Home","item":"http:\/\/casinoutenblokkering.com\/"},{"@type":"ListItem","position":2,"name":"Utenlandske spillselskaper","item":"http:\/\/casinoutenblokkering.com\/utenlandske-spillselskaper"},{"@type":"ListItem","position":3,"name":"Rollen til RNG hos nettcasinoer: Sikrer rettferdig spill for norske spillere"}]},{"@type":"WebSite","@id":"http:\/\/casinoutenblokkering.com\/#website","url":"http:\/\/casinoutenblokkering.com\/","name":"Casino Uten Blokkering","description":"Alt du trenger for en smartere spillstrategi i Norge!","publisher":{"@id":"http:\/\/casinoutenblokkering.com\/#organization"},"potentialAction":[{"@type":"SearchAction","target":{"@type":"EntryPoint","urlTemplate":"http:\/\/casinoutenblokkering.com\/?s={search_term_string}"},"query-input":"required name=search_term_string"}],"inLanguage":"en-GB"},{"@type":"Organization","@id":"http:\/\/casinoutenblokkering.com\/#organization","name":"Casino Uten Blokkering","url":"http:\/\/casinoutenblokkering.com\/","logo":{"@type":"ImageObject","inLanguage":"en-GB","@id":"http:\/\/casinoutenblokkering.com\/#\/schema\/logo\/image\/","url":"http:\/\/casinoutenblokkering.com\/wp-content\/uploads\/2024\/07\/cropped-casinoutenblokkering-logo.webp","contentUrl":"http:\/\/casinoutenblokkering.com\/wp-content\/uploads\/2024\/07\/cropped-casinoutenblokkering-logo.webp","width":300,"height":263,"caption":"Casino Uten Blokkering"},"image":{"@id":"http:\/\/casinoutenblokkering.com\/#\/schema\/logo\/image\/"}}]}},"_links":{"self":[{"href":"http:\/\/casinoutenblokkering.com\/index.php?rest_route=\/wp\/v2\/pages\/994","targetHints":{"allow":["GET"]}}],"collection":[{"href":"http:\/\/casinoutenblokkering.com\/index.php?rest_route=\/wp\/v2\/pages"}],"about":[{"href":"http:\/\/casinoutenblokkering.com\/index.php?rest_route=\/wp\/v2\/types\/page"}],"author":[{"embeddable":true,"href":"http:\/\/casinoutenblokkering.com\/index.php?rest_route=\/wp\/v2\/users\/3"}],"replies":[{"embeddable":true,"href":"http:\/\/casinoutenblokkering.com\/index.php?rest_route=%2Fwp%2Fv2%2Fcomments&post=994"}],"version-history":[{"count":1,"href":"http:\/\/casinoutenblokkering.com\/index.php?rest_route=\/wp\/v2\/pages\/994\/revisions"}],"predecessor-version":[{"id":995,"href":"http:\/\/casinoutenblokkering.com\/index.php?rest_route=\/wp\/v2\/pages\/994\/revisions\/995"}],"up":[{"embeddable":true,"href":"http:\/\/casinoutenblokkering.com\/index.php?rest_route=\/wp\/v2\/pages\/541"}],"wp:attachment":[{"href":"http:\/\/casinoutenblokkering.com\/index.php?rest_route=%2Fwp%2Fv2%2Fmedia&parent=994"}],"curies":[{"name":"wp","href":"https:\/\/api.w.org\/{rel}","templated":true}]}}