{"id":33,"date":"2024-05-16T11:18:47","date_gmt":"2024-05-16T11:18:47","guid":{"rendered":"https:\/\/casinoutenblokkering.com\/?page_id=33"},"modified":"2024-06-24T14:40:47","modified_gmt":"2024-06-24T14:40:47","slug":"ansvarlig-spill","status":"publish","type":"page","link":"http:\/\/casinoutenblokkering.com\/ansvarlig-spill","title":{"rendered":"Ansvarlig Spill"},"content":{"rendered":"\n<p>\u00c5 spille p\u00e5 utenlandske spillsider fra Norge er helt lovlig, men det er ofte et tabu tema. Mange som spiller p\u00e5 nett f\u00f8ler at de ikke kan snakke \u00e5pent om det, enten det gjelder familie, venner eller kollegaer. Denne mangelen p\u00e5 \u00e5penhet kan gj\u00f8re det vanskeligere \u00e5 s\u00f8ke hjelp den dagen ting begynner \u00e5 g\u00e5 d\u00e5rlig. Ingen liker \u00e5 tape, og n\u00e5r gambling ikke er sosialt akseptert, blir det enda vanskeligere \u00e5 \u00e5pne seg om problemer. Samtidig \u00f8nsker man ofte at alle skal vite n\u00e5r man vinner stort. Det finnes mange forum for store gevinster, men sv\u00e6rt f\u00e5 for store tap.<\/p>\n\n\n\n<h2 class=\"wp-block-heading\">Hvorfor blir man spilleavhengig?<\/h2>\n\n\n\n<p><\/p>\n\n\n\n<p>Dopamin er et signalstoff som hjernen produserer i visse situasjoner, og det gir en f\u00f8lelse av bel\u00f8nning og et \u00f8nske om gjentagelse. Dette kan skje ved dagligdagse aktiviteter som trening eller sosiale sammenkomster, men dopamin spiller ogs\u00e5 en stor rolle i avhengighet. Gambling er en perfekt aktivitet for \u00e5 utl\u00f8se dopaminproduksjon, noe som gj\u00f8r det enkelt \u00e5 bli hekta.<\/p>\n\n\n\n<h2 class=\"wp-block-heading\">Hva skjer i hjernen v\u00e5r n\u00e5r vi spiller?<\/h2>\n\n\n\n<p>Hjernen og dens funksjoner er omfattende studert, spesielt i markedsf\u00f8ring og produkttesting. M\u00e5let er ofte \u00e5 fremkalle en \u2018feelgood\u2019-f\u00f8lelse som oppmuntrer til kj\u00f8p eller bruk av produkter. Dette prinsippet gjelder ogs\u00e5 for spilleautomater, hvor utviklerne legger stor vekt p\u00e5 \u00e5 maksimere dopaminproduksjonen i hjernen din gjennom spilldesign.<\/p>\n\n\n\n<h2 class=\"wp-block-heading\">Spillavhengighet vs andre avhengigheter<\/h2>\n\n\n\n<p>Spillavhengighet skiller seg fra andre typer avhengigheter som nikotin, mat, alkohol eller narkotika, fordi det er vanskeligere \u00e5 oppdage. Spillavhengighet er basert p\u00e5 kroppens interne dopaminproduksjon, noe som gj\u00f8r det mulig \u00e5 fremst\u00e5 som helt normal utad, selv om man er \u2018h\u00f8y\u2019 p\u00e5 adrenalin og spenning fra gambling. Dette gj\u00f8r det vanskelig for familie og venner \u00e5 oppdage problemet f\u00f8r det er blitt alvorlig.<\/p>\n\n\n\n<h2 class=\"wp-block-heading\">Casino Uten Blokkering og ansvarlig spilling<\/h2>\n\n\n\n<p>Casino Uten Blokkering er en plattform dedikert til ansvarlig spilling. Vi vet at mange av v\u00e5re lesere enten sliter med spilleavhengighet eller har gjort det tidligere. Vi blir ofte kontaktet av folk som sier at informasjonen p\u00e5 v\u00e5r nettside hjelper dem \u00e5 la v\u00e6re \u00e5 gamble selv, fordi de f\u00e5r tilfredsstilt sitt behov ved \u00e5 lese og l\u00e6re om temaet i stedet.<\/p>\n\n\n\n<h2 class=\"wp-block-heading\">Budsjett for spilling<\/h2>\n\n\n\n<p>Vi understreker alltid viktigheten av \u00e5 ha et budsjett for casinospill, og \u00e5 anse dette budsjettet som \u2018tapte\u2019 penger. Det er viktig \u00e5 betrakte pengespill som underholdning, ikke som en m\u00e5te \u00e5 tjene penger p\u00e5. Vi anbefaler generelt \u00e5 unng\u00e5 gambling, og oppfordrer folk til \u00e5 spare pengene sine og nyte gratis underholdning i stedet.<\/p>\n\n\n\n<h2 class=\"wp-block-heading\">Hjelp og st\u00f8tte<\/h2>\n\n\n\n<p>Det er aldri for sent \u00e5 f\u00e5 hjelp. I Norge finnes det mange tilbud og tjenester for de som sliter med spilleavhengighet, inkludert terapi, behandling og gjeldsr\u00e5dgivning. Vi har samlet de beste og viktigste veiene \u00e5 g\u00e5 p\u00e5 siden v\u00e5r.<\/p>\n\n\n\n<p><strong>Hjelpelinjen.no<\/strong><br>Ring 800 800 40 eller chat anonymt med hjelpelinjen.<\/p>\n\n\n\n<p><strong>Gamban<\/strong><br>Gamban er en applikasjon som blokkerer tilgang til gamblingsider p\u00e5 dine enheter. I Norge kan man f\u00e5 denne tjenesten gratis ved \u00e5 kontakte Hjelpelinjen, Norsk Tipping eller Spillavhengighet Norge.<\/p>\n\n\n\n<p><strong>Bet Blocker<\/strong><br>Bet Blocker er en gratis app som blokkerer gamblingsider. Den kan lastes ned direkte fra Bet Blockers nettside.<\/p>\n\n\n\n<h2 class=\"wp-block-heading\">Casino Uten Blokkering i frontlinjen<\/h2>\n\n\n\n<p>V\u00e5rt m\u00e5l er \u00e5 gi gode r\u00e5d til potensielle problemspillere f\u00f8r det blir et problem. Vi m\u00f8ter aktive spillere hver dag og kan v\u00e6re fysisk til stede og rettlede f\u00f8r problemet eskalerer. Hos Casino Uten Blokkering f\u00e5r du prate med personer med ektef\u00f8lt erfaring med problemspilling, noe som gir en unik st\u00f8tte sammenlignet med offentlige tjenester.<\/p>\n","protected":false},"excerpt":{"rendered":"<p>\u00c5 spille p\u00e5 utenlandske spillsider fra Norge er helt lovlig, men det er ofte et tabu tema. Mange som spiller p\u00e5 nett f\u00f8ler at de ikke kan snakke \u00e5pent om det, enten det gjelder familie, venner eller kollegaer. Denne mangelen p\u00e5 \u00e5penhet kan gj\u00f8re det vanskeligere \u00e5 s\u00f8ke hjelp den dagen ting begynner \u00e5 g\u00e5 [&hellip;]<\/p>\n","protected":false},"author":1,"featured_media":0,"parent":0,"menu_order":0,"comment_status":"closed","ping_status":"closed","template":"","meta":{"footnotes":""},"class_list":["post-33","page","type-page","status-publish","hentry"],"yoast_head":"<!-- This site is optimized with the Yoast SEO plugin v22.7 - https:\/\/yoast.com\/wordpress\/plugins\/seo\/ -->\n<title>Ansvarlig Spill - Casino Uten Blokkering Ansvarlig Spill - Casino Uten Blokkering<\/title>\n<meta name=\"description\" content=\"Finn ut hvordan Casino Uten Blokkering fremmer ansvarlig spill. Vi tilbyr verkt\u00f8y og r\u00e5d for trygg spilling, samt informasjon om hvordan du kan f\u00e5 hjelp ved spilleavhengighet.\" \/>\n<meta name=\"robots\" content=\"index, follow, max-snippet:-1, max-image-preview:large, max-video-preview:-1\" \/>\n<link rel=\"canonical\" href=\"http:\/\/casinoutenblokkering.com\/ansvarlig-spill\" \/>\n<meta property=\"og:locale\" content=\"en_GB\" \/>\n<meta property=\"og:type\" content=\"article\" \/>\n<meta property=\"og:title\" content=\"Ansvarlig Spill - Casino Uten Blokkering Ansvarlig Spill - Casino Uten Blokkering\" \/>\n<meta property=\"og:description\" content=\"Finn ut hvordan Casino Uten Blokkering fremmer ansvarlig spill. Vi tilbyr verkt\u00f8y og r\u00e5d for trygg spilling, samt informasjon om hvordan du kan f\u00e5 hjelp ved spilleavhengighet.\" \/>\n<meta property=\"og:url\" content=\"http:\/\/casinoutenblokkering.com\/ansvarlig-spill\" \/>\n<meta property=\"og:site_name\" content=\"Casino Uten Blokkering\" \/>\n<meta property=\"article:modified_time\" content=\"2024-06-24T14:40:47+00:00\" \/>\n<meta name=\"twitter:card\" content=\"summary_large_image\" \/>\n<meta name=\"twitter:label1\" content=\"Estimated reading time\" \/>\n\t<meta name=\"twitter:data1\" content=\"3 minutes\" \/>\n<script type=\"application\/ld+json\" class=\"yoast-schema-graph\">{\"@context\":\"https:\/\/schema.org\",\"@graph\":[{\"@type\":\"WebPage\",\"@id\":\"http:\/\/casinoutenblokkering.com\/ansvarlig-spill\",\"url\":\"http:\/\/casinoutenblokkering.com\/ansvarlig-spill\",\"name\":\"Ansvarlig Spill - Casino Uten Blokkering Ansvarlig Spill - Casino Uten Blokkering\",\"isPartOf\":{\"@id\":\"https:\/\/casinoutenblokkering.com\/#website\"},\"datePublished\":\"2024-05-16T11:18:47+00:00\",\"dateModified\":\"2024-06-24T14:40:47+00:00\",\"description\":\"Finn ut hvordan Casino Uten Blokkering fremmer ansvarlig spill. Vi tilbyr verkt\u00f8y og r\u00e5d for trygg spilling, samt informasjon om hvordan du kan f\u00e5 hjelp ved spilleavhengighet.\",\"breadcrumb\":{\"@id\":\"http:\/\/casinoutenblokkering.com\/ansvarlig-spill#breadcrumb\"},\"inLanguage\":\"en-GB\",\"potentialAction\":[{\"@type\":\"ReadAction\",\"target\":[\"http:\/\/casinoutenblokkering.com\/ansvarlig-spill\"]}]},{\"@type\":\"BreadcrumbList\",\"@id\":\"http:\/\/casinoutenblokkering.com\/ansvarlig-spill#breadcrumb\",\"itemListElement\":[{\"@type\":\"ListItem\",\"position\":1,\"name\":\"Home\",\"item\":\"https:\/\/casinoutenblokkering.com\/\"},{\"@type\":\"ListItem\",\"position\":2,\"name\":\"Ansvarlig Spill\"}]},{\"@type\":\"WebSite\",\"@id\":\"https:\/\/casinoutenblokkering.com\/#website\",\"url\":\"https:\/\/casinoutenblokkering.com\/\",\"name\":\"Casino Uten Blokkering\",\"description\":\"Alt du trenger for en smartere spillstrategi i Norge!\",\"publisher\":{\"@id\":\"https:\/\/casinoutenblokkering.com\/#organization\"},\"potentialAction\":[{\"@type\":\"SearchAction\",\"target\":{\"@type\":\"EntryPoint\",\"urlTemplate\":\"https:\/\/casinoutenblokkering.com\/?s={search_term_string}\"},\"query-input\":\"required name=search_term_string\"}],\"inLanguage\":\"en-GB\"},{\"@type\":\"Organization\",\"@id\":\"https:\/\/casinoutenblokkering.com\/#organization\",\"name\":\"Casino Uten Blokkering\",\"url\":\"https:\/\/casinoutenblokkering.com\/\",\"logo\":{\"@type\":\"ImageObject\",\"inLanguage\":\"en-GB\",\"@id\":\"https:\/\/casinoutenblokkering.com\/#\/schema\/logo\/image\/\",\"url\":\"https:\/\/casinoutenblokkering.com\/wp-content\/uploads\/2024\/07\/cropped-casinoutenblokkering-logo.webp\",\"contentUrl\":\"https:\/\/casinoutenblokkering.com\/wp-content\/uploads\/2024\/07\/cropped-casinoutenblokkering-logo.webp\",\"width\":300,\"height\":263,\"caption\":\"Casino Uten Blokkering\"},\"image\":{\"@id\":\"https:\/\/casinoutenblokkering.com\/#\/schema\/logo\/image\/\"}}]}<\/script>\n<!-- \/ Yoast SEO plugin. -->","yoast_head_json":{"title":"Ansvarlig Spill - Casino Uten Blokkering Ansvarlig Spill - Casino Uten Blokkering","description":"Finn ut hvordan Casino Uten Blokkering fremmer ansvarlig spill. Vi tilbyr verkt\u00f8y og r\u00e5d for trygg spilling, samt informasjon om hvordan du kan f\u00e5 hjelp ved spilleavhengighet.","robots":{"index":"index","follow":"follow","max-snippet":"max-snippet:-1","max-image-preview":"max-image-preview:large","max-video-preview":"max-video-preview:-1"},"canonical":"http:\/\/casinoutenblokkering.com\/ansvarlig-spill","og_locale":"en_GB","og_type":"article","og_title":"Ansvarlig Spill - Casino Uten Blokkering Ansvarlig Spill - Casino Uten Blokkering","og_description":"Finn ut hvordan Casino Uten Blokkering fremmer ansvarlig spill. Vi tilbyr verkt\u00f8y og r\u00e5d for trygg spilling, samt informasjon om hvordan du kan f\u00e5 hjelp ved spilleavhengighet.","og_url":"http:\/\/casinoutenblokkering.com\/ansvarlig-spill","og_site_name":"Casino Uten Blokkering","article_modified_time":"2024-06-24T14:40:47+00:00","twitter_card":"summary_large_image","twitter_misc":{"Estimated reading time":"3 minutes"},"schema":{"@context":"https:\/\/schema.org","@graph":[{"@type":"WebPage","@id":"http:\/\/casinoutenblokkering.com\/ansvarlig-spill","url":"http:\/\/casinoutenblokkering.com\/ansvarlig-spill","name":"Ansvarlig Spill - Casino Uten Blokkering Ansvarlig Spill - Casino Uten Blokkering","isPartOf":{"@id":"https:\/\/casinoutenblokkering.com\/#website"},"datePublished":"2024-05-16T11:18:47+00:00","dateModified":"2024-06-24T14:40:47+00:00","description":"Finn ut hvordan Casino Uten Blokkering fremmer ansvarlig spill. Vi tilbyr verkt\u00f8y og r\u00e5d for trygg spilling, samt informasjon om hvordan du kan f\u00e5 hjelp ved spilleavhengighet.","breadcrumb":{"@id":"http:\/\/casinoutenblokkering.com\/ansvarlig-spill#breadcrumb"},"inLanguage":"en-GB","potentialAction":[{"@type":"ReadAction","target":["http:\/\/casinoutenblokkering.com\/ansvarlig-spill"]}]},{"@type":"BreadcrumbList","@id":"http:\/\/casinoutenblokkering.com\/ansvarlig-spill#breadcrumb","itemListElement":[{"@type":"ListItem","position":1,"name":"Home","item":"https:\/\/casinoutenblokkering.com\/"},{"@type":"ListItem","position":2,"name":"Ansvarlig Spill"}]},{"@type":"WebSite","@id":"https:\/\/casinoutenblokkering.com\/#website","url":"https:\/\/casinoutenblokkering.com\/","name":"Casino Uten Blokkering","description":"Alt du trenger for en smartere spillstrategi i Norge!","publisher":{"@id":"https:\/\/casinoutenblokkering.com\/#organization"},"potentialAction":[{"@type":"SearchAction","target":{"@type":"EntryPoint","urlTemplate":"https:\/\/casinoutenblokkering.com\/?s={search_term_string}"},"query-input":"required name=search_term_string"}],"inLanguage":"en-GB"},{"@type":"Organization","@id":"https:\/\/casinoutenblokkering.com\/#organization","name":"Casino Uten Blokkering","url":"https:\/\/casinoutenblokkering.com\/","logo":{"@type":"ImageObject","inLanguage":"en-GB","@id":"https:\/\/casinoutenblokkering.com\/#\/schema\/logo\/image\/","url":"https:\/\/casinoutenblokkering.com\/wp-content\/uploads\/2024\/07\/cropped-casinoutenblokkering-logo.webp","contentUrl":"https:\/\/casinoutenblokkering.com\/wp-content\/uploads\/2024\/07\/cropped-casinoutenblokkering-logo.webp","width":300,"height":263,"caption":"Casino Uten Blokkering"},"image":{"@id":"https:\/\/casinoutenblokkering.com\/#\/schema\/logo\/image\/"}}]}},"_links":{"self":[{"href":"https:\/\/casinoutenblokkering.com\/index.php?rest_route=\/wp\/v2\/pages\/33","targetHints":{"allow":["GET"]}}],"collection":[{"href":"https:\/\/casinoutenblokkering.com\/index.php?rest_route=\/wp\/v2\/pages"}],"about":[{"href":"https:\/\/casinoutenblokkering.com\/index.php?rest_route=\/wp\/v2\/types\/page"}],"author":[{"embeddable":true,"href":"https:\/\/casinoutenblokkering.com\/index.php?rest_route=\/wp\/v2\/users\/1"}],"replies":[{"embeddable":true,"href":"https:\/\/casinoutenblokkering.com\/index.php?rest_route=%2Fwp%2Fv2%2Fcomments&post=33"}],"version-history":[{"count":1,"href":"https:\/\/casinoutenblokkering.com\/index.php?rest_route=\/wp\/v2\/pages\/33\/revisions"}],"predecessor-version":[{"id":34,"href":"https:\/\/casinoutenblokkering.com\/index.php?rest_route=\/wp\/v2\/pages\/33\/revisions\/34"}],"wp:attachment":[{"href":"https:\/\/casinoutenblokkering.com\/index.php?rest_route=%2Fwp%2Fv2%2Fmedia&parent=33"}],"curies":[{"name":"wp","href":"https:\/\/api.w.org\/{rel}","templated":true}]}}