{"id":426,"date":"2022-12-03T20:00:45","date_gmt":"2022-12-03T20:00:45","guid":{"rendered":"https:\/\/export.mercurytheme.com\/004\/?page_id=237"},"modified":"2024-08-02T13:50:49","modified_gmt":"2024-08-02T13:50:49","slug":"nyheter","status":"publish","type":"page","link":"http:\/\/casinoutenblokkering.com\/nyheter","title":{"rendered":"Nyheter"},"content":{"rendered":"\n<pre id=\"tw-target-text\" class=\"wp-block-preformatted\">Hold deg oppdatert med de siste nyhetene om lovgivning for pengespill online i Norge. Her finner du informasjon om nye regler, retningslinjer og tiltak fra norske myndigheter som p\u00e5virker b\u00e5de spillere og operat\u00f8rer. F\u00e5 innsikt i hvordan lovendringer p\u00e5virker spillindustrien og hvilke konsekvenser det har for ansvarlig spillpraksis. Les videre for \u00e5 forst\u00e5 hvordan reguleringene utvikler seg og hva det betyr for deg som spiller.<\/pre>\n","protected":false},"excerpt":{"rendered":"<p>Hold deg oppdatert med de siste nyhetene om lovgivning for pengespill online i Norge. Her finner du informasjon om nye regler, retningslinjer og tiltak fra norske myndigheter som p\u00e5virker b\u00e5de spillere og operat\u00f8rer. F\u00e5 innsikt i hvordan lovendringer p\u00e5virker spillindustrien og hvilke konsekvenser det har for ansvarlig spillpraksis. Les videre for \u00e5 forst\u00e5 hvordan reguleringene [&hellip;]<\/p>\n","protected":false},"author":1,"featured_media":547,"parent":0,"menu_order":0,"comment_status":"closed","ping_status":"closed","template":"page-blog.php","meta":{"footnotes":""},"class_list":["post-426","page","type-page","status-publish","has-post-thumbnail","hentry"],"yoast_head":"<!-- This site is optimized with the Yoast SEO plugin v22.7 - https:\/\/yoast.com\/wordpress\/plugins\/seo\/ -->\n<title>Ny Lovgivning for Pengespill Online i Norge - Siste Nyheter<\/title>\n<meta name=\"description\" content=\"F\u00f8lg med p\u00e5 de nyeste oppdateringene om lovgivning for pengespill online i Norge. Les om nye regler, retningslinjer og tiltak fra norske myndigheter som p\u00e5virker b\u00e5de spillere og operat\u00f8rer. Hold deg informert om hvordan lovendringer p\u00e5virker spillindustrien og ansvarlig spillpraksis.\" \/>\n<meta name=\"robots\" content=\"index, follow, max-snippet:-1, max-image-preview:large, max-video-preview:-1\" \/>\n<link rel=\"canonical\" href=\"http:\/\/casinoutenblokkering.com\/nyheter\" \/>\n<meta property=\"og:locale\" content=\"en_GB\" \/>\n<meta property=\"og:type\" content=\"article\" \/>\n<meta property=\"og:title\" content=\"Ny Lovgivning for Pengespill Online i Norge - Siste Nyheter\" \/>\n<meta property=\"og:description\" content=\"F\u00f8lg med p\u00e5 de nyeste oppdateringene om lovgivning for pengespill online i Norge. Les om nye regler, retningslinjer og tiltak fra norske myndigheter som p\u00e5virker b\u00e5de spillere og operat\u00f8rer. Hold deg informert om hvordan lovendringer p\u00e5virker spillindustrien og ansvarlig spillpraksis.\" \/>\n<meta property=\"og:url\" content=\"http:\/\/casinoutenblokkering.com\/nyheter\" \/>\n<meta property=\"og:site_name\" content=\"Casino Uten Blokkering\" \/>\n<meta property=\"article:modified_time\" content=\"2024-08-02T13:50:49+00:00\" \/>\n<meta property=\"og:image\" content=\"https:\/\/casinoutenblokkering.com\/wp-content\/uploads\/2024\/05\/nyheter.webp\" \/>\n\t<meta property=\"og:image:width\" content=\"1024\" \/>\n\t<meta property=\"og:image:height\" content=\"1024\" \/>\n\t<meta property=\"og:image:type\" content=\"image\/webp\" \/>\n<meta name=\"twitter:card\" content=\"summary_large_image\" \/>\n<meta name=\"twitter:label1\" content=\"Estimated reading time\" \/>\n\t<meta name=\"twitter:data1\" content=\"1 minute\" \/>\n<script type=\"application\/ld+json\" class=\"yoast-schema-graph\">{\"@context\":\"https:\/\/schema.org\",\"@graph\":[{\"@type\":\"WebPage\",\"@id\":\"http:\/\/casinoutenblokkering.com\/nyheter\",\"url\":\"http:\/\/casinoutenblokkering.com\/nyheter\",\"name\":\"Ny Lovgivning for Pengespill Online i Norge - Siste Nyheter\",\"isPartOf\":{\"@id\":\"https:\/\/casinoutenblokkering.com\/#website\"},\"primaryImageOfPage\":{\"@id\":\"http:\/\/casinoutenblokkering.com\/nyheter#primaryimage\"},\"image\":{\"@id\":\"http:\/\/casinoutenblokkering.com\/nyheter#primaryimage\"},\"thumbnailUrl\":\"https:\/\/casinoutenblokkering.com\/wp-content\/uploads\/2024\/05\/nyheter.webp\",\"datePublished\":\"2022-12-03T20:00:45+00:00\",\"dateModified\":\"2024-08-02T13:50:49+00:00\",\"description\":\"F\u00f8lg med p\u00e5 de nyeste oppdateringene om lovgivning for pengespill online i Norge. Les om nye regler, retningslinjer og tiltak fra norske myndigheter som p\u00e5virker b\u00e5de spillere og operat\u00f8rer. Hold deg informert om hvordan lovendringer p\u00e5virker spillindustrien og ansvarlig spillpraksis.\",\"breadcrumb\":{\"@id\":\"http:\/\/casinoutenblokkering.com\/nyheter#breadcrumb\"},\"inLanguage\":\"en-GB\",\"potentialAction\":[{\"@type\":\"ReadAction\",\"target\":[\"http:\/\/casinoutenblokkering.com\/nyheter\"]}]},{\"@type\":\"ImageObject\",\"inLanguage\":\"en-GB\",\"@id\":\"http:\/\/casinoutenblokkering.com\/nyheter#primaryimage\",\"url\":\"https:\/\/casinoutenblokkering.com\/wp-content\/uploads\/2024\/05\/nyheter.webp\",\"contentUrl\":\"https:\/\/casinoutenblokkering.com\/wp-content\/uploads\/2024\/05\/nyheter.webp\",\"width\":1024,\"height\":1024,\"caption\":\"nyheter\"},{\"@type\":\"BreadcrumbList\",\"@id\":\"http:\/\/casinoutenblokkering.com\/nyheter#breadcrumb\",\"itemListElement\":[{\"@type\":\"ListItem\",\"position\":1,\"name\":\"Home\",\"item\":\"http:\/\/casinoutenblokkering.com\/\"},{\"@type\":\"ListItem\",\"position\":2,\"name\":\"Nyheter\"}]},{\"@type\":\"WebSite\",\"@id\":\"https:\/\/casinoutenblokkering.com\/#website\",\"url\":\"https:\/\/casinoutenblokkering.com\/\",\"name\":\"Casino Uten Blokkering\",\"description\":\"Alt du trenger for en smartere spillstrategi i Norge!\",\"publisher\":{\"@id\":\"https:\/\/casinoutenblokkering.com\/#organization\"},\"potentialAction\":[{\"@type\":\"SearchAction\",\"target\":{\"@type\":\"EntryPoint\",\"urlTemplate\":\"https:\/\/casinoutenblokkering.com\/?s={search_term_string}\"},\"query-input\":\"required name=search_term_string\"}],\"inLanguage\":\"en-GB\"},{\"@type\":\"Organization\",\"@id\":\"https:\/\/casinoutenblokkering.com\/#organization\",\"name\":\"Casino Uten Blokkering\",\"url\":\"https:\/\/casinoutenblokkering.com\/\",\"logo\":{\"@type\":\"ImageObject\",\"inLanguage\":\"en-GB\",\"@id\":\"https:\/\/casinoutenblokkering.com\/#\/schema\/logo\/image\/\",\"url\":\"https:\/\/casinoutenblokkering.com\/wp-content\/uploads\/2024\/07\/cropped-casinoutenblokkering-logo.webp\",\"contentUrl\":\"https:\/\/casinoutenblokkering.com\/wp-content\/uploads\/2024\/07\/cropped-casinoutenblokkering-logo.webp\",\"width\":300,\"height\":263,\"caption\":\"Casino Uten Blokkering\"},\"image\":{\"@id\":\"https:\/\/casinoutenblokkering.com\/#\/schema\/logo\/image\/\"}}]}<\/script>\n<!-- \/ Yoast SEO plugin. -->","yoast_head_json":{"title":"Ny Lovgivning for Pengespill Online i Norge - Siste Nyheter","description":"F\u00f8lg med p\u00e5 de nyeste oppdateringene om lovgivning for pengespill online i Norge. Les om nye regler, retningslinjer og tiltak fra norske myndigheter som p\u00e5virker b\u00e5de spillere og operat\u00f8rer. Hold deg informert om hvordan lovendringer p\u00e5virker spillindustrien og ansvarlig spillpraksis.","robots":{"index":"index","follow":"follow","max-snippet":"max-snippet:-1","max-image-preview":"max-image-preview:large","max-video-preview":"max-video-preview:-1"},"canonical":"http:\/\/casinoutenblokkering.com\/nyheter","og_locale":"en_GB","og_type":"article","og_title":"Ny Lovgivning for Pengespill Online i Norge - Siste Nyheter","og_description":"F\u00f8lg med p\u00e5 de nyeste oppdateringene om lovgivning for pengespill online i Norge. Les om nye regler, retningslinjer og tiltak fra norske myndigheter som p\u00e5virker b\u00e5de spillere og operat\u00f8rer. Hold deg informert om hvordan lovendringer p\u00e5virker spillindustrien og ansvarlig spillpraksis.","og_url":"http:\/\/casinoutenblokkering.com\/nyheter","og_site_name":"Casino Uten Blokkering","article_modified_time":"2024-08-02T13:50:49+00:00","og_image":[{"width":1024,"height":1024,"url":"https:\/\/casinoutenblokkering.com\/wp-content\/uploads\/2024\/05\/nyheter.webp","type":"image\/webp"}],"twitter_card":"summary_large_image","twitter_misc":{"Estimated reading time":"1 minute"},"schema":{"@context":"https:\/\/schema.org","@graph":[{"@type":"WebPage","@id":"http:\/\/casinoutenblokkering.com\/nyheter","url":"http:\/\/casinoutenblokkering.com\/nyheter","name":"Ny Lovgivning for Pengespill Online i Norge - Siste Nyheter","isPartOf":{"@id":"https:\/\/casinoutenblokkering.com\/#website"},"primaryImageOfPage":{"@id":"http:\/\/casinoutenblokkering.com\/nyheter#primaryimage"},"image":{"@id":"http:\/\/casinoutenblokkering.com\/nyheter#primaryimage"},"thumbnailUrl":"https:\/\/casinoutenblokkering.com\/wp-content\/uploads\/2024\/05\/nyheter.webp","datePublished":"2022-12-03T20:00:45+00:00","dateModified":"2024-08-02T13:50:49+00:00","description":"F\u00f8lg med p\u00e5 de nyeste oppdateringene om lovgivning for pengespill online i Norge. Les om nye regler, retningslinjer og tiltak fra norske myndigheter som p\u00e5virker b\u00e5de spillere og operat\u00f8rer. Hold deg informert om hvordan lovendringer p\u00e5virker spillindustrien og ansvarlig spillpraksis.","breadcrumb":{"@id":"http:\/\/casinoutenblokkering.com\/nyheter#breadcrumb"},"inLanguage":"en-GB","potentialAction":[{"@type":"ReadAction","target":["http:\/\/casinoutenblokkering.com\/nyheter"]}]},{"@type":"ImageObject","inLanguage":"en-GB","@id":"http:\/\/casinoutenblokkering.com\/nyheter#primaryimage","url":"https:\/\/casinoutenblokkering.com\/wp-content\/uploads\/2024\/05\/nyheter.webp","contentUrl":"https:\/\/casinoutenblokkering.com\/wp-content\/uploads\/2024\/05\/nyheter.webp","width":1024,"height":1024,"caption":"nyheter"},{"@type":"BreadcrumbList","@id":"http:\/\/casinoutenblokkering.com\/nyheter#breadcrumb","itemListElement":[{"@type":"ListItem","position":1,"name":"Home","item":"http:\/\/casinoutenblokkering.com\/"},{"@type":"ListItem","position":2,"name":"Nyheter"}]},{"@type":"WebSite","@id":"https:\/\/casinoutenblokkering.com\/#website","url":"https:\/\/casinoutenblokkering.com\/","name":"Casino Uten Blokkering","description":"Alt du trenger for en smartere spillstrategi i Norge!","publisher":{"@id":"https:\/\/casinoutenblokkering.com\/#organization"},"potentialAction":[{"@type":"SearchAction","target":{"@type":"EntryPoint","urlTemplate":"https:\/\/casinoutenblokkering.com\/?s={search_term_string}"},"query-input":"required name=search_term_string"}],"inLanguage":"en-GB"},{"@type":"Organization","@id":"https:\/\/casinoutenblokkering.com\/#organization","name":"Casino Uten Blokkering","url":"https:\/\/casinoutenblokkering.com\/","logo":{"@type":"ImageObject","inLanguage":"en-GB","@id":"https:\/\/casinoutenblokkering.com\/#\/schema\/logo\/image\/","url":"https:\/\/casinoutenblokkering.com\/wp-content\/uploads\/2024\/07\/cropped-casinoutenblokkering-logo.webp","contentUrl":"https:\/\/casinoutenblokkering.com\/wp-content\/uploads\/2024\/07\/cropped-casinoutenblokkering-logo.webp","width":300,"height":263,"caption":"Casino Uten Blokkering"},"image":{"@id":"https:\/\/casinoutenblokkering.com\/#\/schema\/logo\/image\/"}}]}},"_links":{"self":[{"href":"https:\/\/casinoutenblokkering.com\/index.php?rest_route=\/wp\/v2\/pages\/426","targetHints":{"allow":["GET"]}}],"collection":[{"href":"https:\/\/casinoutenblokkering.com\/index.php?rest_route=\/wp\/v2\/pages"}],"about":[{"href":"https:\/\/casinoutenblokkering.com\/index.php?rest_route=\/wp\/v2\/types\/page"}],"author":[{"embeddable":true,"href":"https:\/\/casinoutenblokkering.com\/index.php?rest_route=\/wp\/v2\/users\/1"}],"replies":[{"embeddable":true,"href":"https:\/\/casinoutenblokkering.com\/index.php?rest_route=%2Fwp%2Fv2%2Fcomments&post=426"}],"version-history":[{"count":1,"href":"https:\/\/casinoutenblokkering.com\/index.php?rest_route=\/wp\/v2\/pages\/426\/revisions"}],"predecessor-version":[{"id":545,"href":"https:\/\/casinoutenblokkering.com\/index.php?rest_route=\/wp\/v2\/pages\/426\/revisions\/545"}],"wp:featuredmedia":[{"embeddable":true,"href":"https:\/\/casinoutenblokkering.com\/index.php?rest_route=\/wp\/v2\/media\/547"}],"wp:attachment":[{"href":"https:\/\/casinoutenblokkering.com\/index.php?rest_route=%2Fwp%2Fv2%2Fmedia&parent=426"}],"curies":[{"name":"wp","href":"https:\/\/api.w.org\/{rel}","templated":true}]}}