{"id":643,"date":"2024-06-06T16:54:40","date_gmt":"2024-06-06T16:54:40","guid":{"rendered":"https:\/\/casinoutenblokkering.com\/?page_id=643"},"modified":"2024-08-12T19:55:10","modified_gmt":"2024-08-12T19:55:10","slug":"casinoreguleringer","status":"publish","type":"page","link":"http:\/\/casinoutenblokkering.com\/lov-om-pengespill\/casinoreguleringer","title":{"rendered":"Casinoreguleringer"},"content":{"rendered":"\n<p>Reglene og casinoreguleringer for \u00e5 tilby pengespill i Norge er strenge. Det er kun ett selskap som er lisensiert for \u00e5 tilby nasjonale casinospill. Derimot betyr ikke det at det ikke er mulig \u00e5 spille casinospill hos andre selskapet, da en rekke utenlandske spillselskaper tilbyr sine tjenester for det norske markedet.&nbsp;<\/p>\n\n\n\n<p>I denne artikkelen skal vi se n\u00e6rmere p\u00e5 hva pengespilloven sier om \u00e5 tilby gamblingtjenester og tjenester relatert til gambling og pengespill. Vi skal ogs\u00e5 se p\u00e5 casinoreguleringer som gjelder i Norge for spillegjeld og hvilke ulike tiltak norske myndigheter jobber med for \u00e5 hindre at nordmenn spiller hos utenlandske spillselskaper uten norsk lisens.&nbsp;<\/p>\n\n\n\n<h2 class=\"wp-block-heading\">Norges pengespillov<\/h2>\n\n\n\n<p>Norges <a href=\"https:\/\/casinoutenblokkering.com\/lov-om-pengespill\">lov om pengespill<\/a> regulerer alt av pengespill i Norge, og fra Norge. Pengespillloven ble tatt i bruk fra 1. januar 2023, og den stipulerer klart og tydelig at det kun er lisensierte spillselskaper som kan tilby casinospill i Norge. I tillegg gis denne lisensen kun til Norsk Tipping, og dermed er det snakk om et spillmonopol i Norge.&nbsp;<\/p>\n\n\n\n<p>Unntak fra enerettsmodellen gis for spill slik som bingo og lotterier, og for pengespill for veldedige form\u00e5l. I tillegg har den s\u00e5kalte Danskeb\u00e5ten lov \u00e5 opererer et casino p\u00e5 fergestrekningen mellom Norge og Danmark.&nbsp;<\/p>\n\n\n\n<h2 class=\"wp-block-heading\">Lovligheten av \u00e5 delta i pengespill i Norge<\/h2>\n\n\n\n<p>Som norsk borger eller som bosatt i Norge er det fullt ut lovlig \u00e5 delta i pengespill, s\u00e5 lenge du er myndig, alts\u00e5 18 \u00e5r eller eldre. Du kan da spille hos Norsk Tipping og delta i andre pengespill.&nbsp;<\/p>\n\n\n\n<p>Men, retten til \u00e5 delta i gamblingtjenser er ikke bare begrenset til de norske spillselskapene. Det betyr at du lovlig kan spille ogs\u00e5 hos utenlandske nettcasinoer og s\u00e5 klart ogs\u00e5 hos landbaserte casinoer mens du er i utlandet. Forutsatt at du er over den aktuelle spillealderen for landet og at casinoet aksepterer spillere fra Norge.&nbsp;<\/p>\n\n\n\n<h2 class=\"wp-block-heading\">Spillselskaper som lovlig kan tilby casinospill i Norge<\/h2>\n\n\n\n<p>Det er ikke s\u00e5 veldig mange<a href=\"http:\/\/casinoutenblokkering.com\/norske-spillselskaper\/norge\"> lovlige spillselskaper i Norge<\/a>. Faktisk er det kun to som har en casinolisens. Og det er Norsk Tipping og ColorLine\/Fjord Line.&nbsp;<\/p>\n\n\n\n<ul class=\"wp-block-list\">\n<li><strong>Norsk Tipping<\/strong><\/li>\n<\/ul>\n\n\n\n<p>Norsk Tipping er det eneste selskapet som har tillatelse \u00e5 tilby casinospill over hele landet. De byr p\u00e5 b\u00e5de casinospill, sportsbetting, lotterier og mer. Hvis du vil spille hos Norsk Tipping kan du spille hos b\u00e5de fysiske kommisjon\u00e6rer og via nettet.&nbsp;<\/p>\n\n\n\n<ul class=\"wp-block-list\">\n<li><strong>Color Line\/Fjord Line<\/strong><\/li>\n<\/ul>\n\n\n\n<p>Color Line\/Fjord Line har tillatelse til \u00e5 tilby casinospill p\u00e5 skip, og det er da snakk om strekningen mellom Norge og Danmark. Ombord p\u00e5 skipet har de b\u00e5de spilleautomater og live dealer bordspill.&nbsp;<\/p>\n\n\n\n<p>Disse to selskapene har casinolisens. Men, det er en flere andre selskaper som har tillatelse til \u00e5 tilby spill som lotterier, bingo og hesteveddel\u00f8p. I tillegg har Blodkreftforeningen\/Gynkreftforeningen tillatelse til \u00e5 arrangere NM i turnerignspoker.<\/p>\n\n\n\n<p>For mer informasjon om de ulike selskapene som har tillatelse til \u00e5 tilby pengespill, se v\u00e5r dyptg\u00e5ende artikkel om <a href=\"https:\/\/casinoutenblokkering.com\/norske-spillselskaper\">norske spillselskaper<\/a>.<\/p>\n\n\n\n<h2 class=\"wp-block-heading\">Forbud mot \u00e5 kreve inn kreditt og l\u00e5n gitt for gambling<\/h2>\n\n\n\n<p>En ganske s\u00e6rnorsk regel for casino og pengespill er at det ikke er mulig \u00e5 kreve inn spillegjeld. Det vil si, s\u00e5 lenge utl\u00e5ner vet, eller rimelig kan vite, at pengene som er l\u00e5nt skal g\u00e5 til spilling.&nbsp;<\/p>\n\n\n\n<p>Det betyr ogs\u00e5 at ingen banker eller l\u00e5neformidlere vil gi deg l\u00e5n eller kreditt hvis de vet at du skal spille med pengene. Vet de det, s\u00e5 kan du nemlig nekte \u00e5 betale tilbake l\u00e5net, og de vil ikke kunne inndrive pengene fra deg.&nbsp;&nbsp;<\/p>\n\n\n\n<p>P\u00e5 grunn av dette vil du finne at det er et brudd p\u00e5 reglene for avtalen din om l\u00e5n eller kreditt \u00e5 bruke pengene p\u00e5 gambling. Det er ogs\u00e5 derfor betalingstjenester som gir gamblingkreditt, slik som Sofort (tidligere Klarna) aldri har tilbudt tjenestene sine i Norge. De aller fleste norske kredittkort er ogs\u00e5 sperret for gamblingtransaksjoner.<\/p>\n\n\n\n<p>Noe som er verdt \u00e5 merke er at selv om reglene rundt innkreving av l\u00e5n og kreditt for gambling er klare, s\u00e5 betyr det ikke at du bare kan la v\u00e6r \u00e5 betale kredittkortgjelden din. Det er kun dersom l\u00e5ngiver, eller kortutsteder, vet at pengene skal benyttes til gambling at loven gjelder. Og, det er ikke enkelt for bankene \u00e5 vite, spesielt ikke siden betalingene fra norske bankkontoer ikke g\u00e5r direkte til et casino med heller via et tredjepartsselskap.&nbsp;<\/p>\n\n\n\n<p>Derimot finnes det flere saker hvor spillere har vunnet over bankene i retten. De har vist at banken med rimelighet burde visst at pengene gikk til pengespill.&nbsp;<\/p>\n\n\n\n<h2 class=\"wp-block-heading\">Blokkering av gambling-relaterte pengetransaksjoner<\/h2>\n\n\n\n<p>En del av casinoreguleringer er pengespilloven som omhandler betalingstjenester krever at norske banker skal blokkere pengetransaksjoner til <a href=\"https:\/\/casinoutenblokkering.com\/utenlandske-spillselskaper\">utenlandske spillselskaper.<\/a> Dette er noe bankene begynte \u00e5 gj\u00f8re for mange \u00e5r siden, men de har i l\u00f8pet av de siste \u00e5rene trappet opp dette arbeidet betraktelig.&nbsp;<\/p>\n\n\n\n<p>Da norske banker f\u00f8rst begynte \u00e5 blokkere bankkontoene til utenlandske nettcasinoer ventet myndighetene at dette skulle v\u00e6re en casinoregulering som satte alvorlige kjepper i hjulene for selskapene. Men, det tok ikke casinoene og deres betalingsformidlere mer enn noen timer \u00e5 l\u00f8se problemet, ved \u00e5 opprette nye bankkontoer. Det er nemlig ikke selskapene som er blokkert, kun deres spesifikke bankkontoer.&nbsp;<\/p>\n\n\n\n<p>Videre fortsatte casinoene \u00e5 bytte bankkontoer p\u00e5 l\u00f8pende basis, s\u00e5 snart deres gamle kontoer ble blokkert. Men, bankene trappet s\u00e5 opp arbeidet ved \u00e5 ogs\u00e5 blokkere transaksjoner til og fra e-lommeb\u00f8ker og andre ikke-gambling relaterte <a href=\"https:\/\/casinoutenblokkering.com\/betalingsmetoder\">betalingsmetoder hos utenlandske casinoer<\/a>. Dette var et st\u00f8rre problem, ettersom dette p\u00e5virket spillernes evner til \u00e5 gj\u00f8re innskudd, og ikke bare uttak.&nbsp;<\/p>\n\n\n\n<p>Med norske myndigheters arbeid med \u00e5 stoppe betalingstransaksjoner satte de ogs\u00e5 mer press p\u00e5 internasjonale betalingsformidlere. Dette ledet blant annet til at flere e-lommeb\u00f8ker, slik som Skrill og Neteller, og forh\u00e5ndsbetalte kuponger, som Paysafecard, trakk seg som betalingsformidlere for norske spillere.&nbsp;<\/p>\n\n\n\n<p>Alt i alt har casinoreguleringer for \u00e5 stoppe betalinger v\u00e6rt s\u00e5 suksessfullt som kan forventes. Men, med kryptovaluta som den n\u00e5 foretrukne l\u00f8sningen for pengespill p\u00e5 nett kan ikke bankene gj\u00f8re noe. Dette er tross alt transaksjoner som benyttes for alle mulige slags betalinger, s\u00e5 \u00e5 sperre krypto-lommeb\u00f8ker er ikke mulig. N\u00e5r pengene f\u00f8rst ligger hos en slik lommebok har ikke norske banker mulighet til \u00e5 se hva pengene videre benyttes for.&nbsp;Derfor er <a href=\"http:\/\/casinoutenblokkering.com\/betalingsmetoder-pa-utenlandske-casinoer\/kryptocasino\">kryptocasinoer<\/a> mer popul\u00e6re enn noen gang f\u00f8r.<\/p>\n\n\n\n<h2 class=\"wp-block-heading\">Nye casinoreguleringer: DNS-blokkering av utenlandske spillselskaper<\/h2>\n\n\n\n<p>Noe av et nyeste myndighetene jobber med for \u00e5 overholde casinoreguleringer som gjelder i Norge er \u00e5 DNS-blokkere utenlandske nettcasinoer. Ved dette pr\u00f8ver de \u00e5 hindre at nordmenn f\u00e5r tilgang til casinosidene, slik at de i stedet skal velge \u00e5 spille hos Norsk Tipping.<\/p>\n\n\n\n<p>Finn ut <a href=\"http:\/\/casinoutenblokkering.com\/lov-om-pengespill\/dns\">hva DNS betyr <\/a>og hvordan det brukes.<\/p>\n\n\n\n<p>Ikke alle casinosider er blokkert, da det faktisk kun gjelder et f\u00e5tall. Det er ikke mulig \u00e5 blokkere alle nettcasinoer, da det m\u00e5 gj\u00f8res ved \u00e5 f\u00f8rst lage lister over gjeldende nettadresser. I tillegg er det casinoer som retter seg mot norske spillere som skal blokkeres. Det betyr f\u00f8rst og fremst casinoer som har norske nettsider og st\u00f8tter norske kroner som valuta. Derfor er dette et langsommelig arbeid, som gj\u00f8r at de fleste utenlandske nettcasinoer fortsatt kan n\u00e5s uten blokkering.<\/p>\n\n\n\n<p>Utenlandske spillselskaper gir seg derimot ikke s\u00e5 lett, for blir de blokkert endrer de bare nettadressen sin. En nettside med adressen eksempel.com kan rett og slett bare bytte adresse til eksempel1.com, og vipps s\u00e5 er de ikke lengre blokkert.&nbsp;<\/p>\n\n\n\n<p>I tillegg er det enkelt for norske brukere \u00e5 <a href=\"http:\/\/casinoutenblokkering.com\/lov-om-pengespill\/omga-dns-blokkering-av-casino\">omg\u00e5 en DNS blokkering av et nettcasino<\/a>. Dette kan gj\u00f8res ved \u00e5 bruke en VPN-tjeneste for \u00e5 spille hos et <a href=\"http:\/\/casinoutenblokkering.com\/utenlandske-spillselskaper\/vpn-casinoer\">VPN casino<\/a> eller ved \u00e5 bytte DNS-tjeneste p\u00e5 enheten din.\u00a0<\/p>\n\n\n\n<h2 class=\"wp-block-heading\">Forbud mot markedsf\u00f8ring av ikke-veldedige pengespill<\/h2>\n\n\n\n<p>I Norge er det et forbud mot markedsf\u00f8ring av ikke-veldedige pengespill. Dette forbudet er en del av myndighetenes innsats for \u00e5 regulere pengespillmarkedet. I tillegg vil de beskytte s\u00e5rbare spillere mot reklame for gambling.<\/p>\n\n\n\n<p>Kun veldedige eller samfunnsnyttige selskaper og organisasjoner, som Norsk Tipping og Norsk Rikstoto har tillatelse til \u00e5 markedsf\u00f8re sine produkter. Markedsf\u00f8ring av pengespill som ikke drives av veldedige eller allmennyttige organisasjoner er derimot ulovlig i Norge.&nbsp;<\/p>\n\n\n\n<p>Dette inkluderer markedsf\u00f8ring av utenlandske spillselskaper som ikke har tillatelse til \u00e5 tilby sine tjenester i landet. Form\u00e5let med dette forbudet er \u00e5 begrense eksponeringen for pengespillreklame og redusere risikoen for pengespillavhengighet.<\/p>\n\n\n\n<p>Overtredelse av forbudet mot markedsf\u00f8ring av ikke-veldedige pengespill kan f\u00f8re til straffeansvar og \u00f8konomiske sanksjoner for b\u00e5de spillselskaper og markedsf\u00f8ringspartnere.&nbsp;Casinoreguleringer som dette er noe som har f\u00e5tt mye fokus i de siste \u00e5rene, da det ogs\u00e5 p\u00e5virker ekletpersoner, slik som infulensere.<\/p>\n\n\n\n<p>F\u00f8r kom spillselskaper seg rundt disse reglene ved \u00e5 reklamere via TV- og radiostasjoner som sendte fra utlandet. Derimot har dette blitt sl\u00e5tt hard ned p\u00e5 n\u00e5. N\u00e5 foreg\u00e5r reklamering for det meste via nettet. Dette skjer fra selskaper som ikke er registrert i Norge, som ikke har norsk domene, og som dermed ikke kan holdes ansvarlige i Norge.&nbsp;<\/p>\n\n\n\n<h2 class=\"wp-block-heading\">Gyldighet av utenlandske spillisenser i Norge<\/h2>\n\n\n\n<p>Norge anerkjenner ikke gyldigheten av utenlandske spillisenser. Derimot er det heller ingen utenlandske spillisenser som hevder at de eksplisitt gir en lisens for Norge. Det s\u00e5kalte \u201cinternasjonale spillisenser\u201d gj\u00f8r, slik som de fra Malta og Curacao, er at de gir et selskap tillatelse til \u00e5 tilby gamblingtjenester fra landet deres. Hvilke land casinoene kan rette seg mot er derimot ikke spesifisert.<\/p>\n\n\n\n<p>Det som gj\u00f8r lisensordningene vanskelig er E\u00d8S-avtalen om fri handel mellom alle EU og E\u00d8S-land. Via denne avtalen hevder utenlandske spillselskaper at de har rett til \u00e5 tilby tjenestene sine til spiller i Norge. Norge p\u00e5 sin side hevder at dette ikke er tillatt. Det har v\u00e6rt mange runder i retten hvor det strides om dette sp\u00f8rsm\u00e5let.<\/p>\n\n\n\n<p>I EU-land hvor de har en lokal spillisens kan derimot ikke argumentene om fri handel benyttes,. Dette er fordi at utenlandske spillselskaper har mulighet til \u00e5 s\u00f8ke om en lokal lisens. Det er mangelen av denne muligheten som gj\u00f8r at spillselskapene hevder at de blir ulovlig utestengt fra det norske markedet.&nbsp;<\/p>\n\n\n\n<p>Hvem som vinner kampen om casinoreguleringer til slutt er vanskelig \u00e5 si.<\/p>\n\n\n\n<p>Det du som spiller derimot m\u00e5 v\u00e6re klar over hvis du spiller hos et casino med lisens fra utlandet er at du spiller utenfor jurisdiksjonen til Norge. Dermed kan ikke norske myndigheter hjelpe deg i tilfelle det oppst\u00e5r en konflikt mellom deg og casinoet. Rettighetene du har som spiller vil v\u00e6re knyttet til lovene i landet casinoet er registrert, og ikke til Norges lover.<\/p>\n\n\n\n<h2 class=\"wp-block-heading\">Ofte stilte sp\u00f8rsm\u00e5l<\/h2>\n\n\n\n<h3 class=\"wp-block-heading\">Gjeler samme casinoreguleringer i Norge som i utlandet?<\/h3>\n\n\n\n<p>Nei, alle land har ulike reguleringer for casino og pengespill, s\u00e5 reglene som gjelder i Norge er kun for norske spillere som bor i Norge.<\/p>\n\n\n\n<h3 class=\"wp-block-heading\">Hvilket selskap er lisensiert til \u00e5 tilby nasjonale casinospill i Norge?<\/h3>\n\n\n\n<p>Kun Norsk Tipping har lisens til \u00e5 tilby nasjonale casinospill i Norge.<\/p>\n\n\n\n<h3 class=\"wp-block-heading\">Er det lovlig for nordmenn \u00e5 spille hos utenlandske spillselskaper?<\/h3>\n\n\n\n<p>Ja, det er lovlig for nordmenn \u00e5 spille hos utenlandske spillselskaper, forutsatt at de er myndige og casinoet aksepterer spillere fra Norge.<\/p>\n\n\n\n<h3 class=\"wp-block-heading\">Hva sier norske casinoreguleringer om hvem som kan tilby gamblingtjenester i Norge?<\/h3>\n\n\n\n<p>Norges pengespillov stipulerer at kun lisensierte selskaper, spesifikt Norsk Tipping, kan tilby casinospill i Norge.<\/p>\n\n\n\n<h3 class=\"wp-block-heading\">Er det mulig \u00e5 kreve inn kreditt og l\u00e5n som er brukt til gambling i Norge?<\/h3>\n\n\n\n<p>Nei, det er ikke mulig \u00e5 kreve inn kreditt og l\u00e5n som er brukt til gambling hvis utl\u00e5ner vet eller burde vite at pengene skal brukes til pengespill.<\/p>\n\n\n\n<h3 class=\"wp-block-heading\">Hvordan fors\u00f8ker norske myndigheter \u00e5 hindre nordmenn i \u00e5 spille hos utenlandske spillselskaper?<\/h3>\n\n\n\n<p>Norske myndigheter arbeider med \u00e5 DNS-blokkere utenlandske spillselskaper og krever at norske banker blokkerer pengetransaksjoner til disse selskapene.<\/p>\n\n\n\n<h3 class=\"wp-block-heading\">Er markedsf\u00f8ring av utenlandske spillselskaper lovlig i Norge?<\/h3>\n\n\n\n<p>Nei, markedsf\u00f8ring av utenlandske spillselskaper som ikke har tillatelse til \u00e5 tilby sine tjenester i Norge er ulovlig.<\/p>\n","protected":false},"excerpt":{"rendered":"<p>Reglene og casinoreguleringer for \u00e5 tilby pengespill i Norge er strenge. Det er kun ett selskap som er lisensiert for \u00e5 tilby nasjonale casinospill. Derimot betyr ikke det at det ikke er mulig \u00e5 spille casinospill hos andre selskapet, da en rekke utenlandske spillselskaper tilbyr sine tjenester for det norske markedet.&nbsp; I denne artikkelen skal [&hellip;]<\/p>\n","protected":false},"author":3,"featured_media":0,"parent":493,"menu_order":0,"comment_status":"closed","ping_status":"closed","template":"","meta":{"footnotes":""},"class_list":["post-643","page","type-page","status-publish","hentry"],"yoast_head":"<!-- This site is optimized with the Yoast SEO plugin v22.7 - https:\/\/yoast.com\/wordpress\/plugins\/seo\/ -->\n<title>Casinoreguleringer - Casino Uten Blokkering<\/title>\n<meta name=\"description\" content=\"Alt om casinoreguleringer i Norge. Finn ut om tillatte spillselskaper, gyldige spillisenser, blokkering av nettsider og betalinger og mer.\" \/>\n<meta name=\"robots\" content=\"index, follow, max-snippet:-1, max-image-preview:large, max-video-preview:-1\" \/>\n<link rel=\"canonical\" href=\"http:\/\/casinoutenblokkering.com\/lov-om-pengespill\/casinoreguleringer\" \/>\n<meta property=\"og:locale\" content=\"en_GB\" \/>\n<meta property=\"og:type\" content=\"article\" \/>\n<meta property=\"og:title\" content=\"Casinoreguleringer - Casino Uten Blokkering\" \/>\n<meta property=\"og:description\" content=\"Alt om casinoreguleringer i Norge. Finn ut om tillatte spillselskaper, gyldige spillisenser, blokkering av nettsider og betalinger og mer.\" \/>\n<meta property=\"og:url\" content=\"http:\/\/casinoutenblokkering.com\/lov-om-pengespill\/casinoreguleringer\" \/>\n<meta property=\"og:site_name\" content=\"Casino Uten Blokkering\" \/>\n<meta property=\"article:modified_time\" content=\"2024-08-12T19:55:10+00:00\" \/>\n<meta name=\"twitter:card\" content=\"summary_large_image\" \/>\n<meta name=\"twitter:label1\" content=\"Estimated reading time\" \/>\n\t<meta name=\"twitter:data1\" content=\"9 minutes\" \/>\n<script type=\"application\/ld+json\" class=\"yoast-schema-graph\">{\"@context\":\"https:\/\/schema.org\",\"@graph\":[{\"@type\":\"WebPage\",\"@id\":\"http:\/\/casinoutenblokkering.com\/lov-om-pengespill\/casinoreguleringer\",\"url\":\"http:\/\/casinoutenblokkering.com\/lov-om-pengespill\/casinoreguleringer\",\"name\":\"Casinoreguleringer - Casino Uten Blokkering\",\"isPartOf\":{\"@id\":\"https:\/\/casinoutenblokkering.com\/#website\"},\"datePublished\":\"2024-06-06T16:54:40+00:00\",\"dateModified\":\"2024-08-12T19:55:10+00:00\",\"description\":\"Alt om casinoreguleringer i Norge. Finn ut om tillatte spillselskaper, gyldige spillisenser, blokkering av nettsider og betalinger og mer.\",\"breadcrumb\":{\"@id\":\"http:\/\/casinoutenblokkering.com\/lov-om-pengespill\/casinoreguleringer#breadcrumb\"},\"inLanguage\":\"en-GB\",\"potentialAction\":[{\"@type\":\"ReadAction\",\"target\":[\"http:\/\/casinoutenblokkering.com\/lov-om-pengespill\/casinoreguleringer\"]}]},{\"@type\":\"BreadcrumbList\",\"@id\":\"http:\/\/casinoutenblokkering.com\/lov-om-pengespill\/casinoreguleringer#breadcrumb\",\"itemListElement\":[{\"@type\":\"ListItem\",\"position\":1,\"name\":\"Home\",\"item\":\"https:\/\/casinoutenblokkering.com\/\"},{\"@type\":\"ListItem\",\"position\":2,\"name\":\"Lov om pengespill\",\"item\":\"http:\/\/casinoutenblokkering.com\/lov-om-pengespill\"},{\"@type\":\"ListItem\",\"position\":3,\"name\":\"Casinoreguleringer\"}]},{\"@type\":\"WebSite\",\"@id\":\"https:\/\/casinoutenblokkering.com\/#website\",\"url\":\"https:\/\/casinoutenblokkering.com\/\",\"name\":\"Casino Uten Blokkering\",\"description\":\"Alt du trenger for en smartere spillstrategi i Norge!\",\"publisher\":{\"@id\":\"https:\/\/casinoutenblokkering.com\/#organization\"},\"potentialAction\":[{\"@type\":\"SearchAction\",\"target\":{\"@type\":\"EntryPoint\",\"urlTemplate\":\"https:\/\/casinoutenblokkering.com\/?s={search_term_string}\"},\"query-input\":\"required name=search_term_string\"}],\"inLanguage\":\"en-GB\"},{\"@type\":\"Organization\",\"@id\":\"https:\/\/casinoutenblokkering.com\/#organization\",\"name\":\"Casino Uten Blokkering\",\"url\":\"https:\/\/casinoutenblokkering.com\/\",\"logo\":{\"@type\":\"ImageObject\",\"inLanguage\":\"en-GB\",\"@id\":\"https:\/\/casinoutenblokkering.com\/#\/schema\/logo\/image\/\",\"url\":\"https:\/\/casinoutenblokkering.com\/wp-content\/uploads\/2024\/07\/cropped-casinoutenblokkering-logo.webp\",\"contentUrl\":\"https:\/\/casinoutenblokkering.com\/wp-content\/uploads\/2024\/07\/cropped-casinoutenblokkering-logo.webp\",\"width\":300,\"height\":263,\"caption\":\"Casino Uten Blokkering\"},\"image\":{\"@id\":\"https:\/\/casinoutenblokkering.com\/#\/schema\/logo\/image\/\"}}]}<\/script>\n<!-- \/ Yoast SEO plugin. -->","yoast_head_json":{"title":"Casinoreguleringer - Casino Uten Blokkering","description":"Alt om casinoreguleringer i Norge. Finn ut om tillatte spillselskaper, gyldige spillisenser, blokkering av nettsider og betalinger og mer.","robots":{"index":"index","follow":"follow","max-snippet":"max-snippet:-1","max-image-preview":"max-image-preview:large","max-video-preview":"max-video-preview:-1"},"canonical":"http:\/\/casinoutenblokkering.com\/lov-om-pengespill\/casinoreguleringer","og_locale":"en_GB","og_type":"article","og_title":"Casinoreguleringer - Casino Uten Blokkering","og_description":"Alt om casinoreguleringer i Norge. Finn ut om tillatte spillselskaper, gyldige spillisenser, blokkering av nettsider og betalinger og mer.","og_url":"http:\/\/casinoutenblokkering.com\/lov-om-pengespill\/casinoreguleringer","og_site_name":"Casino Uten Blokkering","article_modified_time":"2024-08-12T19:55:10+00:00","twitter_card":"summary_large_image","twitter_misc":{"Estimated reading time":"9 minutes"},"schema":{"@context":"https:\/\/schema.org","@graph":[{"@type":"WebPage","@id":"http:\/\/casinoutenblokkering.com\/lov-om-pengespill\/casinoreguleringer","url":"http:\/\/casinoutenblokkering.com\/lov-om-pengespill\/casinoreguleringer","name":"Casinoreguleringer - Casino Uten Blokkering","isPartOf":{"@id":"https:\/\/casinoutenblokkering.com\/#website"},"datePublished":"2024-06-06T16:54:40+00:00","dateModified":"2024-08-12T19:55:10+00:00","description":"Alt om casinoreguleringer i Norge. Finn ut om tillatte spillselskaper, gyldige spillisenser, blokkering av nettsider og betalinger og mer.","breadcrumb":{"@id":"http:\/\/casinoutenblokkering.com\/lov-om-pengespill\/casinoreguleringer#breadcrumb"},"inLanguage":"en-GB","potentialAction":[{"@type":"ReadAction","target":["http:\/\/casinoutenblokkering.com\/lov-om-pengespill\/casinoreguleringer"]}]},{"@type":"BreadcrumbList","@id":"http:\/\/casinoutenblokkering.com\/lov-om-pengespill\/casinoreguleringer#breadcrumb","itemListElement":[{"@type":"ListItem","position":1,"name":"Home","item":"https:\/\/casinoutenblokkering.com\/"},{"@type":"ListItem","position":2,"name":"Lov om pengespill","item":"http:\/\/casinoutenblokkering.com\/lov-om-pengespill"},{"@type":"ListItem","position":3,"name":"Casinoreguleringer"}]},{"@type":"WebSite","@id":"https:\/\/casinoutenblokkering.com\/#website","url":"https:\/\/casinoutenblokkering.com\/","name":"Casino Uten Blokkering","description":"Alt du trenger for en smartere spillstrategi i Norge!","publisher":{"@id":"https:\/\/casinoutenblokkering.com\/#organization"},"potentialAction":[{"@type":"SearchAction","target":{"@type":"EntryPoint","urlTemplate":"https:\/\/casinoutenblokkering.com\/?s={search_term_string}"},"query-input":"required name=search_term_string"}],"inLanguage":"en-GB"},{"@type":"Organization","@id":"https:\/\/casinoutenblokkering.com\/#organization","name":"Casino Uten Blokkering","url":"https:\/\/casinoutenblokkering.com\/","logo":{"@type":"ImageObject","inLanguage":"en-GB","@id":"https:\/\/casinoutenblokkering.com\/#\/schema\/logo\/image\/","url":"https:\/\/casinoutenblokkering.com\/wp-content\/uploads\/2024\/07\/cropped-casinoutenblokkering-logo.webp","contentUrl":"https:\/\/casinoutenblokkering.com\/wp-content\/uploads\/2024\/07\/cropped-casinoutenblokkering-logo.webp","width":300,"height":263,"caption":"Casino Uten Blokkering"},"image":{"@id":"https:\/\/casinoutenblokkering.com\/#\/schema\/logo\/image\/"}}]}},"_links":{"self":[{"href":"https:\/\/casinoutenblokkering.com\/index.php?rest_route=\/wp\/v2\/pages\/643","targetHints":{"allow":["GET"]}}],"collection":[{"href":"https:\/\/casinoutenblokkering.com\/index.php?rest_route=\/wp\/v2\/pages"}],"about":[{"href":"https:\/\/casinoutenblokkering.com\/index.php?rest_route=\/wp\/v2\/types\/page"}],"author":[{"embeddable":true,"href":"https:\/\/casinoutenblokkering.com\/index.php?rest_route=\/wp\/v2\/users\/3"}],"replies":[{"embeddable":true,"href":"https:\/\/casinoutenblokkering.com\/index.php?rest_route=%2Fwp%2Fv2%2Fcomments&post=643"}],"version-history":[{"count":8,"href":"https:\/\/casinoutenblokkering.com\/index.php?rest_route=\/wp\/v2\/pages\/643\/revisions"}],"predecessor-version":[{"id":962,"href":"https:\/\/casinoutenblokkering.com\/index.php?rest_route=\/wp\/v2\/pages\/643\/revisions\/962"}],"up":[{"embeddable":true,"href":"https:\/\/casinoutenblokkering.com\/index.php?rest_route=\/wp\/v2\/pages\/493"}],"wp:attachment":[{"href":"https:\/\/casinoutenblokkering.com\/index.php?rest_route=%2Fwp%2Fv2%2Fmedia&parent=643"}],"curies":[{"name":"wp","href":"https:\/\/api.w.org\/{rel}","templated":true}]}}