{"id":656,"date":"2024-06-10T12:32:58","date_gmt":"2024-06-10T12:32:58","guid":{"rendered":"https:\/\/casinoutenblokkering.com\/?page_id=656"},"modified":"2024-06-24T14:37:32","modified_gmt":"2024-06-24T14:37:32","slug":"bitcoin-casinoer","status":"publish","type":"page","link":"http:\/\/casinoutenblokkering.com\/betalingsmetoder\/kryptocasino\/bitcoin","title":{"rendered":"Bitcoin casinoer"},"content":{"rendered":"\n<p>Bitcoin casinoer har eksistert i 10 \u00e5r allerede, men de er langt vanligere i dag enn de var tidligere. N\u00e5 om dagen aksepterer de aller fleste utenlandske nettcasinoene Bitcoin som betalingsmetode, eller som kontovaluta. Vi skal her utforske hva du kan vente deg n\u00e5r du spiller hos et Bitcoin casino, og s\u00e5 klart har vi ogs\u00e5 lister de topp anbefalte Bitcoin casinoene for norske spillere.&nbsp;<\/p>\n\n\n\n<h2 class=\"wp-block-heading\">Hvordan du velger det beste Bitcoin casinoet<\/h2>\n\n\n\n<p>F\u00f8r du velger et Bitcoin casino m\u00e5 du unders\u00f8ke de ulike tjenestene og funksjonene de har. Kun p\u00e5 denne m\u00e5ten kan du sikre at casinoet har det du ser etter. Under har vi listet noen av de aller viktigste aspektene du b\u00f8r sjekke for \u00e5 sikre at du melder deg p\u00e5 hos det beste Bitcoin casinoet for deg.&nbsp;<\/p>\n\n\n\n<ul class=\"wp-block-list\">\n<li><strong>Bitcoin transaksjonsgrenser: <\/strong>Du m\u00e5 se p\u00e5 de ulike grensene for minimum og maksimum innskudd og uttak. Dermed kan du v\u00e6re sikker p\u00e5 at grensene passer deg, uansett om du er en forsiktig spiller eller en storspiller.<\/li>\n\n\n\n<li><strong>Spillutvalg: <\/strong>S\u00e5 snart du skal spille p\u00e5 nett m\u00e5 du s\u00f8rge for at casinoet tilbyr de spillene du er interessert i. Se p\u00e5 antall spill s\u00e5 vel som spillutviklere og variasjon innen de ulike kategoriene du er interessert i.&nbsp;<\/li>\n\n\n\n<li><strong>Bonuser og kampanjer: <\/strong>Alle <a href=\"https:\/\/casinoutenblokkering.com\/utenlandske-spillselskaper\">utenlandske nettcasinoer<\/a> tilbyr bonuser, men f\u00f8r du tar del av dem m\u00e5 du sjekke bonusreglene. S\u00f8rg ogs\u00e5 for at de har l\u00f8pende bonuser som passer deg, og gjerne et lojalitets- eller VIP-program ogs\u00e5.\u00a0<\/li>\n\n\n\n<li><strong>Kundeservice: <\/strong>Du skal kunne f\u00e5 rask hjelp fra de beste Bitcoin casinoene, og helst skal de ha d\u00f8gn\u00e5pen support. En hjelpeside med en FAQ og flere kontaktmetoder kan ogs\u00e5 forventes.&nbsp;<\/li>\n\n\n\n<li><strong>Sikkerhet og spillisens: <\/strong>\u00c5 p\u00e5se at casinoet har en spillisens fra en god spillemyndighet er viktig for din sikkerhet. Det samme gjelder en nettside som er forsvarlig kryptert. Les ogs\u00e5 gjennom de generelle brukervilk\u00e5rene og deres personvernerkl\u00e6ring.<\/li>\n<\/ul>\n\n\n\n<h2 class=\"wp-block-heading\">Fordeler og ulemper ved \u00e5 bruke Bitcoin hos et casino p\u00e5 nett<\/h2>\n\n\n\n<p>Det er mange fordeler ved \u00e5 bruke Bitcoin hos et casino p\u00e5 nett fremfor \u00e5 velge en tradisjonell betalingsmetode. Men, det er ogs\u00e5 noen ulemper. Vi skal her se p\u00e5 de viktigste argumentene for og imot \u00e5 bruke Bitcoin i stedet for norske kroner.<\/p>\n\n\n\n<figure class=\"wp-block-table\"><table><tbody><tr><td><strong>Fordeler<\/strong><\/td><td><strong>Ulemper<\/strong><\/td><\/tr><tr><td>Du vil aldri oppleve problemer med blokkerte transaksjoner eller betalinger som blir stoppet av myndighetene.<\/td><td>Bitcoin transaksjoner er ikke umiddelbare, s\u00e5 du m\u00e5 vente noen minutter f\u00f8r du kan begynne \u00e5 spille.<\/td><\/tr><tr><td>\u00c5 sende penger via blokkjeden er en av de sikreste m\u00e5tene \u00e5 overf\u00f8re penger p\u00e5 nett.<\/td><td>Du m\u00e5 alltid betale en avgift for \u00e5 sende en transaksjon gjennom blokkjeden.<\/td><\/tr><tr><td>Mange casinoer tilbyr eksklusive tilbud for brukere av Bitcoin og annen kryptovaluta.<\/td><td>Noen casinoer tilbyr ikke velkomstbonus til brukere av Bitcoin.<\/td><\/tr><tr><td>Du er ikke begrenset av det smale utvalget av tradisjonelle betalingsmetoder for norske spillere.<\/td><td>Ikke alle casinospill fra alle spillutviklere st\u00f8tter BTC som valuta.<\/td><\/tr><tr><td>Bitcoin uttak er noen av de raskeste uttakene du kan f\u00e5 med minimum transaksjonstid.<\/td><td>Bitcoin er en volatil valuta og kan p\u00e5virke verdien av innskudd og gevinster.<\/td><\/tr><\/tbody><\/table><\/figure>\n\n\n\n<h2 class=\"wp-block-heading\">Spillutvalget hos Bitcoin casinoer<\/h2>\n\n\n\n<p>Utvalget av spill hos et Bitcoin og <a href=\"https:\/\/casinoutenblokkering.com\/betalingsmetoder\/kryptocasino\">kryptocasino<\/a> kan v\u00e6re veldig bra. Men, dette er stort sett n\u00e5r det er snakk om et hybridcasino, hvor du kan sette inn penger med Bitcoin men spille med norske kroner. Dersom det er et rent Bitcoin casino er utvalget ofte mindre.\u00a0<\/p>\n\n\n\n<p>Grunnen til det er at ikke alle spillutviklere har implementert Bitcoin som en tilgjengelig in-game valuta. Det vil si at innsatser og gevinster ikke kan plasseres med Bitcoin eller annen kryptovaluta. Derimot er dette en problemstilling som er i ferd med \u00e5 viskes ut, da alt flere spilleverand\u00f8rer oppgraderer spillene til \u00e5 ogs\u00e5 st\u00f8tte digital valuta.<\/p>\n\n\n\n<p>Hos mange nettcasinoer vil du finne en egen kategori for BTC spill. Per dags dato kan du vente at rundt \u2154 av spillene hos casinoet er \u00e5 finne i en slik kategori. Det vil si at du kan spille mange tusen ulike casinospill, innen spilltyper som spilleautomater, jackpotspill, bordspill, live dealer-spill, crashspill, skrapelodd og mye mer.&nbsp;<\/p>\n\n\n\n<h2 class=\"wp-block-heading\">Bonuser hos de beste Bitcoin casinoene<\/h2>\n\n\n\n<p>Hva slags bonusprogram et Bitcoin casino har er veldig individuelt. Noen tilbyr en mengde ulike bonuser mens andre gir deg kun ett eller to tilbud per uke.&nbsp;<\/p>\n\n\n\n<p>Absolutt alle Bitcoin casinoer vi anbefaler gir deg en velkomstbonus, men du b\u00f8r ikke bare se p\u00e5 dette tilbudet n\u00e5r du velger casino. I det lange l\u00f8p er bonusprogrammet for aktive og lojale spillere viktigere. Se etter hyppige matchbonuser med en stor prosentandel, gratisspinn og ikke minst cashbacks. Et solid lojalitetsprogram eller en VIP-klubb kan ogs\u00e5 gi mange goder.<\/p>\n\n\n\n<p>N\u00e5r du vurderer bonuser m\u00e5 du ikke bare se p\u00e5 selve bel\u00f8pene du f\u00e5r, da det som er aller viktigst er bonusreglene. Disse skal gi deg en rimelig god sjanse til \u00e5 konvertere bonusen til ekte penger som kan tas ut, uten \u00e5 legge for mange hindringer og begrensninger for spill eller spillstrategier.<\/p>\n\n\n\n<p>La oss se p\u00e5 noen av bonustypene du kan vente deg.<\/p>\n\n\n\n<h3 class=\"wp-block-heading\">Velkomstbonus<\/h3>\n\n\n\n<p>Velkomstbonusen er en umiddelbar fordel du f\u00e5r ved registrering. Den kan v\u00e6re en enkeltst\u00e5ende bonus knyttet til ditt f\u00f8rste innskudd, eller en velkomstpakke som strekker seg over flere innskudd. Disse bonusene er vanligvis gener\u00f8se med en stor prosentmatch og inkluderer ofte ogs\u00e5 gratisspinn.<\/p>\n\n\n\n<h3 class=\"wp-block-heading\">Matchbonus<\/h3>\n\n\n\n<p>Matchbonusen gir deg en prosentandel av ditt innskudd som bonus. Mange casinoer tilbyr minst \u00e9n slik bonus i uken, noen til og med p\u00e5 hvert eneste innskudd. V\u00e6r oppmerksom p\u00e5 at disse bonusene vanligvis har en maksimal matchprosent og et minimumsinnskudd.<\/p>\n\n\n\n<h3 class=\"wp-block-heading\">Gratisspinn<\/h3>\n\n\n\n<p>Gratisspinn er en popul\u00e6r form for casinobonus hvor du f\u00e5r et bestemt antall spinn p\u00e5 spilleautomater gratis. Gevinstene fra disse spinnene blir din bonus, og verdien av tilbudet avhenger av antall spinn og verdien per spinn.<\/p>\n\n\n\n<h3 class=\"wp-block-heading\">Cashback<\/h3>\n\n\n\n<p>Cashback er en bonus du f\u00e5r tilbake dersom du har uflaks med innskuddene dine. Du kan f\u00e5 en prosentandel av nettotapene dine tilbake, vanligvis mellom 5% og 30%. Cashback gjelder vanligvis kun for tap i spesifikke spillkategorier og kan v\u00e6re begrenset til enkeltinnskudd eller en periode som dag, uke eller m\u00e5ned.<\/p>\n\n\n\n<h3 class=\"wp-block-heading\">Lojalitetsprogram<\/h3>\n\n\n\n<p>Lojalitetsprogrammer bel\u00f8nner deg med ulike fordeler avhengig av ditt niv\u00e5. Dette kan inkludere cashbacks, gratisspinn, og niv\u00e5baserte bel\u00f8nninger. Noen tilbyr ogs\u00e5 et system med poeng eller mynter som du kan bytte inn mot bonuser eller premier i en bonusbutikk.<\/p>\n\n\n\n<h2 class=\"wp-block-heading\">Slik spiller du hos et Bitcoin casino<\/h2>\n\n\n\n<p>\u00c5 komme deg i gang hos et Bitcoin casino er raskt, og du kan vente deg en spennende spillopplevelse. Hvis du er helt ny til spilling p\u00e5 Bitcoin casinoer er det bare \u00e5 f\u00f8lge guiden v\u00e5r under.<\/p>\n\n\n\n<ul class=\"wp-block-list\">\n<li><strong>Steg 1: <\/strong>Start med \u00e5 velge et Bitcoin casino fra listen v\u00e5r lengre opp p\u00e5 denne siden.<\/li>\n\n\n\n<li><strong>Steg 2: <\/strong>Hos casinoet, fullf\u00f8r registreringsskjemaet med personopplysningene dine og din kontaktinformasjon.<\/li>\n\n\n\n<li><strong>Steg 3: <\/strong>P\u00e5 innskuddsiden velger du Bitcoin, og f\u00f8lger stegene p\u00e5 skjermen for \u00e5 gjennomf\u00f8re innskuddet. Alt du trenger \u00e5 gj\u00f8re er \u00e5 scanne QR-koden og sende penger fra din Bitcoin-lommebok til casinoets Bitcoin-lommebok.<\/li>\n\n\n\n<li><strong>Steg 4: <\/strong>Har du takket ja til en velkomstbonus kan du aktivere denne og starte spillingen. Fullf\u00f8r omsetningskravet ved \u00e5 spille alle dine favorittspill.&nbsp;<\/li>\n\n\n\n<li><strong>Steg 5: <\/strong>N\u00e5r bonusen er konvertert til ekte penger kan du igjen g\u00e5 til kassen for \u00e5 be om et <a href=\"https:\/\/casinoutenblokkering.com\/utenlandske-spillselskaper\/ta-ut\">uttak av casinogevinstene<\/a> dine. Velg alternativet Bitcoin og legg inn adressen til lommeboken din.<\/li>\n<\/ul>\n\n\n\n<h2 class=\"wp-block-heading\">Ansvarlig spilling<\/h2>\n\n\n\n<p>N\u00e5r du deltar i pengespill, er det viktig \u00e5 alltid ha <a href=\"http:\/\/casinoutenblokkering.com\/ansvarlig-spill\">ansvarlig spilling<\/a> i tankene. Dette sikrer at spillopplevelsen forblir underholdende og ikke p\u00e5virker deg negativt. Her er noen tips:<\/p>\n\n\n\n<ul class=\"wp-block-list\">\n<li>Ha det g\u00f8y n\u00e5r du spiller. Hvis spillingen ikke lenger er morsom, b\u00f8r du vurdere \u00e5 avslutte \u00f8kten og ta en pause fra casinoet.<\/li>\n\n\n\n<li>Aldri spill for mer penger enn du har r\u00e5d til \u00e5 tape. \u00c5 forvente at du alltid skal vinne er urealistisk.<\/li>\n\n\n\n<li>V\u00e6r oppmerksom p\u00e5 endringer i din egen spilleatferd, for eksempel \u00f8kt innsats eller lengre spillesesjoner.<\/li>\n\n\n\n<li>Hvis tanken p\u00e5 spilling tar over tankene dine mer og mer, b\u00f8r du s\u00f8ke hjelp.<\/li>\n\n\n\n<li>Hvis du opplever et problematisk forhold til spilling, ta kontakt med st\u00f8ttetjenester og vurder \u00e5 utestenge deg selv fra casinoet.<\/li>\n<\/ul>\n\n\n\n<p>De fleste p\u00e5litelige Bitcoin casinoer har en dedikert side for ansvarlig spilling. Her finner du informasjon om potensielle risikoer, hjelpelinjer og ulike verkt\u00f8y, som innskudds-, tap- og spillgrenser. Noen av disse grensene kan du aktivere selv, mens andre krever assistanse fra kundeservice.<\/p>\n\n\n\n<h2 class=\"wp-block-heading\">Hvordan vi tester og rangerer Bitcoin casinoer<\/h2>\n\n\n\n<p>N\u00e5r vi hos CasinoUtenBlokkering.com tester Bitcoin kasinoer, bruker vi en detaljert mal for \u00e5 sikre at vi vurderer alle aspekter ved hvert casino likt. Denne prosessen strekker seg over flere m\u00e5neder. Her er en oversikt over v\u00e5r fremgangsm\u00e5te:<\/p>\n\n\n\n<ul class=\"wp-block-list\">\n<li><strong>Registrering av spillekonto: <\/strong>Vi oppretter alltid en konto for \u00e5 vurdere registreringsprosessen og ha en aktiv spillekonto tilgjengelig for testing.<\/li>\n\n\n\n<li><strong>Bonuser og kampanjer: <\/strong>Vi benytter oss av tilbudte bonuser og gjennomg\u00e5r n\u00f8ye alle bonusregler for \u00e5 sikre rettferdighet. Vi evaluerer ogs\u00e5 omfanget og kvaliteten p\u00e5 bonusprogrammet.<\/li>\n\n\n\n<li><strong>Innskudd og uttak: <\/strong>Vi gj\u00f8r innskudd med minst tre ulike kryptovalutaer for \u00e5 vurdere transaksjonstidene.<\/li>\n\n\n\n<li><strong>Spillutvalg: <\/strong>Vi g\u00e5r gjennom hele spillutvalget og spiller de mest popul\u00e6re titlene. Siden vi ofte bruker bonuser, fokuserer vi hovedsakelig p\u00e5 spilleautomater for \u00e5 oppfylle omsetningskravene.<\/li>\n\n\n\n<li><strong>Kundeservice: <\/strong>Vi kontakter kundeservice minst to ganger per kontaktmetode for \u00e5 evaluere kunnskapsniv\u00e5, service og responstid.<\/li>\n\n\n\n<li><strong>Sikkerhet og lisens: <\/strong>Vi bekrefter at casinoet har en gyldig lisens og unders\u00f8ker sikkerhetsdokumentasjonen, inkludert hvilken kryptering de bruker.<\/li>\n\n\n\n<li><strong>Ansvarlig spilling: <\/strong>Vi vurderer verkt\u00f8yene casinoet tilbyr for ansvarlig spilling, som innskudds- og tapsgrenser, samt alternativer for selvutestengelse. Vi ser ogs\u00e5 p\u00e5 informasjonen de gir om spilleproblemer.<\/li>\n\n\n\n<li><strong>Brukervilk\u00e5r: <\/strong>Vi leser gjennom alle regler og vilk\u00e5r for \u00e5 sikre at de er minst like gode som industristandarden, og for \u00e5 forsikre oss om at spillere ikke er i en ugunstig posisjon hos casinoet.<\/li>\n<\/ul>\n\n\n\n<h2 class=\"wp-block-heading\">Ofte stilte sp\u00f8rsm\u00e5l<\/h2>\n\n\n\n<h3 class=\"wp-block-heading\">Hva koster det i avgift \u00e5 gj\u00f8re innskudd med Bitcoin?<\/h3>\n\n\n\n<p>Casinoene pleier ikke ta noen avgift for Bitcoin-innskudd, men du vil m\u00e5tte betale et gebyr for \u00e5 utf\u00f8re transaksjonen via blokkjeden. Hvor stor denne avgiften er kommer an p\u00e5 traskikken hos blokkjeden, s\u00e5 du m\u00e5 sjekke dette i din Bitcoin-lommebok f\u00f8r du utf\u00f8rer betalingen.<\/p>\n\n\n\n<h3 class=\"wp-block-heading\">Hvor lang tid tar det for et uttak med Bitcoin?<\/h3>\n\n\n\n<p>Transaksjonstiden for et Bitcoin-uttak kommer helt an p\u00e5 hvor mye trafikk det er p\u00e5 blokkjeden. Etter at casinoet har behandlet og godkjent uttaket kan det ta alt fra noen minutter til noen timer.&nbsp;<\/p>\n\n\n\n<h3 class=\"wp-block-heading\">Kan jeg f\u00e5 en bonus med et Bitcoin-innskudd?<\/h3>\n\n\n\n<p>Ja, de aller fleste casinoer lar det kreve en bonus n\u00e5r du gjennomf\u00f8rer innskuddet ditt med Bitcoin. Noen casinoer gir til og med brukere av Bitcoin eller andre kryptovalutaer ekstra gode tilbud.<\/p>\n\n\n\n<h3 class=\"wp-block-heading\">Kan jeg bruke Bitcoin i alle casinospill p\u00e5 nett?<\/h3>\n\n\n\n<p>N\u00e5 om dagen st\u00f8tter de aller fleste spillutviklere digitale valutaer som Bitcoin i spillene sine. Men, det er fortsatt noen som kun st\u00f8tter fiat valuta, mens andre enda ikke har oppgradert hele spillportef\u00f8ljen for krypto.<\/p>\n\n\n\n<h3 class=\"wp-block-heading\">Har Bitcoin casinoer en gyldig spillisens?<\/h3>\n\n\n\n<p>De aller fleste Bitcoin casinoer har en gyldig spillisens. Du kan bla deg helt ned til bunnteksten p\u00e5 casinoets nettside for \u00e5 se etter en logo for en spillemyndighet. Ved \u00e5 klikke p\u00e5 denne logoen skal du tas til en lisensvalidator som bekrefter at lisensen er gyldig og aktiv.<\/p>\n","protected":false},"excerpt":{"rendered":"<p>Bitcoin casinoer har eksistert i 10 \u00e5r allerede, men de er langt vanligere i dag enn de var tidligere. N\u00e5 om dagen aksepterer de aller fleste utenlandske nettcasinoene Bitcoin som betalingsmetode, eller som kontovaluta. Vi skal her utforske hva du kan vente deg n\u00e5r du spiller hos et Bitcoin casino, og s\u00e5 klart har vi [&hellip;]<\/p>\n","protected":false},"author":3,"featured_media":0,"parent":654,"menu_order":0,"comment_status":"closed","ping_status":"closed","template":"","meta":{"footnotes":""},"class_list":["post-656","page","type-page","status-publish","hentry"],"yoast_head":"<!-- This site is optimized with the Yoast SEO plugin v22.7 - https:\/\/yoast.com\/wordpress\/plugins\/seo\/ -->\n<title>Bitcoin casinoer - Casino Uten Blokkering<\/title>\n<meta name=\"description\" content=\"Spill hos Bitcoin casinoer for \u00e5 f\u00e5 tilgang til et stort spillutvalg, gode bonuser og raske transaksjoner for b\u00e5de innskudd og uttak.\" \/>\n<meta name=\"robots\" content=\"index, follow, max-snippet:-1, max-image-preview:large, max-video-preview:-1\" \/>\n<link rel=\"canonical\" href=\"http:\/\/casinoutenblokkering.com\/betalingsmetoder\/kryptocasino\/bitcoin\" \/>\n<meta property=\"og:locale\" content=\"en_GB\" \/>\n<meta property=\"og:type\" content=\"article\" \/>\n<meta property=\"og:title\" content=\"Bitcoin casinoer - Casino Uten Blokkering\" \/>\n<meta property=\"og:description\" content=\"Spill hos Bitcoin casinoer for \u00e5 f\u00e5 tilgang til et stort spillutvalg, gode bonuser og raske transaksjoner for b\u00e5de innskudd og uttak.\" \/>\n<meta property=\"og:url\" content=\"http:\/\/casinoutenblokkering.com\/betalingsmetoder\/kryptocasino\/bitcoin\" \/>\n<meta property=\"og:site_name\" content=\"Casino Uten Blokkering\" \/>\n<meta property=\"article:modified_time\" content=\"2024-06-24T14:37:32+00:00\" \/>\n<meta name=\"twitter:card\" content=\"summary_large_image\" \/>\n<meta name=\"twitter:label1\" content=\"Estimated reading time\" \/>\n\t<meta name=\"twitter:data1\" content=\"9 minutes\" \/>\n<script type=\"application\/ld+json\" class=\"yoast-schema-graph\">{\"@context\":\"https:\/\/schema.org\",\"@graph\":[{\"@type\":\"WebPage\",\"@id\":\"http:\/\/casinoutenblokkering.com\/betalingsmetoder\/kryptocasino\/bitcoin\",\"url\":\"http:\/\/casinoutenblokkering.com\/betalingsmetoder\/kryptocasino\/bitcoin\",\"name\":\"Bitcoin casinoer - Casino Uten Blokkering\",\"isPartOf\":{\"@id\":\"https:\/\/casinoutenblokkering.com\/#website\"},\"datePublished\":\"2024-06-10T12:32:58+00:00\",\"dateModified\":\"2024-06-24T14:37:32+00:00\",\"description\":\"Spill hos Bitcoin casinoer for \u00e5 f\u00e5 tilgang til et stort spillutvalg, gode bonuser og raske transaksjoner for b\u00e5de innskudd og uttak.\",\"breadcrumb\":{\"@id\":\"http:\/\/casinoutenblokkering.com\/betalingsmetoder\/kryptocasino\/bitcoin#breadcrumb\"},\"inLanguage\":\"en-GB\",\"potentialAction\":[{\"@type\":\"ReadAction\",\"target\":[\"http:\/\/casinoutenblokkering.com\/betalingsmetoder\/kryptocasino\/bitcoin\"]}]},{\"@type\":\"BreadcrumbList\",\"@id\":\"http:\/\/casinoutenblokkering.com\/betalingsmetoder\/kryptocasino\/bitcoin#breadcrumb\",\"itemListElement\":[{\"@type\":\"ListItem\",\"position\":1,\"name\":\"Home\",\"item\":\"http:\/\/casinoutenblokkering.com\/\"},{\"@type\":\"ListItem\",\"position\":2,\"name\":\"Betalingsmetoder p\u00e5 utenlandske casinoer\",\"item\":\"http:\/\/casinoutenblokkering.com\/betalingsmetoder\"},{\"@type\":\"ListItem\",\"position\":3,\"name\":\"Kryptocasino\",\"item\":\"http:\/\/casinoutenblokkering.com\/betalingsmetoder\/kryptocasino\"},{\"@type\":\"ListItem\",\"position\":4,\"name\":\"Bitcoin casinoer\"}]},{\"@type\":\"WebSite\",\"@id\":\"https:\/\/casinoutenblokkering.com\/#website\",\"url\":\"https:\/\/casinoutenblokkering.com\/\",\"name\":\"Casino Uten Blokkering\",\"description\":\"Alt du trenger for en smartere spillstrategi i Norge!\",\"publisher\":{\"@id\":\"https:\/\/casinoutenblokkering.com\/#organization\"},\"potentialAction\":[{\"@type\":\"SearchAction\",\"target\":{\"@type\":\"EntryPoint\",\"urlTemplate\":\"https:\/\/casinoutenblokkering.com\/?s={search_term_string}\"},\"query-input\":\"required name=search_term_string\"}],\"inLanguage\":\"en-GB\"},{\"@type\":\"Organization\",\"@id\":\"https:\/\/casinoutenblokkering.com\/#organization\",\"name\":\"Casino Uten Blokkering\",\"url\":\"https:\/\/casinoutenblokkering.com\/\",\"logo\":{\"@type\":\"ImageObject\",\"inLanguage\":\"en-GB\",\"@id\":\"https:\/\/casinoutenblokkering.com\/#\/schema\/logo\/image\/\",\"url\":\"https:\/\/casinoutenblokkering.com\/wp-content\/uploads\/2024\/07\/cropped-casinoutenblokkering-logo.webp\",\"contentUrl\":\"https:\/\/casinoutenblokkering.com\/wp-content\/uploads\/2024\/07\/cropped-casinoutenblokkering-logo.webp\",\"width\":300,\"height\":263,\"caption\":\"Casino Uten Blokkering\"},\"image\":{\"@id\":\"https:\/\/casinoutenblokkering.com\/#\/schema\/logo\/image\/\"}}]}<\/script>\n<!-- \/ Yoast SEO plugin. -->","yoast_head_json":{"title":"Bitcoin casinoer - Casino Uten Blokkering","description":"Spill hos Bitcoin casinoer for \u00e5 f\u00e5 tilgang til et stort spillutvalg, gode bonuser og raske transaksjoner for b\u00e5de innskudd og uttak.","robots":{"index":"index","follow":"follow","max-snippet":"max-snippet:-1","max-image-preview":"max-image-preview:large","max-video-preview":"max-video-preview:-1"},"canonical":"http:\/\/casinoutenblokkering.com\/betalingsmetoder\/kryptocasino\/bitcoin","og_locale":"en_GB","og_type":"article","og_title":"Bitcoin casinoer - Casino Uten Blokkering","og_description":"Spill hos Bitcoin casinoer for \u00e5 f\u00e5 tilgang til et stort spillutvalg, gode bonuser og raske transaksjoner for b\u00e5de innskudd og uttak.","og_url":"http:\/\/casinoutenblokkering.com\/betalingsmetoder\/kryptocasino\/bitcoin","og_site_name":"Casino Uten Blokkering","article_modified_time":"2024-06-24T14:37:32+00:00","twitter_card":"summary_large_image","twitter_misc":{"Estimated reading time":"9 minutes"},"schema":{"@context":"https:\/\/schema.org","@graph":[{"@type":"WebPage","@id":"http:\/\/casinoutenblokkering.com\/betalingsmetoder\/kryptocasino\/bitcoin","url":"http:\/\/casinoutenblokkering.com\/betalingsmetoder\/kryptocasino\/bitcoin","name":"Bitcoin casinoer - Casino Uten Blokkering","isPartOf":{"@id":"https:\/\/casinoutenblokkering.com\/#website"},"datePublished":"2024-06-10T12:32:58+00:00","dateModified":"2024-06-24T14:37:32+00:00","description":"Spill hos Bitcoin casinoer for \u00e5 f\u00e5 tilgang til et stort spillutvalg, gode bonuser og raske transaksjoner for b\u00e5de innskudd og uttak.","breadcrumb":{"@id":"http:\/\/casinoutenblokkering.com\/betalingsmetoder\/kryptocasino\/bitcoin#breadcrumb"},"inLanguage":"en-GB","potentialAction":[{"@type":"ReadAction","target":["http:\/\/casinoutenblokkering.com\/betalingsmetoder\/kryptocasino\/bitcoin"]}]},{"@type":"BreadcrumbList","@id":"http:\/\/casinoutenblokkering.com\/betalingsmetoder\/kryptocasino\/bitcoin#breadcrumb","itemListElement":[{"@type":"ListItem","position":1,"name":"Home","item":"http:\/\/casinoutenblokkering.com\/"},{"@type":"ListItem","position":2,"name":"Betalingsmetoder p\u00e5 utenlandske casinoer","item":"http:\/\/casinoutenblokkering.com\/betalingsmetoder"},{"@type":"ListItem","position":3,"name":"Kryptocasino","item":"http:\/\/casinoutenblokkering.com\/betalingsmetoder\/kryptocasino"},{"@type":"ListItem","position":4,"name":"Bitcoin casinoer"}]},{"@type":"WebSite","@id":"https:\/\/casinoutenblokkering.com\/#website","url":"https:\/\/casinoutenblokkering.com\/","name":"Casino Uten Blokkering","description":"Alt du trenger for en smartere spillstrategi i Norge!","publisher":{"@id":"https:\/\/casinoutenblokkering.com\/#organization"},"potentialAction":[{"@type":"SearchAction","target":{"@type":"EntryPoint","urlTemplate":"https:\/\/casinoutenblokkering.com\/?s={search_term_string}"},"query-input":"required name=search_term_string"}],"inLanguage":"en-GB"},{"@type":"Organization","@id":"https:\/\/casinoutenblokkering.com\/#organization","name":"Casino Uten Blokkering","url":"https:\/\/casinoutenblokkering.com\/","logo":{"@type":"ImageObject","inLanguage":"en-GB","@id":"https:\/\/casinoutenblokkering.com\/#\/schema\/logo\/image\/","url":"https:\/\/casinoutenblokkering.com\/wp-content\/uploads\/2024\/07\/cropped-casinoutenblokkering-logo.webp","contentUrl":"https:\/\/casinoutenblokkering.com\/wp-content\/uploads\/2024\/07\/cropped-casinoutenblokkering-logo.webp","width":300,"height":263,"caption":"Casino Uten Blokkering"},"image":{"@id":"https:\/\/casinoutenblokkering.com\/#\/schema\/logo\/image\/"}}]}},"_links":{"self":[{"href":"https:\/\/casinoutenblokkering.com\/index.php?rest_route=\/wp\/v2\/pages\/656","targetHints":{"allow":["GET"]}}],"collection":[{"href":"https:\/\/casinoutenblokkering.com\/index.php?rest_route=\/wp\/v2\/pages"}],"about":[{"href":"https:\/\/casinoutenblokkering.com\/index.php?rest_route=\/wp\/v2\/types\/page"}],"author":[{"embeddable":true,"href":"https:\/\/casinoutenblokkering.com\/index.php?rest_route=\/wp\/v2\/users\/3"}],"replies":[{"embeddable":true,"href":"https:\/\/casinoutenblokkering.com\/index.php?rest_route=%2Fwp%2Fv2%2Fcomments&post=656"}],"version-history":[{"count":3,"href":"https:\/\/casinoutenblokkering.com\/index.php?rest_route=\/wp\/v2\/pages\/656\/revisions"}],"predecessor-version":[{"id":761,"href":"https:\/\/casinoutenblokkering.com\/index.php?rest_route=\/wp\/v2\/pages\/656\/revisions\/761"}],"up":[{"embeddable":true,"href":"https:\/\/casinoutenblokkering.com\/index.php?rest_route=\/wp\/v2\/pages\/654"}],"wp:attachment":[{"href":"https:\/\/casinoutenblokkering.com\/index.php?rest_route=%2Fwp%2Fv2%2Fmedia&parent=656"}],"curies":[{"name":"wp","href":"https:\/\/api.w.org\/{rel}","templated":true}]}}