{"id":674,"date":"2024-06-10T17:53:28","date_gmt":"2024-06-10T17:53:28","guid":{"rendered":"https:\/\/casinoutenblokkering.com\/?page_id=674"},"modified":"2024-06-24T14:31:31","modified_gmt":"2024-06-24T14:31:31","slug":"vpn-casinoer","status":"publish","type":"page","link":"http:\/\/casinoutenblokkering.com\/utenlandske-spillselskaper\/vpn-casinoer","title":{"rendered":"VPN casinoer"},"content":{"rendered":"\n<p>VPN casinoer er nettcasinoer som tillater bruken av VPN-tjenester. Det vil si at du kan spille hos et nettcasino uten \u00e5 oppgi din n\u00f8yaktige lokasjon, da du bruker en alternativ IP-adresse. Men, husk at ikke alle nettcasinoer er VPN-vennlige, s\u00e5 pass p\u00e5 at du setter deg inn casinoets regler f\u00f8r du begynner. Her p\u00e5 denne siden skal vi fortelle deg alt du trenger \u00e5 vite om VPN og bruken av slike tjenester n\u00e5r du spiller p\u00e5 nett.&nbsp;<\/p>\n\n\n\n<h2 class=\"wp-block-heading\">Dette m\u00e5 du tenke p\u00e5 f\u00f8r du bruker VPN for \u00e5 spille p\u00e5 casino<\/h2>\n\n\n\n<p>F\u00f8r du bruker en VPN for \u00e5 spille hos et casino p\u00e5 nett m\u00e5 du sjekke at dette er tillatt av casinoet. Det er noen casinoer som forbyr bruken. Brudd p\u00e5 casinoets regler og vilk\u00e5r kan f\u00f8re til utestengsel fra casinoet og at gevinster ikke blir utbetalt.&nbsp;<\/p>\n\n\n\n<p>I tillegg til \u00e5 sjekke casinoets brukervilk\u00e5r f\u00f8r du begynner \u00e5 spille m\u00e5 du passe p\u00e5 at du registrerer deg med riktige opplysninger. Dette er noe du alltid m\u00e5 passe p\u00e5, men er ekstra viktig om du bruker en VPN fra et annet land enn Norge.&nbsp;<\/p>\n\n\n\n<p>Ettersom du bytter IP-adresse vil informasjon som land, valuta og telefonprefiks v\u00e6re forh\u00e5ndsinnstilt til landet IP-en din er fra. Pass derfor p\u00e5 at du butter dette til Norge n\u00e5r du registrerer en spillekonto slik at du ikke st\u00f8ter p\u00e5 problemer n\u00e5r du skal spille og ta ut penger.&nbsp;<\/p>\n\n\n\n<h2 class=\"wp-block-heading\">Viktigheten av \u00e5 registrere en norsk spillekonto hos VPN casinoer<\/h2>\n\n\n\n<p>\u00c5 registrere deg med din riktige adresse er viktig av flere grunner. For det f\u00f8rste er de tilgjengelige <a href=\"http:\/\/casinoutenblokkering.com\/betalingsmetoder\">betalingsmetodene hos casinoet<\/a> knyttet til landet du melder deg p\u00e5 fra. Bruker du et annet land p\u00e5 registreringsskjemaet kan der v\u00e6re at du ikke har tilgjengelige betalingsmetoder. For eksempel kan det v\u00e6re at du f\u00e5r til \u00e5 sette inn penger, men at ingen uttaksmetoder for Norge st\u00f8ttes.<\/p>\n\n\n\n<p>Videre m\u00e5 den registrerte adressen din stemme med dokumentene du sender inn for en KYC-verifikasjon. Dette er noe som du m\u00e5 fullf\u00f8re f\u00f8r du kan gj\u00f8re <a href=\"http:\/\/casinoutenblokkering.com\/utenlandske-spillselskaper\/ta-ut\">uttak av gevinster<\/a>.\u00a0<\/p>\n\n\n\n<p>Det er ogs\u00e5 andre grunner til at adressen, og spesifikt landet, m\u00e5 v\u00e6re korrekt. Ikke alle land gir tilgang til de samme bonusene, bonusvilk\u00e5rene og spillene. For \u00e5 f\u00e5 tilgang til riktige tjenester m\u00e5 du derfor registrere en norsk spillekonto, selv om du bruker en VPN for \u00e5 virtuelt bytte land.&nbsp;<\/p>\n\n\n\n<p>Og igjen, du m\u00e5 sjekke at det er et VPN casino du spiller hos, slik at bruken er tillatt.&nbsp;<\/p>\n\n\n\n<h2 class=\"wp-block-heading\">Hva er VPN?<\/h2>\n\n\n\n<p>VPN st\u00e5r for Virtual Private Network. Det en VPN gj\u00f8r er \u00e5 skape en ny IP-adresse for deg. Dermed \u201ctror\u201d nettsider du bes\u00f8ker at du befinner deg et annet sted enn der du virkelig er. Dette kan gj\u00f8res ved at din VPN er knyttet til en lokal privat server, eller til offentlig server som benyttes av mange selskaper.&nbsp;<\/p>\n\n\n\n<p>Selv om en god del nordmenn bruker en norsk VPN for \u00e5 simpelthen \u00f8ke datasikkerheten sin og personvernet, s\u00e5 er det andre grunner som er mer utbredt. Mest popul\u00e6rt er det \u00e5 bruke en VPN for et annet land. Dette gir ofte tilgang til mer innhold enn hva du f\u00e5r som en bruker fra Norge. For eksempel gjelder dette streaming-tjenester som gir deg tilgang til ulike produkter basert p\u00e5 landet du er i.&nbsp;<\/p>\n\n\n\n<p>For casinoer er et mange som bruker en VPN for \u00e5 f\u00e5 tilgang til casinoer som er blokkert i Norge. Eventuelt for \u00e5 f\u00e5 tilgang til bedre eller st\u00f8rre casinobonuser. Denne formen for bruk er derimot ikke anbefalt, da dette kan skape problemer n\u00e5r du skal ta ut penger fra kontoen din.&nbsp;<\/p>\n\n\n\n<h2 class=\"wp-block-heading\">Hvordan du bruker en VPN<\/h2>\n\n\n\n<p>\u00c5 bruke en VPN er enkelt. Det finnes gratis VPN-tjenester du kan benytte deg av, og disse kan v\u00e6re greie \u00e5 starte med. Men, ofte gir de deg veldig begrenset med data, og tjenestene kan gi trege forbindelser eller v\u00e6re utilstrekkelig kryptert. Det anbefales derfor \u00e5 bruke en bedre VPN, som er en abonnementstjeneste.&nbsp;<\/p>\n\n\n\n<p>N\u00e5r du har valgt en VPN er det bare \u00e5 laste den ned, eller legge den til som en plugin i nettleseren din. Du kan s\u00e5 velge landet du vil koble deg til via fra en liste. Du trenger bare laste inn siden du er p\u00e5 p\u00e5 nytt, eller \u00e5pne et nytt vindu.\u00a0Dermed kan du enkelt <a href=\"http:\/\/casinoutenblokkering.com\/lov-om-pengespill\/omga-dns-blokkering-av-casino\">omg\u00e5 en DNS-blokkering<\/a> for \u00e5 f\u00e5 tilgang til flere nettsider, slik som <a href=\"http:\/\/casinoutenblokkering.com\/utenlandske-spillselskaper\">utenlandske casioselskap<\/a>.<\/p>\n\n\n\n<p>Etter at du er ferdig kan du like enkelt stenge ned VPN-tjenesten for \u00e5 g\u00e5 tilbake til \u00e5 bruke din standard VPN.&nbsp;<\/p>\n\n\n\n<h2 class=\"wp-block-heading\">Ansvarlig spilling<\/h2>\n\n\n\n<p>Om du spiller hos VPN casinoer eller hos et nettcasino uten bruke av en slik tjeneste s\u00e5 m\u00e5 du uansett tenke p\u00e5 \u00e5 <a href=\"http:\/\/casinoutenblokkering.com\/ansvarlig-spill\">spille ansvarlig<\/a>. Pengespill kan som kjent v\u00e6re vanedannende, og det er derfor viktig at du alltid er oppmerksom p\u00e5 faresignalene.\u00a0<\/p>\n\n\n\n<p>S\u00e5 snart du merker at spilling ikke er g\u00f8y, eller at du tenker mye p\u00e5 spilling  er det p\u00e5 tide \u00e5 ta en pause. D\u00e5 m\u00e5 ogs\u00e5 v\u00e6re oppmerksom p\u00e5 endringer i spillem\u00f8nsteret ditt. For eksempel hvis du spiller med st\u00f8rre innsats for \u00e5 oppleve samme spenning som du f\u00f8r fikk fra mindre innsats. At du spiller for mer penger enn hva du har r\u00e5d til \u00e5 tape er ogs\u00e5 et kraftig faresignal.&nbsp;<\/p>\n\n\n\n<p>Hvis du er i ferd med \u00e5 utvikle et usunt forhold til spilling m\u00e5 du straks ta aff\u00e6re. Du b\u00f8r enten pause spillekontoen din eller vurdere \u00e5 fullstendig selvekskludere deg fra spilling. I tillegg b\u00f8r du opps\u00f8ke hjelp s\u00e5 snart som mulig. Det finnes b\u00e5de nasjonale og internasjonale organisasjoner som kan tilby hjelp og st\u00f8tte for de med spilleproblemer.<\/p>\n\n\n\n<h2 class=\"wp-block-heading\">Ofte stilte sp\u00f8rsm\u00e5l<\/h2>\n\n\n\n<h3 class=\"wp-block-heading\">Hva er VPN og hvorfor brukes det?<\/h3>\n\n\n\n<p>VPN st\u00e5r for Virtual Private Network, og og dette er en tjeneste som brukes for \u00e5 endre IP-adressen din. Enten til en annen IP-adresse i Norge eller til en fra et annet land. En VPN brukes derfor ofte for \u00e5 ta seg rundt geografiske restriksjoner p\u00e5 nett.&nbsp;<\/p>\n\n\n\n<h3 class=\"wp-block-heading\">Er det lovlig \u00e5 bruke VPN?<\/h3>\n\n\n\n<p>Ja, det er absolutt lov \u00e5 bruke en VPN, da dette er en tjeneste som ikke p\u00e5 noe som helst vis er i strid med Norges lov. Derimot er det ikke alle nettsider og tjenester som tillater bruken p\u00e5 sine nettsider. S\u00e5 pass p\u00e5 at du lesere brukerreglene for nettsider, slik som casinoer, f\u00f8r du aktiverer VPN-tjenesten din.<\/p>\n\n\n\n<h3 class=\"wp-block-heading\">Er alle nettcasinoer VPN casinoer?<\/h3>\n\n\n\n<p>Ikke alle nettcasinoer tillater bruken av en VPN for \u00e5 spille. Faktisk er det heller f\u00e5 casinoer som tillater dette. Derfor m\u00e5 du alltid sjekke casinoets brukervilk\u00e5r f\u00f8r du tar en VPN i bruk.&nbsp;<\/p>\n\n\n\n<h3 class=\"wp-block-heading\">Kan jeg omg\u00e5 en DNS-blokkering av et casino med VPN?<\/h3>\n\n\n\n<p>Ja, du kan omg\u00e5 en DNS-blokkering av et nettcasino med en VPN. Men, f\u00f8r du gj\u00f8r det m\u00e5 du passe p\u00e5 at casinoet tillater bruken av VPN. Dersom dette ikke er tilfelle er det bedre \u00e5 bytte DNS-tjeneste.<\/p>\n\n\n\n<h3 class=\"wp-block-heading\">Hvilke bonuser f\u00e5r jeg hos VPN casinoer?<\/h3>\n\n\n\n<p>Ettersom du alltid skal registrere deg med en norsk spillekonto selv hos et VPN-vennlig casino s\u00e5 er det bonuser for norske spillere du f\u00e5r tilgang til. Dette kan v\u00e6re matchbonsuer, gratisspinn, cashbacks og mye mer. Bare ta en titt p\u00e5 kampanjesiden hos casinoet.<\/p>\n","protected":false},"excerpt":{"rendered":"<p>VPN casinoer er nettcasinoer som tillater bruken av VPN-tjenester. Det vil si at du kan spille hos et nettcasino uten \u00e5 oppgi din n\u00f8yaktige lokasjon, da du bruker en alternativ IP-adresse. Men, husk at ikke alle nettcasinoer er VPN-vennlige, s\u00e5 pass p\u00e5 at du setter deg inn casinoets regler f\u00f8r du begynner. Her p\u00e5 denne [&hellip;]<\/p>\n","protected":false},"author":3,"featured_media":0,"parent":541,"menu_order":0,"comment_status":"closed","ping_status":"closed","template":"","meta":{"footnotes":""},"class_list":["post-674","page","type-page","status-publish","hentry"],"yoast_head":"<!-- This site is optimized with the Yoast SEO plugin v22.7 - https:\/\/yoast.com\/wordpress\/plugins\/seo\/ -->\n<title>VPN casinoer - Casino Uten Blokkering<\/title>\n<meta name=\"description\" content=\"Spill hos VPN casinoer for \u00f8kt anonymitet med samme gode tjenester. Finn ut alt du m\u00e5 vite om \u00e5 bruke VPN p\u00e5 nettcasinoer.\" \/>\n<meta name=\"robots\" content=\"index, follow, max-snippet:-1, max-image-preview:large, max-video-preview:-1\" \/>\n<link rel=\"canonical\" href=\"http:\/\/casinoutenblokkering.com\/utenlandske-spillselskaper\/vpn-casinoer\" \/>\n<meta property=\"og:locale\" content=\"en_GB\" \/>\n<meta property=\"og:type\" content=\"article\" \/>\n<meta property=\"og:title\" content=\"VPN casinoer - Casino Uten Blokkering\" \/>\n<meta property=\"og:description\" content=\"Spill hos VPN casinoer for \u00f8kt anonymitet med samme gode tjenester. Finn ut alt du m\u00e5 vite om \u00e5 bruke VPN p\u00e5 nettcasinoer.\" \/>\n<meta property=\"og:url\" content=\"http:\/\/casinoutenblokkering.com\/utenlandske-spillselskaper\/vpn-casinoer\" \/>\n<meta property=\"og:site_name\" content=\"Casino Uten Blokkering\" \/>\n<meta property=\"article:modified_time\" content=\"2024-06-24T14:31:31+00:00\" \/>\n<meta name=\"twitter:card\" content=\"summary_large_image\" \/>\n<meta name=\"twitter:label1\" content=\"Estimated reading time\" \/>\n\t<meta name=\"twitter:data1\" content=\"6 minutes\" \/>\n<script type=\"application\/ld+json\" class=\"yoast-schema-graph\">{\"@context\":\"https:\/\/schema.org\",\"@graph\":[{\"@type\":\"WebPage\",\"@id\":\"http:\/\/casinoutenblokkering.com\/utenlandske-spillselskaper\/vpn-casinoer\",\"url\":\"http:\/\/casinoutenblokkering.com\/utenlandske-spillselskaper\/vpn-casinoer\",\"name\":\"VPN casinoer - Casino Uten Blokkering\",\"isPartOf\":{\"@id\":\"https:\/\/casinoutenblokkering.com\/#website\"},\"datePublished\":\"2024-06-10T17:53:28+00:00\",\"dateModified\":\"2024-06-24T14:31:31+00:00\",\"description\":\"Spill hos VPN casinoer for \u00f8kt anonymitet med samme gode tjenester. Finn ut alt du m\u00e5 vite om \u00e5 bruke VPN p\u00e5 nettcasinoer.\",\"breadcrumb\":{\"@id\":\"http:\/\/casinoutenblokkering.com\/utenlandske-spillselskaper\/vpn-casinoer#breadcrumb\"},\"inLanguage\":\"en-GB\",\"potentialAction\":[{\"@type\":\"ReadAction\",\"target\":[\"http:\/\/casinoutenblokkering.com\/utenlandske-spillselskaper\/vpn-casinoer\"]}]},{\"@type\":\"BreadcrumbList\",\"@id\":\"http:\/\/casinoutenblokkering.com\/utenlandske-spillselskaper\/vpn-casinoer#breadcrumb\",\"itemListElement\":[{\"@type\":\"ListItem\",\"position\":1,\"name\":\"Home\",\"item\":\"http:\/\/casinoutenblokkering.com\/\"},{\"@type\":\"ListItem\",\"position\":2,\"name\":\"Utenlandske spillselskaper\",\"item\":\"http:\/\/casinoutenblokkering.com\/utenlandske-spillselskaper\"},{\"@type\":\"ListItem\",\"position\":3,\"name\":\"VPN casinoer\"}]},{\"@type\":\"WebSite\",\"@id\":\"https:\/\/casinoutenblokkering.com\/#website\",\"url\":\"https:\/\/casinoutenblokkering.com\/\",\"name\":\"Casino Uten Blokkering\",\"description\":\"Alt du trenger for en smartere spillstrategi i Norge!\",\"publisher\":{\"@id\":\"https:\/\/casinoutenblokkering.com\/#organization\"},\"potentialAction\":[{\"@type\":\"SearchAction\",\"target\":{\"@type\":\"EntryPoint\",\"urlTemplate\":\"https:\/\/casinoutenblokkering.com\/?s={search_term_string}\"},\"query-input\":\"required name=search_term_string\"}],\"inLanguage\":\"en-GB\"},{\"@type\":\"Organization\",\"@id\":\"https:\/\/casinoutenblokkering.com\/#organization\",\"name\":\"Casino Uten Blokkering\",\"url\":\"https:\/\/casinoutenblokkering.com\/\",\"logo\":{\"@type\":\"ImageObject\",\"inLanguage\":\"en-GB\",\"@id\":\"https:\/\/casinoutenblokkering.com\/#\/schema\/logo\/image\/\",\"url\":\"https:\/\/casinoutenblokkering.com\/wp-content\/uploads\/2024\/07\/cropped-casinoutenblokkering-logo.webp\",\"contentUrl\":\"https:\/\/casinoutenblokkering.com\/wp-content\/uploads\/2024\/07\/cropped-casinoutenblokkering-logo.webp\",\"width\":300,\"height\":263,\"caption\":\"Casino Uten Blokkering\"},\"image\":{\"@id\":\"https:\/\/casinoutenblokkering.com\/#\/schema\/logo\/image\/\"}}]}<\/script>\n<!-- \/ Yoast SEO plugin. -->","yoast_head_json":{"title":"VPN casinoer - Casino Uten Blokkering","description":"Spill hos VPN casinoer for \u00f8kt anonymitet med samme gode tjenester. Finn ut alt du m\u00e5 vite om \u00e5 bruke VPN p\u00e5 nettcasinoer.","robots":{"index":"index","follow":"follow","max-snippet":"max-snippet:-1","max-image-preview":"max-image-preview:large","max-video-preview":"max-video-preview:-1"},"canonical":"http:\/\/casinoutenblokkering.com\/utenlandske-spillselskaper\/vpn-casinoer","og_locale":"en_GB","og_type":"article","og_title":"VPN casinoer - Casino Uten Blokkering","og_description":"Spill hos VPN casinoer for \u00f8kt anonymitet med samme gode tjenester. Finn ut alt du m\u00e5 vite om \u00e5 bruke VPN p\u00e5 nettcasinoer.","og_url":"http:\/\/casinoutenblokkering.com\/utenlandske-spillselskaper\/vpn-casinoer","og_site_name":"Casino Uten Blokkering","article_modified_time":"2024-06-24T14:31:31+00:00","twitter_card":"summary_large_image","twitter_misc":{"Estimated reading time":"6 minutes"},"schema":{"@context":"https:\/\/schema.org","@graph":[{"@type":"WebPage","@id":"http:\/\/casinoutenblokkering.com\/utenlandske-spillselskaper\/vpn-casinoer","url":"http:\/\/casinoutenblokkering.com\/utenlandske-spillselskaper\/vpn-casinoer","name":"VPN casinoer - Casino Uten Blokkering","isPartOf":{"@id":"https:\/\/casinoutenblokkering.com\/#website"},"datePublished":"2024-06-10T17:53:28+00:00","dateModified":"2024-06-24T14:31:31+00:00","description":"Spill hos VPN casinoer for \u00f8kt anonymitet med samme gode tjenester. Finn ut alt du m\u00e5 vite om \u00e5 bruke VPN p\u00e5 nettcasinoer.","breadcrumb":{"@id":"http:\/\/casinoutenblokkering.com\/utenlandske-spillselskaper\/vpn-casinoer#breadcrumb"},"inLanguage":"en-GB","potentialAction":[{"@type":"ReadAction","target":["http:\/\/casinoutenblokkering.com\/utenlandske-spillselskaper\/vpn-casinoer"]}]},{"@type":"BreadcrumbList","@id":"http:\/\/casinoutenblokkering.com\/utenlandske-spillselskaper\/vpn-casinoer#breadcrumb","itemListElement":[{"@type":"ListItem","position":1,"name":"Home","item":"http:\/\/casinoutenblokkering.com\/"},{"@type":"ListItem","position":2,"name":"Utenlandske spillselskaper","item":"http:\/\/casinoutenblokkering.com\/utenlandske-spillselskaper"},{"@type":"ListItem","position":3,"name":"VPN casinoer"}]},{"@type":"WebSite","@id":"https:\/\/casinoutenblokkering.com\/#website","url":"https:\/\/casinoutenblokkering.com\/","name":"Casino Uten Blokkering","description":"Alt du trenger for en smartere spillstrategi i Norge!","publisher":{"@id":"https:\/\/casinoutenblokkering.com\/#organization"},"potentialAction":[{"@type":"SearchAction","target":{"@type":"EntryPoint","urlTemplate":"https:\/\/casinoutenblokkering.com\/?s={search_term_string}"},"query-input":"required name=search_term_string"}],"inLanguage":"en-GB"},{"@type":"Organization","@id":"https:\/\/casinoutenblokkering.com\/#organization","name":"Casino Uten Blokkering","url":"https:\/\/casinoutenblokkering.com\/","logo":{"@type":"ImageObject","inLanguage":"en-GB","@id":"https:\/\/casinoutenblokkering.com\/#\/schema\/logo\/image\/","url":"https:\/\/casinoutenblokkering.com\/wp-content\/uploads\/2024\/07\/cropped-casinoutenblokkering-logo.webp","contentUrl":"https:\/\/casinoutenblokkering.com\/wp-content\/uploads\/2024\/07\/cropped-casinoutenblokkering-logo.webp","width":300,"height":263,"caption":"Casino Uten Blokkering"},"image":{"@id":"https:\/\/casinoutenblokkering.com\/#\/schema\/logo\/image\/"}}]}},"_links":{"self":[{"href":"https:\/\/casinoutenblokkering.com\/index.php?rest_route=\/wp\/v2\/pages\/674","targetHints":{"allow":["GET"]}}],"collection":[{"href":"https:\/\/casinoutenblokkering.com\/index.php?rest_route=\/wp\/v2\/pages"}],"about":[{"href":"https:\/\/casinoutenblokkering.com\/index.php?rest_route=\/wp\/v2\/types\/page"}],"author":[{"embeddable":true,"href":"https:\/\/casinoutenblokkering.com\/index.php?rest_route=\/wp\/v2\/users\/3"}],"replies":[{"embeddable":true,"href":"https:\/\/casinoutenblokkering.com\/index.php?rest_route=%2Fwp%2Fv2%2Fcomments&post=674"}],"version-history":[{"count":3,"href":"https:\/\/casinoutenblokkering.com\/index.php?rest_route=\/wp\/v2\/pages\/674\/revisions"}],"predecessor-version":[{"id":754,"href":"https:\/\/casinoutenblokkering.com\/index.php?rest_route=\/wp\/v2\/pages\/674\/revisions\/754"}],"up":[{"embeddable":true,"href":"https:\/\/casinoutenblokkering.com\/index.php?rest_route=\/wp\/v2\/pages\/541"}],"wp:attachment":[{"href":"https:\/\/casinoutenblokkering.com\/index.php?rest_route=%2Fwp%2Fv2%2Fmedia&parent=674"}],"curies":[{"name":"wp","href":"https:\/\/api.w.org\/{rel}","templated":true}]}}