{"id":680,"date":"2024-06-10T17:42:31","date_gmt":"2024-06-10T17:42:31","guid":{"rendered":"https:\/\/casinoutenblokkering.com\/?page_id=680"},"modified":"2024-06-27T12:15:38","modified_gmt":"2024-06-27T12:15:38","slug":"lovlige-spillselskaper-i-norge","status":"publish","type":"page","link":"http:\/\/casinoutenblokkering.com\/norske-spillselskaper\/norge","title":{"rendered":"Lovlige spillselskaper i Norge"},"content":{"rendered":"\n<p>I Norge er pengespill strengt regulert, og det er Pengespilloven som bestemmer hvilke rammer pengespill kan tilbys innen. To statlige selskaper har enerett p\u00e5 nasjonale store pengespill, men det finnes ogs\u00e5 en rekke andre mindre akt\u00f8rer som har tillatelse fra Lotteri- og stiftelsestilsynet. Vi skal her se n\u00e6rmere p\u00e5 ulike lovlige spillselskaper i Norge og ogs\u00e5 utforske hvilke selskaper nordmenn lovlig kan spille hos.<\/p>\n\n\n\n<h2 class=\"wp-block-heading\">Alle lovlige norske spillselskaper<\/h2>\n\n\n\n<p>Det finnes i grunn tre grupper av selskaper som har tillatelse til \u00e5 tilby pengespill i Norge. Det er statlige selskaper, ikke-fortjenestebaserte organisasjoner og de som har andre tillatelser. Reglene for hvem som kan og ikke kan tilby penegspill i Norge er det norges <a href=\"https:\/\/casinoutenblokkering.com\/lov-om-pengespill\">lov om pengespill <\/a>som bestemmer. La oss se n\u00e6rmere p\u00e5 de ulike <a href=\"https:\/\/casinoutenblokkering.com\/norske-spillselskaper\">norske spillselskapene<\/a> og se hva slags spill det er de hat tillatelse til \u00e5 tilby.&nbsp;<\/p>\n\n\n\n<h3 class=\"wp-block-heading\">Statlige Akt\u00f8rer<\/h3>\n\n\n\n<ul class=\"wp-block-list\">\n<li><strong>Norsk Tipping<\/strong><\/li>\n<\/ul>\n\n\n\n<p>Norsk Tipping tilbyr et bredt spekter av pengespill, inkludert tallspill, sportsspill, underholdningsspill, casinospill og bingospill. De er underlagt offentlig kontroll p\u00e5 grunn av h\u00f8y omsetning, store premier og potensiell risiko for spilleproblemer.<\/p>\n\n\n\n<ul class=\"wp-block-list\">\n<li><strong>Stiftelsen Norsk Rikstoto<\/strong><\/li>\n<\/ul>\n\n\n\n<p>Norsk Rikstoto spesialiserer seg i hestespill, og tillatelsen deres dekker kun denne spilltypen. Ogs\u00e5 dette selskapet er under streng offentlig kontroll p\u00e5 grunn av lignende \u00e5rsaker som Norsk Tipping.<\/p>\n\n\n\n<h3 class=\"wp-block-heading\">Ikke-fortjenestebaserte organisasjoner<\/h3>\n\n\n\n<p>Noen organisasjoner som ikke har fortjeneste som form\u00e5l, og som tilbakef\u00f8rer overskuddet til organisasjonens form\u00e5l, har ogs\u00e5 tillatelse til \u00e5 tilby visse former for pengespill. Dette gjelder kun for begrensede omsetninger og premiest\u00f8rrelser. Disse organisasjonene inkluderer:<\/p>\n\n\n\n<ul class=\"wp-block-list\">\n<li><strong>Norsk Pantelotteri AS<\/strong><\/li>\n<\/ul>\n\n\n\n<p>Tillater pantelotterispill, hvor overskuddet g\u00e5r til st\u00f8tte for Norges R\u00f8de Kors.<\/p>\n\n\n\n<ul class=\"wp-block-list\">\n<li><strong>Norsk Postkodelotteri<\/strong><\/li>\n<\/ul>\n\n\n\n<p>Tilbyr postkodelotterispill med overskudd som st\u00f8tter Stiftelsen WWF og SOS barnebyer Norge.<\/p>\n\n\n\n<ul class=\"wp-block-list\">\n<li><strong>Lotterigodkjente organisasjoner<\/strong><\/li>\n<\/ul>\n\n\n\n<p>Enkelte organisasjoner, som kan sjekkes i Pengespillregisteret, har godkjennelse for \u00e5 arrangere store lotterier til st\u00f8tte for veldedige form\u00e5l.<\/p>\n\n\n\n<h3 class=\"wp-block-heading\">Andre tillatelser<\/h3>\n\n\n\n<ul class=\"wp-block-list\">\n<li><strong>Bingoakt\u00f8rer<\/strong><\/li>\n<\/ul>\n\n\n\n<p>Noen bingoakt\u00f8rer har tillatelse til \u00e5 tilby hovedspillet sitt p\u00e5 nett.<\/p>\n\n\n\n<ul class=\"wp-block-list\">\n<li><strong>Color Line\/Fjord Line<\/strong><\/li>\n<\/ul>\n\n\n\n<p>Tillater lotteri og spill om bord p\u00e5 deres skip.<\/p>\n\n\n\n<ul class=\"wp-block-list\">\n<li><strong>Blodkreftforeningen \/Gynkreftforeningen<\/strong><\/li>\n<\/ul>\n\n\n\n<p>Har tillatelse til \u00e5 arrangere NM i turneringspoker.<\/p>\n\n\n\n<p>I tillegg kan organisasjoner og privatpersoner i noen tilfeller tilby pengespill. Overskuddet m\u00e5 g\u00e5 til ikke-fortjenestebaserte form\u00e5l og den \u00e5rlige omsetningen kan ikke overstige 200 000 kroner.<\/p>\n\n\n\n<h2 class=\"wp-block-heading\">Lotteri og stiftelsestilsynet \u2013 Norges spillemyndighet<\/h2>\n\n\n\n<p>Lotteri- og stiftelsestilsynet (tidligere kalt Lotteritilsynet) er et statlig tilsynsorgan som har ansvar for \u00e5 regulere og kontrollere pengespill og lotterier i Norge. Organisasjonen ble opprettet for \u00e5 sikre ansvarlig spillpraksis, forhindre kriminalitet knyttet til pengespill og sikre at overskuddet fra pengespill g\u00e5r tilbake til samfunnet.<\/p>\n\n\n\n<p>Lotteri- og stiftelsestilsynet har myndighet til \u00e5 gi tillatelser til akt\u00f8rer som \u00f8nsker \u00e5 arrangere lotterier og pengespill i Norge. De overv\u00e5ker ogs\u00e5 driften av disse akt\u00f8rene for \u00e5 sikre at de f\u00f8lger gjeldende lover og retningslinjer. Dette spesielt med tanke p\u00e5 ansvarlig spill og beskyttelse av s\u00e5rbare grupper.<\/p>\n\n\n\n<p>I tillegg til <a href=\"https:\/\/casinoutenblokkering.com\/lov-om-pengespill\/casinoreguleringer\">casinoreguleringer<\/a>, har Lotteri- og stiftelsestilsynet ogs\u00e5 ansvar for frivillige organisasjoner i Norge. Dette inkluderer tilsyn med hvordan disse organisasjonene bruker midler de mottar fra lotterier og pengespill.\u00a0<\/p>\n\n\n\n<h2 class=\"wp-block-heading\">Spillselskaper nordmenn lovlig kan spille hos<\/h2>\n\n\n\n<p>Selv om det \u00e5 f\u00e5 tillatelse til \u00e5 tilby pengespill i Norge er strengt, s\u00e5 er det mindre strengt for spillere. Det er nemlig lovlig for alle som bor i Norge \u00e5 spille ogs\u00e5 hos spillselskaper som ikke har lisens fra Norge.&nbsp;<\/p>\n\n\n\n<p>Finn ut mer om <a href=\"https:\/\/casinoutenblokkering.com\/?page_id=541\">utenlandske spillsels<\/a><a href=\"https:\/\/casinoutenblokkering.com\/utenlandske-spillselskaper\">k<\/a><a href=\"https:\/\/casinoutenblokkering.com\/?page_id=541\">aper.<\/a><\/p>\n\n\n\n<h2 class=\"wp-block-heading\">Ofte stilte sp\u00f8rsm\u00e5l<\/h2>\n\n\n\n<h3 class=\"wp-block-heading\">Hvilke to statlige akt\u00f8rer har tillatelse til \u00e5 tilby pengespill i Norge?<\/h3>\n\n\n\n<p>De to statlige akt\u00f8rene som er lovlige spillselskaper i Norge er Norsk Tipping og Stiftelsen Norsk Rikstoto.<\/p>\n\n\n\n<h3 class=\"wp-block-heading\">Sp\u00f8rsm\u00e5l: Hvordan kontrolleres de statlige spillselskapene i Norge?<\/h3>\n\n\n\n<p>De statlige spillselskapene i Norge kontrolleres av Lotteri- og stiftelsestilsynet. Det er ogs\u00e5 de som har oversyn med organisasjonene som mottar overskuddet fra pengespill.&nbsp;<\/p>\n\n\n\n<h3 class=\"wp-block-heading\">Hvilke typer pengespill tillates av de statlige spillselskapene i Norge?<\/h3>\n\n\n\n<p>De statlige spillselskapene tilbyr et bredt spekter av pengespill, inkludert tallspill, sportsspill, underholdningsspill, casinospill og hestespill. Dette er spill du finner hos Norsk Tipping og Norsk Rikstoto.<\/p>\n\n\n\n<h3 class=\"wp-block-heading\">Hva er kravene for organisasjoner som \u00f8nsker \u00e5 tilby pengespill i Norge?<\/h3>\n\n\n\n<p>Organisasjoner som \u00f8nsker \u00e5 tilby pengespill uten fortjeneste som form\u00e5l m\u00e5 sikre at omsetningen er begrenset, premiest\u00f8rrelsen er lav, og at det er lav risiko for spilleproblemer.<\/p>\n\n\n\n<h3 class=\"wp-block-heading\">Hva er Lotteri- og stiftelsestilsynets rolle i reguleringen av pengespill i Norge?<\/h3>\n\n\n\n<p>Lotteri- og stiftelsestilsynet har ansvar for \u00e5 regulere og kontrollere pengespill og lotterier i Norge. Dette inkluderer \u00e5 gi tillatelser til akt\u00f8rer, overv\u00e5ke driften av spillselskapene og sikre at overskuddet fra pengespill g\u00e5r tilbake til samfunnet.<\/p>\n","protected":false},"excerpt":{"rendered":"<p>I Norge er pengespill strengt regulert, og det er Pengespilloven som bestemmer hvilke rammer pengespill kan tilbys innen. To statlige selskaper har enerett p\u00e5 nasjonale store pengespill, men det finnes ogs\u00e5 en rekke andre mindre akt\u00f8rer som har tillatelse fra Lotteri- og stiftelsestilsynet. Vi skal her se n\u00e6rmere p\u00e5 ulike lovlige spillselskaper i Norge og [&hellip;]<\/p>\n","protected":false},"author":3,"featured_media":0,"parent":495,"menu_order":0,"comment_status":"closed","ping_status":"closed","template":"","meta":{"footnotes":""},"class_list":["post-680","page","type-page","status-publish","hentry"],"yoast_head":"<!-- This site is optimized with the Yoast SEO plugin v22.7 - https:\/\/yoast.com\/wordpress\/plugins\/seo\/ -->\n<title>Lovlige spillselskaper i Norge - Casino Uten Blokkering<\/title>\n<meta name=\"description\" content=\"Se en liste over alle lovlige spillselskaper i Norge og finn ut hvordan Lotteri- og stiftelsestilsynet kontrollerer og regulerer selskapene.\" \/>\n<meta name=\"robots\" content=\"index, follow, max-snippet:-1, max-image-preview:large, max-video-preview:-1\" \/>\n<link rel=\"canonical\" href=\"http:\/\/casinoutenblokkering.com\/norske-spillselskaper\/norge\" \/>\n<meta property=\"og:locale\" content=\"en_GB\" \/>\n<meta property=\"og:type\" content=\"article\" \/>\n<meta property=\"og:title\" content=\"Lovlige spillselskaper i Norge - Casino Uten Blokkering\" \/>\n<meta property=\"og:description\" content=\"Se en liste over alle lovlige spillselskaper i Norge og finn ut hvordan Lotteri- og stiftelsestilsynet kontrollerer og regulerer selskapene.\" \/>\n<meta property=\"og:url\" content=\"http:\/\/casinoutenblokkering.com\/norske-spillselskaper\/norge\" \/>\n<meta property=\"og:site_name\" content=\"Casino Uten Blokkering\" \/>\n<meta property=\"article:modified_time\" content=\"2024-06-27T12:15:38+00:00\" \/>\n<meta name=\"twitter:card\" content=\"summary_large_image\" \/>\n<meta name=\"twitter:label1\" content=\"Estimated reading time\" \/>\n\t<meta name=\"twitter:data1\" content=\"4 minutes\" \/>\n<script type=\"application\/ld+json\" class=\"yoast-schema-graph\">{\"@context\":\"https:\/\/schema.org\",\"@graph\":[{\"@type\":\"WebPage\",\"@id\":\"http:\/\/casinoutenblokkering.com\/norske-spillselskaper\/norge\",\"url\":\"http:\/\/casinoutenblokkering.com\/norske-spillselskaper\/norge\",\"name\":\"Lovlige spillselskaper i Norge - Casino Uten Blokkering\",\"isPartOf\":{\"@id\":\"https:\/\/casinoutenblokkering.com\/#website\"},\"datePublished\":\"2024-06-10T17:42:31+00:00\",\"dateModified\":\"2024-06-27T12:15:38+00:00\",\"description\":\"Se en liste over alle lovlige spillselskaper i Norge og finn ut hvordan Lotteri- og stiftelsestilsynet kontrollerer og regulerer selskapene.\",\"breadcrumb\":{\"@id\":\"http:\/\/casinoutenblokkering.com\/norske-spillselskaper\/norge#breadcrumb\"},\"inLanguage\":\"en-GB\",\"potentialAction\":[{\"@type\":\"ReadAction\",\"target\":[\"http:\/\/casinoutenblokkering.com\/norske-spillselskaper\/norge\"]}]},{\"@type\":\"BreadcrumbList\",\"@id\":\"http:\/\/casinoutenblokkering.com\/norske-spillselskaper\/norge#breadcrumb\",\"itemListElement\":[{\"@type\":\"ListItem\",\"position\":1,\"name\":\"Home\",\"item\":\"http:\/\/casinoutenblokkering.com\/\"},{\"@type\":\"ListItem\",\"position\":2,\"name\":\"Norske spillselskaper\",\"item\":\"http:\/\/casinoutenblokkering.com\/norske-spillselskaper\"},{\"@type\":\"ListItem\",\"position\":3,\"name\":\"Lovlige spillselskaper i Norge\"}]},{\"@type\":\"WebSite\",\"@id\":\"https:\/\/casinoutenblokkering.com\/#website\",\"url\":\"https:\/\/casinoutenblokkering.com\/\",\"name\":\"Casino Uten Blokkering\",\"description\":\"Alt du trenger for en smartere spillstrategi i Norge!\",\"publisher\":{\"@id\":\"https:\/\/casinoutenblokkering.com\/#organization\"},\"potentialAction\":[{\"@type\":\"SearchAction\",\"target\":{\"@type\":\"EntryPoint\",\"urlTemplate\":\"https:\/\/casinoutenblokkering.com\/?s={search_term_string}\"},\"query-input\":\"required name=search_term_string\"}],\"inLanguage\":\"en-GB\"},{\"@type\":\"Organization\",\"@id\":\"https:\/\/casinoutenblokkering.com\/#organization\",\"name\":\"Casino Uten Blokkering\",\"url\":\"https:\/\/casinoutenblokkering.com\/\",\"logo\":{\"@type\":\"ImageObject\",\"inLanguage\":\"en-GB\",\"@id\":\"https:\/\/casinoutenblokkering.com\/#\/schema\/logo\/image\/\",\"url\":\"https:\/\/casinoutenblokkering.com\/wp-content\/uploads\/2024\/07\/cropped-casinoutenblokkering-logo.webp\",\"contentUrl\":\"https:\/\/casinoutenblokkering.com\/wp-content\/uploads\/2024\/07\/cropped-casinoutenblokkering-logo.webp\",\"width\":300,\"height\":263,\"caption\":\"Casino Uten Blokkering\"},\"image\":{\"@id\":\"https:\/\/casinoutenblokkering.com\/#\/schema\/logo\/image\/\"}}]}<\/script>\n<!-- \/ Yoast SEO plugin. -->","yoast_head_json":{"title":"Lovlige spillselskaper i Norge - Casino Uten Blokkering","description":"Se en liste over alle lovlige spillselskaper i Norge og finn ut hvordan Lotteri- og stiftelsestilsynet kontrollerer og regulerer selskapene.","robots":{"index":"index","follow":"follow","max-snippet":"max-snippet:-1","max-image-preview":"max-image-preview:large","max-video-preview":"max-video-preview:-1"},"canonical":"http:\/\/casinoutenblokkering.com\/norske-spillselskaper\/norge","og_locale":"en_GB","og_type":"article","og_title":"Lovlige spillselskaper i Norge - Casino Uten Blokkering","og_description":"Se en liste over alle lovlige spillselskaper i Norge og finn ut hvordan Lotteri- og stiftelsestilsynet kontrollerer og regulerer selskapene.","og_url":"http:\/\/casinoutenblokkering.com\/norske-spillselskaper\/norge","og_site_name":"Casino Uten Blokkering","article_modified_time":"2024-06-27T12:15:38+00:00","twitter_card":"summary_large_image","twitter_misc":{"Estimated reading time":"4 minutes"},"schema":{"@context":"https:\/\/schema.org","@graph":[{"@type":"WebPage","@id":"http:\/\/casinoutenblokkering.com\/norske-spillselskaper\/norge","url":"http:\/\/casinoutenblokkering.com\/norske-spillselskaper\/norge","name":"Lovlige spillselskaper i Norge - Casino Uten Blokkering","isPartOf":{"@id":"https:\/\/casinoutenblokkering.com\/#website"},"datePublished":"2024-06-10T17:42:31+00:00","dateModified":"2024-06-27T12:15:38+00:00","description":"Se en liste over alle lovlige spillselskaper i Norge og finn ut hvordan Lotteri- og stiftelsestilsynet kontrollerer og regulerer selskapene.","breadcrumb":{"@id":"http:\/\/casinoutenblokkering.com\/norske-spillselskaper\/norge#breadcrumb"},"inLanguage":"en-GB","potentialAction":[{"@type":"ReadAction","target":["http:\/\/casinoutenblokkering.com\/norske-spillselskaper\/norge"]}]},{"@type":"BreadcrumbList","@id":"http:\/\/casinoutenblokkering.com\/norske-spillselskaper\/norge#breadcrumb","itemListElement":[{"@type":"ListItem","position":1,"name":"Home","item":"http:\/\/casinoutenblokkering.com\/"},{"@type":"ListItem","position":2,"name":"Norske spillselskaper","item":"http:\/\/casinoutenblokkering.com\/norske-spillselskaper"},{"@type":"ListItem","position":3,"name":"Lovlige spillselskaper i Norge"}]},{"@type":"WebSite","@id":"https:\/\/casinoutenblokkering.com\/#website","url":"https:\/\/casinoutenblokkering.com\/","name":"Casino Uten Blokkering","description":"Alt du trenger for en smartere spillstrategi i Norge!","publisher":{"@id":"https:\/\/casinoutenblokkering.com\/#organization"},"potentialAction":[{"@type":"SearchAction","target":{"@type":"EntryPoint","urlTemplate":"https:\/\/casinoutenblokkering.com\/?s={search_term_string}"},"query-input":"required name=search_term_string"}],"inLanguage":"en-GB"},{"@type":"Organization","@id":"https:\/\/casinoutenblokkering.com\/#organization","name":"Casino Uten Blokkering","url":"https:\/\/casinoutenblokkering.com\/","logo":{"@type":"ImageObject","inLanguage":"en-GB","@id":"https:\/\/casinoutenblokkering.com\/#\/schema\/logo\/image\/","url":"https:\/\/casinoutenblokkering.com\/wp-content\/uploads\/2024\/07\/cropped-casinoutenblokkering-logo.webp","contentUrl":"https:\/\/casinoutenblokkering.com\/wp-content\/uploads\/2024\/07\/cropped-casinoutenblokkering-logo.webp","width":300,"height":263,"caption":"Casino Uten Blokkering"},"image":{"@id":"https:\/\/casinoutenblokkering.com\/#\/schema\/logo\/image\/"}}]}},"_links":{"self":[{"href":"https:\/\/casinoutenblokkering.com\/index.php?rest_route=\/wp\/v2\/pages\/680","targetHints":{"allow":["GET"]}}],"collection":[{"href":"https:\/\/casinoutenblokkering.com\/index.php?rest_route=\/wp\/v2\/pages"}],"about":[{"href":"https:\/\/casinoutenblokkering.com\/index.php?rest_route=\/wp\/v2\/types\/page"}],"author":[{"embeddable":true,"href":"https:\/\/casinoutenblokkering.com\/index.php?rest_route=\/wp\/v2\/users\/3"}],"replies":[{"embeddable":true,"href":"https:\/\/casinoutenblokkering.com\/index.php?rest_route=%2Fwp%2Fv2%2Fcomments&post=680"}],"version-history":[{"count":6,"href":"https:\/\/casinoutenblokkering.com\/index.php?rest_route=\/wp\/v2\/pages\/680\/revisions"}],"predecessor-version":[{"id":920,"href":"https:\/\/casinoutenblokkering.com\/index.php?rest_route=\/wp\/v2\/pages\/680\/revisions\/920"}],"up":[{"embeddable":true,"href":"https:\/\/casinoutenblokkering.com\/index.php?rest_route=\/wp\/v2\/pages\/495"}],"wp:attachment":[{"href":"https:\/\/casinoutenblokkering.com\/index.php?rest_route=%2Fwp%2Fv2%2Fmedia&parent=680"}],"curies":[{"name":"wp","href":"https:\/\/api.w.org\/{rel}","templated":true}]}}